{"id":21617,"date":"2025-02-10T14:36:11","date_gmt":"2025-02-10T14:36:11","guid":{"rendered":"https:\/\/fineamin.com\/per-i-sistemi-di-raffreddamento\/fineamina-95t\/"},"modified":"2025-04-08T14:29:37","modified_gmt":"2025-04-08T14:29:37","slug":"fineamina-95t","status":"publish","type":"page","link":"https:\/\/fineamin.com\/it\/per-i-sistemi-di-raffreddamento\/fineamina-95t\/","title":{"rendered":"FINEAMINA 95T"},"content":{"rendered":"\t\t<div data-elementor-type=\"wp-page\" data-elementor-id=\"21617\" class=\"elementor elementor-21617 elementor-19674\" data-elementor-post-type=\"page\">\n\t\t\t\t<div class=\"elementor-element elementor-element-1ef29a5 e-con-full e-flex e-con e-parent\" data-id=\"1ef29a5\" data-element_type=\"container\" data-e-type=\"container\" data-settings=\"{&quot;background_background&quot;:&quot;classic&quot;}\">\n\t\t\t\t<div class=\"elementor-element elementor-element-94e7ea5 elementor-widget elementor-widget-heading\" data-id=\"94e7ea5\" data-element_type=\"widget\" data-e-type=\"widget\" data-widget_type=\"heading.default\">\n\t\t\t\t<div class=\"elementor-widget-container\">\n\t\t\t\t\t<p class=\"elementor-heading-title elementor-size-default\">INIBITORI DI CORROSIONE PER SISTEMI DI RAFFREDDAMENTO INDUSTRIALI<\/p>\t\t\t\t<\/div>\n\t\t\t\t<\/div>\n\t\t\t\t<div class=\"elementor-element elementor-element-9297245 elementor-widget elementor-widget-heading\" data-id=\"9297245\" data-element_type=\"widget\" data-e-type=\"widget\" data-widget_type=\"heading.default\">\n\t\t\t\t<div class=\"elementor-widget-container\">\n\t\t\t\t\t<h1 class=\"elementor-heading-title elementor-size-default\">FINEAMINA 95T<\/h1>\t\t\t\t<\/div>\n\t\t\t\t<\/div>\n\t\t\t\t<div class=\"elementor-element elementor-element-5ff9210 elementor-widget-divider--view-line elementor-widget elementor-widget-divider\" data-id=\"5ff9210\" data-element_type=\"widget\" data-e-type=\"widget\" data-widget_type=\"divider.default\">\n\t\t\t\t<div class=\"elementor-widget-container\">\n\t\t\t\t\t\t\t<div class=\"elementor-divider\">\n\t\t\t<span class=\"elementor-divider-separator\">\n\t\t\t\t\t\t<\/span>\n\t\t<\/div>\n\t\t\t\t\t\t<\/div>\n\t\t\t\t<\/div>\n\t\t\t\t<div class=\"elementor-element elementor-element-16dc2ad elementor-widget elementor-widget-heading\" data-id=\"16dc2ad\" data-element_type=\"widget\" data-e-type=\"widget\" data-widget_type=\"heading.default\">\n\t\t\t\t<div class=\"elementor-widget-container\">\n\t\t\t\t\t<p class=\"elementor-heading-title elementor-size-default\">Inibitori della corrosione e delle incrostazioni dell'acqua di raffreddamento utilizzati come prodotti \"tutto in uno\" per il trattamento dell'acqua, miscele di fosfonati e polimeri.<\/p>\t\t\t\t<\/div>\n\t\t\t\t<\/div>\n\t\t\t\t<\/div>\n\t\t<div class=\"elementor-element elementor-element-7817866 e-flex e-con-boxed e-con e-parent\" data-id=\"7817866\" data-element_type=\"container\" data-e-type=\"container\" data-settings=\"{&quot;background_background&quot;:&quot;classic&quot;}\">\n\t\t\t\t\t<div class=\"e-con-inner\">\n\t\t<div class=\"elementor-element elementor-element-89c20d1 e-con-full e-flex e-con e-child\" data-id=\"89c20d1\" data-element_type=\"container\" data-e-type=\"container\">\n\t\t<div class=\"elementor-element elementor-element-cd221a6 e-con-full e-flex e-con e-child\" data-id=\"cd221a6\" data-element_type=\"container\" data-e-type=\"container\">\n\t\t\t\t<div class=\"elementor-element elementor-element-2a84f7a subtitle elementor-widget elementor-widget-text-editor\" data-id=\"2a84f7a\" data-element_type=\"widget\" data-e-type=\"widget\" data-widget_type=\"text-editor.default\">\n\t\t\t\t<div class=\"elementor-widget-container\">\n\t\t\t\t\t\t\t\t\t<p>Descrizione del prodotto<\/p>\t\t\t\t\t\t\t\t<\/div>\n\t\t\t\t<\/div>\n\t\t\t\t<div class=\"elementor-element elementor-element-d81f533 elementor-widget elementor-widget-text-editor\" data-id=\"d81f533\" data-element_type=\"widget\" data-e-type=\"widget\" data-widget_type=\"text-editor.default\">\n\t\t\t\t<div class=\"elementor-widget-container\">\n\t\t\t\t\t\t\t\t\t<div class=\"wpb_text_column wpb_content_element\"><div class=\"wpb_wrapper\"><div class=\"wpb_text_column wpb_content_element\"><div class=\"wpb_wrapper\"><p><strong>FINEAMIN 95T<\/strong> \u00e8 un inibitore della corrosione e delle incrostazioni altamente efficiente per sistemi a ricircolo aperto. Viene utilizzato come miscela, un prodotto completo contenente polimeri, acido policarbossilico e acido fosfonico. <\/p><p>Il prodotto viene utilizzato nei sistemi di ricircolo dell&#8217;acqua di raffinerie e grandi impianti. Grazie alla sua speciale formula, la miscela controlla la corrosione delle superfici metalliche, ma pulisce e mantiene pulite le superfici, previene i tempi di fermo non programmati e riduce i costi di manutenzione. Per maggiori informazioni sui nostri <strong><a href=\"https:\/\/fineamin.com\/it\/per-i-sistemi-di-raffreddamento\/\">prodotti per il trattamento delle acque di raffreddamento<\/a><\/strong>leggere:  <\/p><\/div><\/div><\/div><\/div>\t\t\t\t\t\t\t\t<\/div>\n\t\t\t\t<\/div>\n\t\t\t\t<div class=\"elementor-element elementor-element-f1d882a elementor-align-center elementor-widget elementor-widget-button\" data-id=\"f1d882a\" data-element_type=\"widget\" data-e-type=\"widget\" data-widget_type=\"button.default\">\n\t\t\t\t<div class=\"elementor-widget-container\">\n\t\t\t\t\t\t\t\t\t<div class=\"elementor-button-wrapper\">\n\t\t\t\t\t<a class=\"elementor-button elementor-button-link elementor-size-sm\" href=\"https:\/\/fineamin.com\/filming-amines-applications-industrial-water\/cooling-towers-water-treatment\/\">\n\t\t\t\t\t\t<span class=\"elementor-button-content-wrapper\">\n\t\t\t\t\t\t\t\t\t<span class=\"elementor-button-text\">PRODOTTI CHIMICI PER L'AMMENDA PER I SISTEMI DI RAFFREDDAMENTO DELL'ACQUA<\/span>\n\t\t\t\t\t<\/span>\n\t\t\t\t\t<\/a>\n\t\t\t\t<\/div>\n\t\t\t\t\t\t\t\t<\/div>\n\t\t\t\t<\/div>\n\t\t\t\t<div class=\"elementor-element elementor-element-223d688 elementor-widget elementor-widget-text-editor\" data-id=\"223d688\" data-element_type=\"widget\" data-e-type=\"widget\" data-widget_type=\"text-editor.default\">\n\t\t\t\t<div class=\"elementor-widget-container\">\n\t\t\t\t\t\t\t\t\t<div class=\"wpb_text_column wpb_content_element\"><div class=\"wpb_wrapper\"><div class=\"wpb_text_column wpb_content_element\"><div class=\"wpb_wrapper\"><p>Anche le sostanze nocive trasportate dall&#8217;aria e i depositi causati dall&#8217;acqua vengono dispersi con questo unico trattamento. Grazie all&#8217;elevata stabilit\u00e0 dei fosfati contenuti nella miscela, il tasso di degradazione ossidativa \u00e8 basso. <strong>FINEAMIN 95T<\/strong> non contiene ioni chimici di metalli pesanti. Pu\u00f2 essere utilizzato nelle acque di raffreddamento industriali con problemi minimi di smaltimento delle acque.  <\/p><\/div><\/div><\/div><\/div>\t\t\t\t\t\t\t\t<\/div>\n\t\t\t\t<\/div>\n\t\t\t\t<div class=\"elementor-element elementor-element-15a8ee3 subtitle elementor-widget elementor-widget-text-editor\" data-id=\"15a8ee3\" data-element_type=\"widget\" data-e-type=\"widget\" data-widget_type=\"text-editor.default\">\n\t\t\t\t<div class=\"elementor-widget-container\">\n\t\t\t\t\t\t\t\t\t<p>Applicazione e dosaggio<\/p>\t\t\t\t\t\t\t\t<\/div>\n\t\t\t\t<\/div>\n\t\t\t\t<div class=\"elementor-element elementor-element-f696b79 elementor-widget elementor-widget-text-editor\" data-id=\"f696b79\" data-element_type=\"widget\" data-e-type=\"widget\" data-widget_type=\"text-editor.default\">\n\t\t\t\t<div class=\"elementor-widget-container\">\n\t\t\t\t\t\t\t\t\t<p><strong>FINEAMIN 95T<\/strong> \u00e8 una miscela chimica per l&#8217;acqua di raffreddamento aggiunta in modo continuo all&#8217;acqua di ricircolo, direttamente nella torre di raffreddamento. <a title=\"Trattamento dell'acqua delle torri di raffreddamento\" href=\"https:\/\/fineamin.com\/filming-amines-applications-industrial-water\/cooling-towers-water-treatment\/\"><strong>torre di raffreddamento<\/strong><\/a>.<br>Il dosaggio di mantenimento dell&#8217;additivo per l&#8217;acqua di raffreddamento viene stabilito dal nostro team tecnico in base ai parametri del sistema. L&#8217;effetto contro la corrosione pu\u00f2 essere ottenuto in modo pi\u00f9 efficiente pretrattando il sistema di raffreddamento con una quantit\u00e0 tre volte superiore al normale dosaggio di manutenzione per un periodo di sette-dieci giorni. <\/p>\t\t\t\t\t\t\t\t<\/div>\n\t\t\t\t<\/div>\n\t\t\t\t<div class=\"elementor-element elementor-element-489b697 subtitle elementor-widget elementor-widget-text-editor\" data-id=\"489b697\" data-element_type=\"widget\" data-e-type=\"widget\" data-widget_type=\"text-editor.default\">\n\t\t\t\t<div class=\"elementor-widget-container\">\n\t\t\t\t\t\t\t\t\t<p>Imballaggio<\/p>\t\t\t\t\t\t\t\t<\/div>\n\t\t\t\t<\/div>\n\t\t\t\t<div class=\"elementor-element elementor-element-4e75751 elementor-widget elementor-widget-text-editor\" data-id=\"4e75751\" data-element_type=\"widget\" data-e-type=\"widget\" data-widget_type=\"text-editor.default\">\n\t\t\t\t<div class=\"elementor-widget-container\">\n\t\t\t\t\t\t\t\t\t<p><strong>FINEAMIN 95T<\/strong> \u00e8 disponibile in fusti sigillati da 30 kg, 60 kg o 210 kg. Per ordini di quantit\u00e0 elevate dei nostri prodotti chimici per il trattamento delle acque, i prodotti sono distribuiti in contenitori IBC da 1100 kg netti. Durata dell&#8217;involucro di <strong>FINEAMIN 95T<\/strong>: 5 anni.  <\/p>\t\t\t\t\t\t\t\t<\/div>\n\t\t\t\t<\/div>\n\t\t\t\t<\/div>\n\t\t<div class=\"elementor-element elementor-element-691556f e-con-full e-flex e-con e-child\" data-id=\"691556f\" data-element_type=\"container\" data-e-type=\"container\">\n\t\t\t\t<div class=\"elementor-element elementor-element-d201481 elementor-widget elementor-widget-image\" data-id=\"d201481\" data-element_type=\"widget\" data-e-type=\"widget\" data-widget_type=\"image.default\">\n\t\t\t\t<div class=\"elementor-widget-container\">\n\t\t\t\t\t\t\t\t\t\t\t\t\t\t\t<img fetchpriority=\"high\" decoding=\"async\" width=\"1024\" height=\"495\" src=\"https:\/\/fineamin.com\/wp-content\/uploads\/2025\/02\/240212_Fineamin-95T-1024x495.jpg\" class=\"attachment-large size-large wp-image-19679\" alt=\"Fineamin 95T\" srcset=\"https:\/\/fineamin.com\/wp-content\/uploads\/2025\/02\/240212_Fineamin-95T-1024x495.jpg 1024w, https:\/\/fineamin.com\/wp-content\/uploads\/2025\/02\/240212_Fineamin-95T-300x145.jpg 300w, https:\/\/fineamin.com\/wp-content\/uploads\/2025\/02\/240212_Fineamin-95T-768x371.jpg 768w, https:\/\/fineamin.com\/wp-content\/uploads\/2025\/02\/240212_Fineamin-95T-1536x742.jpg 1536w, https:\/\/fineamin.com\/wp-content\/uploads\/2025\/02\/240212_Fineamin-95T.jpg 1887w\" sizes=\"(max-width: 1024px) 100vw, 1024px\" \/>\t\t\t\t\t\t\t\t\t\t\t\t\t\t\t<\/div>\n\t\t\t\t<\/div>\n\t\t\t\t<div class=\"elementor-element elementor-element-46b4c9a subtitle elementor-widget elementor-widget-text-editor\" data-id=\"46b4c9a\" data-element_type=\"widget\" data-e-type=\"widget\" data-widget_type=\"text-editor.default\">\n\t\t\t\t<div class=\"elementor-widget-container\">\n\t\t\t\t\t\t\t\t\t<p>Propriet\u00e0 chimiche<\/p>\t\t\t\t\t\t\t\t<\/div>\n\t\t\t\t<\/div>\n\t\t<div class=\"elementor-element elementor-element-47434a5 e-con-full e-flex e-con e-child\" data-id=\"47434a5\" data-element_type=\"container\" data-e-type=\"container\" data-settings=\"{&quot;background_background&quot;:&quot;classic&quot;}\">\n\t\t<div class=\"elementor-element elementor-element-60fcdba e-con-full e-flex e-con e-child\" data-id=\"60fcdba\" data-element_type=\"container\" data-e-type=\"container\">\n\t\t<div class=\"elementor-element elementor-element-57ed72e e-con-full e-flex e-con e-child\" data-id=\"57ed72e\" data-element_type=\"container\" data-e-type=\"container\">\n\t\t\t\t<div class=\"elementor-element elementor-element-9c11e09 elementor-widget elementor-widget-price-list\" data-id=\"9c11e09\" data-element_type=\"widget\" data-e-type=\"widget\" data-widget_type=\"price-list.default\">\n\t\t\t\t<div class=\"elementor-widget-container\">\n\t\t\t\t\t\n\t\t<ul class=\"elementor-price-list\">\n\n\t\t\t\t\t\t\t\t\t<li class=\"elementor-price-list-item\">\t\t\t\t\n\t\t\t\t<div class=\"elementor-price-list-text\">\n\t\t\t\t\t\t\t\t\t<div class=\"elementor-price-list-header\">\n\t\t\t\t\t\t\t\t\t\t\t<span class=\"elementor-price-list-title\">\n\t\t\t\t\t\t\tForma:\t\t\t\t\t\t<\/span>\n\t\t\t\t\t\t\t\t\t\t\t\t\t\t\t\t\t\t<span class=\"elementor-price-list-separator\"><\/span>\n\t\t\t\t\t\t\t\t\t\t\t\t\t\t\t\t\t\t\t<span class=\"elementor-price-list-price\">Liquido molto stabile<\/span>\n\t\t\t\t\t\t\t\t\t\t<\/div>\n\t\t\t\t\t\t\t\t\t\t\t\t<\/div>\n\t\t\t\t<\/li>\t\t\t\t\t\t\t\t\t\t\t\t<li class=\"elementor-price-list-item\">\t\t\t\t\n\t\t\t\t<div class=\"elementor-price-list-text\">\n\t\t\t\t\t\t\t\t\t<div class=\"elementor-price-list-header\">\n\t\t\t\t\t\t\t\t\t\t\t<span class=\"elementor-price-list-title\">\n\t\t\t\t\t\t\tColore:\t\t\t\t\t\t<\/span>\n\t\t\t\t\t\t\t\t\t\t\t\t\t\t\t\t\t\t<span class=\"elementor-price-list-separator\"><\/span>\n\t\t\t\t\t\t\t\t\t\t\t\t\t\t\t\t\t\t\t<span class=\"elementor-price-list-price\">Incolore<\/span>\n\t\t\t\t\t\t\t\t\t\t<\/div>\n\t\t\t\t\t\t\t\t\t\t\t\t<\/div>\n\t\t\t\t<\/li>\t\t\t\t\t\t\t\t\t\t\t\t<li class=\"elementor-price-list-item\">\t\t\t\t\n\t\t\t\t<div class=\"elementor-price-list-text\">\n\t\t\t\t\t\t\t\t\t<div class=\"elementor-price-list-header\">\n\t\t\t\t\t\t\t\t\t\t\t<span class=\"elementor-price-list-title\">\n\t\t\t\t\t\t\tOdore:  \t\t\t\t\t\t<\/span>\n\t\t\t\t\t\t\t\t\t\t\t\t\t\t\t\t\t\t<span class=\"elementor-price-list-separator\"><\/span>\n\t\t\t\t\t\t\t\t\t\t\t\t\t\t\t\t\t\t\t<span class=\"elementor-price-list-price\">Caratteristica<\/span>\n\t\t\t\t\t\t\t\t\t\t<\/div>\n\t\t\t\t\t\t\t\t\t\t\t\t<\/div>\n\t\t\t\t<\/li>\t\t\t\t\t\n\t\t<\/ul>\n\n\t\t\t\t\t\t<\/div>\n\t\t\t\t<\/div>\n\t\t\t\t<\/div>\n\t\t<div class=\"elementor-element elementor-element-0e24549 e-con-full e-flex e-con e-child\" data-id=\"0e24549\" data-element_type=\"container\" data-e-type=\"container\">\n\t\t\t\t<div class=\"elementor-element elementor-element-65d48b0 elementor-widget elementor-widget-price-list\" data-id=\"65d48b0\" data-element_type=\"widget\" data-e-type=\"widget\" data-widget_type=\"price-list.default\">\n\t\t\t\t<div class=\"elementor-widget-container\">\n\t\t\t\t\t\n\t\t<ul class=\"elementor-price-list\">\n\n\t\t\t\t\t\t\t\t\t<li class=\"elementor-price-list-item\">\t\t\t\t\n\t\t\t\t<div class=\"elementor-price-list-text\">\n\t\t\t\t\t\t\t\t\t<div class=\"elementor-price-list-header\">\n\t\t\t\t\t\t\t\t\t\t\t<span class=\"elementor-price-list-title\">\n\t\t\t\t\t\t\tPunto di congelamento:\t\t\t\t\t\t<\/span>\n\t\t\t\t\t\t\t\t\t\t\t\t\t\t\t\t\t\t<span class=\"elementor-price-list-separator\"><\/span>\n\t\t\t\t\t\t\t\t\t\t\t\t\t\t\t\t\t\t\t<span class=\"elementor-price-list-price\">-5\u00b0C<\/span>\n\t\t\t\t\t\t\t\t\t\t<\/div>\n\t\t\t\t\t\t\t\t\t\t\t\t<\/div>\n\t\t\t\t<\/li>\t\t\t\t\t\t\t\t\t\t\t\t<li class=\"elementor-price-list-item\">\t\t\t\t\n\t\t\t\t<div class=\"elementor-price-list-text\">\n\t\t\t\t\t\t\t\t\t<div class=\"elementor-price-list-header\">\n\t\t\t\t\t\t\t\t\t\t\t<span class=\"elementor-price-list-title\">\n\t\t\t\t\t\t\tDensit\u00e0 (20\u00b0C):\t\t\t\t\t\t<\/span>\n\t\t\t\t\t\t\t\t\t\t\t\t\t\t\t\t\t\t<span class=\"elementor-price-list-separator\"><\/span>\n\t\t\t\t\t\t\t\t\t\t\t\t\t\t\t\t\t\t\t<span class=\"elementor-price-list-price\">1,10+\/-0,1g\/cm3<\/span>\n\t\t\t\t\t\t\t\t\t\t<\/div>\n\t\t\t\t\t\t\t\t\t\t\t\t<\/div>\n\t\t\t\t<\/li>\t\t\t\t\t\t\t\t\t\t\t\t<li class=\"elementor-price-list-item\">\t\t\t\t\n\t\t\t\t<div class=\"elementor-price-list-text\">\n\t\t\t\t\t\t\t\t\t<div class=\"elementor-price-list-header\">\n\t\t\t\t\t\t\t\t\t\t\t<span class=\"elementor-price-list-title\">\n\t\t\t\t\t\t\tpH del prodotto puro:\t\t\t\t\t\t<\/span>\n\t\t\t\t\t\t\t\t\t\t\t\t\t\t\t\t\t\t<span class=\"elementor-price-list-separator\"><\/span>\n\t\t\t\t\t\t\t\t\t\t\t\t\t\t\t\t\t\t\t<span class=\"elementor-price-list-price\">12.5<\/span>\n\t\t\t\t\t\t\t\t\t\t<\/div>\n\t\t\t\t\t\t\t\t\t\t\t\t<\/div>\n\t\t\t\t<\/li>\t\t\t\t\t\n\t\t<\/ul>\n\n\t\t\t\t\t\t<\/div>\n\t\t\t\t<\/div>\n\t\t\t\t<\/div>\n\t\t\t\t<\/div>\n\t\t<div class=\"elementor-element elementor-element-9892978 e-con-full e-flex e-con e-child\" data-id=\"9892978\" data-element_type=\"container\" data-e-type=\"container\">\n\t\t\t\t<div class=\"elementor-element elementor-element-891b741 elementor-widget elementor-widget-text-editor\" data-id=\"891b741\" data-element_type=\"widget\" data-e-type=\"widget\" data-widget_type=\"text-editor.default\">\n\t\t\t\t<div class=\"elementor-widget-container\">\n\t\t\t\t\t\t\t\t\t<p>Per ulteriori informazioni, scaricare la <strong>scheda di sicurezza di FINEAMIN 95T &gt;&gt;&gt; .<\/strong><\/p>\t\t\t\t\t\t\t\t<\/div>\n\t\t\t\t<\/div>\n\t\t\t\t<\/div>\n\t\t\t\t<\/div>\n\t\t\t\t<\/div>\n\t\t\t\t<\/div>\n\t\t\t\t\t<\/div>\n\t\t\t\t<\/div>\n\t\t\t\t<\/div>\n\t\t","protected":false},"excerpt":{"rendered":"<p>INIBITORI DI CORROSIONE PER SISTEMI DI RAFFREDDAMENTO INDUSTRIALI FINEAMINA 95T Inibitori della corrosione e delle incrostazioni dell&#8217;acqua di raffreddamento utilizzati [&hellip;]<\/p>\n","protected":false},"author":1,"featured_media":0,"parent":21557,"menu_order":0,"comment_status":"closed","ping_status":"closed","template":"","meta":{"_seopress_robots_primary_cat":"","_seopress_titles_title":"FINEAMIN 95T | Disperdente per torri di raffreddamento, inibitore della corrosione","_seopress_titles_desc":"Fineamin 95T \u00e8 un disperdente di sedimenti e un inibitore di corrosione di produzione svizzera per torri di raffreddamento industriali. Prodotti chimici antivegetativi per il trattamento delle acque di raffreddamento. ","_seopress_robots_index":"","site-sidebar-layout":"no-sidebar","site-content-layout":"","ast-site-content-layout":"full-width-container","site-content-style":"default","site-sidebar-style":"default","ast-global-header-display":"","ast-banner-title-visibility":"","ast-main-header-display":"","ast-hfb-above-header-display":"","ast-hfb-below-header-display":"","ast-hfb-mobile-header-display":"","site-post-title":"disabled","ast-breadcrumbs-content":"","ast-featured-img":"disabled","footer-sml-layout":"","ast-disable-related-posts":"","theme-transparent-header-meta":"","adv-header-id-meta":"","stick-header-meta":"","header-above-stick-meta":"","header-main-stick-meta":"","header-below-stick-meta":"","astra-migrate-meta-layouts":"default","ast-page-background-enabled":"default","ast-page-background-meta":{"desktop":{"background-color":"var(--ast-global-color-4)","background-image":"","background-repeat":"repeat","background-position":"center center","background-size":"auto","background-attachment":"scroll","background-type":"","background-media":"","overlay-type":"","overlay-color":"","overlay-opacity":"","overlay-gradient":""},"tablet":{"background-color":"","background-image":"","background-repeat":"repeat","background-position":"center center","background-size":"auto","background-attachment":"scroll","background-type":"","background-media":"","overlay-type":"","overlay-color":"","overlay-opacity":"","overlay-gradient":""},"mobile":{"background-color":"","background-image":"","background-repeat":"repeat","background-position":"center center","background-size":"auto","background-attachment":"scroll","background-type":"","background-media":"","overlay-type":"","overlay-color":"","overlay-opacity":"","overlay-gradient":""}},"ast-content-background-meta":{"desktop":{"background-color":"var(--ast-global-color-5)","background-image":"","background-repeat":"repeat","background-position":"center center","background-size":"auto","background-attachment":"scroll","background-type":"","background-media":"","overlay-type":"","overlay-color":"","overlay-opacity":"","overlay-gradient":""},"tablet":{"background-color":"var(--ast-global-color-5)","background-image":"","background-repeat":"repeat","background-position":"center center","background-size":"auto","background-attachment":"scroll","background-type":"","background-media":"","overlay-type":"","overlay-color":"","overlay-opacity":"","overlay-gradient":""},"mobile":{"background-color":"var(--ast-global-color-5)","background-image":"","background-repeat":"repeat","background-position":"center center","background-size":"auto","background-attachment":"scroll","background-type":"","background-media":"","overlay-type":"","overlay-color":"","overlay-opacity":"","overlay-gradient":""}},"footnotes":""},"class_list":["post-21617","page","type-page","status-publish","hentry"],"_links":{"self":[{"href":"https:\/\/fineamin.com\/it\/wp-json\/wp\/v2\/pages\/21617","targetHints":{"allow":["GET"]}}],"collection":[{"href":"https:\/\/fineamin.com\/it\/wp-json\/wp\/v2\/pages"}],"about":[{"href":"https:\/\/fineamin.com\/it\/wp-json\/wp\/v2\/types\/page"}],"author":[{"embeddable":true,"href":"https:\/\/fineamin.com\/it\/wp-json\/wp\/v2\/users\/1"}],"replies":[{"embeddable":true,"href":"https:\/\/fineamin.com\/it\/wp-json\/wp\/v2\/comments?post=21617"}],"version-history":[{"count":1,"href":"https:\/\/fineamin.com\/it\/wp-json\/wp\/v2\/pages\/21617\/revisions"}],"predecessor-version":[{"id":21618,"href":"https:\/\/fineamin.com\/it\/wp-json\/wp\/v2\/pages\/21617\/revisions\/21618"}],"up":[{"embeddable":true,"href":"https:\/\/fineamin.com\/it\/wp-json\/wp\/v2\/pages\/21557"}],"wp:attachment":[{"href":"https:\/\/fineamin.com\/it\/wp-json\/wp\/v2\/media?parent=21617"}],"curies":[{"name":"wp","href":"https:\/\/api.w.org\/{rel}","templated":true}]}}