{"id":21578,"date":"2025-02-07T13:50:14","date_gmt":"2025-02-07T13:50:14","guid":{"rendered":"https:\/\/fineamin.com\/conservazione-della-caldaia-con-fineamin\/"},"modified":"2025-04-08T14:29:25","modified_gmt":"2025-04-08T14:29:25","slug":"conservazione-della-caldaia-con-fineamin","status":"publish","type":"page","link":"https:\/\/fineamin.com\/it\/conservazione-della-caldaia-con-fineamin\/","title":{"rendered":"Conservazione della caldaia con FINEAMIN"},"content":{"rendered":"\t\t<div data-elementor-type=\"wp-page\" data-elementor-id=\"21578\" class=\"elementor elementor-21578 elementor-19334\" data-elementor-post-type=\"page\">\n\t\t\t\t<div class=\"elementor-element elementor-element-1ef29a5 e-con-full e-flex e-con e-parent\" data-id=\"1ef29a5\" data-element_type=\"container\" data-e-type=\"container\" data-settings=\"{&quot;background_background&quot;:&quot;classic&quot;}\">\n\t\t\t\t<div class=\"elementor-element elementor-element-9297245 elementor-widget elementor-widget-heading\" data-id=\"9297245\" data-element_type=\"widget\" data-e-type=\"widget\" data-widget_type=\"heading.default\">\n\t\t\t\t<div class=\"elementor-widget-container\">\n\t\t\t\t\t<h1 class=\"elementor-heading-title elementor-size-default\">Conservazione della caldaia con FINEAMIN<\/h1>\t\t\t\t<\/div>\n\t\t\t\t<\/div>\n\t\t\t\t<\/div>\n\t\t<div class=\"elementor-element elementor-element-0527a9b e-con-full e-flex e-con e-parent\" data-id=\"0527a9b\" data-element_type=\"container\" data-e-type=\"container\" data-settings=\"{&quot;background_background&quot;:&quot;classic&quot;}\">\n\t\t<div class=\"elementor-element elementor-element-dbdc4e2 e-flex e-con-boxed e-con e-child\" data-id=\"dbdc4e2\" data-element_type=\"container\" data-e-type=\"container\">\n\t\t\t\t\t<div class=\"e-con-inner\">\n\t\t\t\t<div class=\"elementor-element elementor-element-da523e0 subtitle elementor-widget elementor-widget-text-editor\" data-id=\"da523e0\" data-element_type=\"widget\" data-e-type=\"widget\" data-widget_type=\"text-editor.default\">\n\t\t\t\t<div class=\"elementor-widget-container\">\n\t\t\t\t\t\t\t\t\t<p>CONSERVAZIONE DELLA CALDAIA A VAPORE DURANTE L&#8217;ARRESTO<\/p>\t\t\t\t\t\t\t\t<\/div>\n\t\t\t\t<\/div>\n\t\t\t\t<div class=\"elementor-element elementor-element-0585d80 elementor-widget elementor-widget-heading\" data-id=\"0585d80\" data-element_type=\"widget\" data-e-type=\"widget\" data-widget_type=\"heading.default\">\n\t\t\t\t<div class=\"elementor-widget-container\">\n\t\t\t\t\t<h2 class=\"elementor-heading-title elementor-size-default\">Stoccaggio a umido e a secco di FINEAMIN per caldaie a vapore<\/h2>\t\t\t\t<\/div>\n\t\t\t\t<\/div>\n\t\t<div class=\"elementor-element elementor-element-d254161 e-con-full e-flex e-con e-child\" data-id=\"d254161\" data-element_type=\"container\" data-e-type=\"container\">\n\t\t<div class=\"elementor-element elementor-element-2d9b63f e-con-full e-flex e-con e-child\" data-id=\"2d9b63f\" data-element_type=\"container\" data-e-type=\"container\">\n\t\t\t\t<div class=\"elementor-element elementor-element-4a81ff6 elementor-widget elementor-widget-text-editor\" data-id=\"4a81ff6\" data-element_type=\"widget\" data-e-type=\"widget\" data-widget_type=\"text-editor.default\">\n\t\t\t\t<div class=\"elementor-widget-container\">\n\t\t\t\t\t\t\t\t\t<div class=\"wpb_text_column wpb_content_element\"><div class=\"wpb_wrapper\"><p>La <strong>conservazione della caldaia (stoccaggio della caldaia) <\/strong>\u00e8 necessaria <strong>ogni volta che una caldaia non viene utilizzata<\/strong> (fuori servizio o in condizione di arresto), soprattutto per un periodo di tempo prolungato.<strong> Si tratta di un insieme di misure precauzionali che devono essere adottate per limitare la corrosione<\/strong> e proteggere le superfici metalliche interne dall&#8217;acqua e dai contaminanti residui.<\/p><p>Il <a title=\"Metodi di conservazione delle caldaie\" href=\"https:\/\/fineamin.com\/boiler-conservation\/\"><strong>metodo di conservazione della caldaia<\/strong><\/a> che viene scelto dipende dalla durata del periodo di fermo e dalle caratteristiche dell&#8217;impianto industriale trattato. Nella maggior parte dei casi, a causa delle condizioni operative, soprattutto nelle centrali elettriche, le caldaie devono essere mantenute in condizioni &#8220;pronte all&#8217;avvio&#8221;. Pertanto, la conservazione dell&#8217;umido \u00e8 la soluzione migliore. Quando invece l&#8217;unit\u00e0 \u00e8 fuori servizio per un periodo prolungato, \u00e8 necessaria la conservazione a secco. In entrambi i casi, <b>FINEAMIN<\/b><sup><i><b>\u00ae<\/b><\/i><\/sup>    <sup><i><b> <\/b><\/i><\/sup>L&#8217;efficacia \u00e8 indiscutibile grazie alla<strong> barriera<\/strong> di alta qualit\u00e0<strong> formata dalle poliammine<\/strong> tra le superfici metalliche e l&#8217;acqua che trasporta i contaminanti.<\/p><p><b>Conservazione di <\/b><a title=\"Trattamento dell'acqua delle caldaie a vapore\" href=\"https:\/\/fineamin.com\/polyamines-water-treatment-for-boilers\/\">caldaie a vapore con <b>FINEAMIN<\/b><\/a><sup><i><b>\u00ae<\/b><\/i><\/sup><sup><i><b> <\/b><\/i><\/sup><b>\u00e8 <\/b><b> consigliabile <\/b>quando il sistema \u00e8 gi\u00e0 stato trattato con FINEAMIN<sup><i>\u00ae <\/i><\/sup>per un periodo <strong>minimo di 3-6 mesi durante il funzionamento \/ prima dello spegnimento<\/strong>. Tuttavia, la <strong>caldaia pu\u00f2 essere preservata con Fineamin<\/strong> anche se l&#8217;acqua della caldaia non \u00e8 stata precedentemente trattata con l&#8217;approccio delle ammine filmanti, sulla base di un piano di trattamento dell&#8217;acqua personalizzato. <\/p><\/div><\/div>\t\t\t\t\t\t\t\t<\/div>\n\t\t\t\t<\/div>\n\t\t\t\t<\/div>\n\t\t<div class=\"elementor-element elementor-element-87a8e3c e-con-full e-flex e-con e-child\" data-id=\"87a8e3c\" data-element_type=\"container\" data-e-type=\"container\">\n\t\t\t\t<div class=\"elementor-element elementor-element-ff1b586 elementor-widget elementor-widget-image\" data-id=\"ff1b586\" data-element_type=\"widget\" data-e-type=\"widget\" data-widget_type=\"image.default\">\n\t\t\t\t<div class=\"elementor-widget-container\">\n\t\t\t\t\t\t\t\t\t\t\t\t\t\t\t<img fetchpriority=\"high\" decoding=\"async\" width=\"1000\" height=\"750\" src=\"https:\/\/fineamin.com\/wp-content\/uploads\/2025\/01\/boiler-conservation-with-filming-amines.png\" class=\"attachment-large size-large wp-image-18446\" alt=\"FINEAMIN wet &amp; dry storage for steam boilers\" srcset=\"https:\/\/fineamin.com\/wp-content\/uploads\/2025\/01\/boiler-conservation-with-filming-amines.png 1000w, https:\/\/fineamin.com\/wp-content\/uploads\/2025\/01\/boiler-conservation-with-filming-amines-300x225.png 300w, https:\/\/fineamin.com\/wp-content\/uploads\/2025\/01\/boiler-conservation-with-filming-amines-768x576.png 768w\" sizes=\"(max-width: 1000px) 100vw, 1000px\" \/>\t\t\t\t\t\t\t\t\t\t\t\t\t\t\t<\/div>\n\t\t\t\t<\/div>\n\t\t\t\t<\/div>\n\t\t\t\t<\/div>\n\t\t\t\t\t<\/div>\n\t\t\t\t<\/div>\n\t\t\t\t<\/div>\n\t\t<div class=\"elementor-element elementor-element-8551929 e-flex e-con-boxed e-con e-parent\" data-id=\"8551929\" data-element_type=\"container\" data-e-type=\"container\">\n\t\t\t\t\t<div class=\"e-con-inner\">\n\t\t\t\t<div class=\"elementor-element elementor-element-1421bab elementor-widget elementor-widget-heading\" data-id=\"1421bab\" data-element_type=\"widget\" data-e-type=\"widget\" data-widget_type=\"heading.default\">\n\t\t\t\t<div class=\"elementor-widget-container\">\n\t\t\t\t\t<h2 class=\"elementor-heading-title elementor-size-default\">Vantaggi dello stoccaggio della caldaia con Fineamin<\/h2>\t\t\t\t<\/div>\n\t\t\t\t<\/div>\n\t\t<div class=\"elementor-element elementor-element-9e35043 e-con-full e-flex e-con e-child\" data-id=\"9e35043\" data-element_type=\"container\" data-e-type=\"container\">\n\t\t<div class=\"elementor-element elementor-element-f8def7e e-con-full e-flex e-con e-child\" data-id=\"f8def7e\" data-element_type=\"container\" data-e-type=\"container\">\n\t\t<div class=\"elementor-element elementor-element-3f7ff2b e-con-full e-flex e-con e-child\" data-id=\"3f7ff2b\" data-element_type=\"container\" data-e-type=\"container\">\n\t\t\t\t<div class=\"elementor-element elementor-element-b36272e elementor-widget elementor-widget-text-editor\" data-id=\"b36272e\" data-element_type=\"widget\" data-e-type=\"widget\" data-widget_type=\"text-editor.default\">\n\t\t\t\t<div class=\"elementor-widget-container\">\n\t\t\t\t\t\t\t\t\t<ul><li><strong>Procedura di conservazione facile da applicare<\/strong>. Non sono necessarie misure speciali per il riavvio dell&#8217;operazione. <\/li><\/ul>\t\t\t\t\t\t\t\t<\/div>\n\t\t\t\t<\/div>\n\t\t\t\t<div class=\"elementor-element elementor-element-ab7c304 elementor-widget elementor-widget-text-editor\" data-id=\"ab7c304\" data-element_type=\"widget\" data-e-type=\"widget\" data-widget_type=\"text-editor.default\">\n\t\t\t\t<div class=\"elementor-widget-container\">\n\t\t\t\t\t\t\t\t\t<ul><li><strong>Migliore protezione dalla corrosione durante i frequenti avviamenti e arresti.  <\/strong>L&#8217;elevata qualit\u00e0 del vapore durante l&#8217;avviamento si ottiene molto pi\u00f9 rapidamente e con notevoli vantaggi economici.<\/li><\/ul>\t\t\t\t\t\t\t\t<\/div>\n\t\t\t\t<\/div>\n\t\t\t\t<\/div>\n\t\t<div class=\"elementor-element elementor-element-26b88a7 e-con-full e-flex e-con e-child\" data-id=\"26b88a7\" data-element_type=\"container\" data-e-type=\"container\">\n\t\t\t\t<div class=\"elementor-element elementor-element-2929694 elementor-widget elementor-widget-text-editor\" data-id=\"2929694\" data-element_type=\"widget\" data-e-type=\"widget\" data-widget_type=\"text-editor.default\">\n\t\t\t\t<div class=\"elementor-widget-container\">\n\t\t\t\t\t\t\t\t\t<ul><li><strong>Nessuna misura particolare per le interruzioni di 3-6 giorni.<\/strong>  Nessun dosaggio aggiuntivo, con caldaie mantenute in pressione.<\/li><\/ul>\t\t\t\t\t\t\t\t<\/div>\n\t\t\t\t<\/div>\n\t\t\t\t<div class=\"elementor-element elementor-element-92f1e53 elementor-widget elementor-widget-text-editor\" data-id=\"92f1e53\" data-element_type=\"widget\" data-e-type=\"widget\" data-widget_type=\"text-editor.default\">\n\t\t\t\t<div class=\"elementor-widget-container\">\n\t\t\t\t\t\t\t\t\t<ul><li><strong>Protezione stabile e duratura<\/strong> gi\u00e0 formata nel sistema, durante i mesi di trattamento precedenti &#8211; il film protettivo monomolecolare.<\/li><\/ul>\t\t\t\t\t\t\t\t<\/div>\n\t\t\t\t<\/div>\n\t\t\t\t<\/div>\n\t\t<div class=\"elementor-element elementor-element-62d757b e-con-full e-flex e-con e-child\" data-id=\"62d757b\" data-element_type=\"container\" data-e-type=\"container\">\n\t\t\t\t<div class=\"elementor-element elementor-element-49ec877 elementor-widget elementor-widget-text-editor\" data-id=\"49ec877\" data-element_type=\"widget\" data-e-type=\"widget\" data-widget_type=\"text-editor.default\">\n\t\t\t\t<div class=\"elementor-widget-container\">\n\t\t\t\t\t\t\t\t\t<ul><li><strong>Solo<a title=\"Scavatore di ossigeno organico\" href=\"https:\/\/fineamin.com\/it\/fineamin-88-scav-25\/\">scavenger di ossigeno organico<\/a><\/strong>. Nessun prodotto di decomposizione pericoloso durante la conservazione. <\/li><\/ul>\t\t\t\t\t\t\t\t<\/div>\n\t\t\t\t<\/div>\n\t\t\t\t<div class=\"elementor-element elementor-element-c5ec4dd elementor-widget elementor-widget-text-editor\" data-id=\"c5ec4dd\" data-element_type=\"widget\" data-e-type=\"widget\" data-widget_type=\"text-editor.default\">\n\t\t\t\t<div class=\"elementor-widget-container\">\n\t\t\t\t\t\t\t\t\t<ul><li><b>Procedura di conservazione facile da adattare.  <\/b>Fineamin \u00e8 una soluzione affidabile e flessibile per arresti a breve e lungo termine, oltre che adattabile ai parametri di ogni sistema per la massima protezione.<\/li><\/ul>\t\t\t\t\t\t\t\t<\/div>\n\t\t\t\t<\/div>\n\t\t\t\t<\/div>\n\t\t\t\t<\/div>\n\t\t\t\t<\/div>\n\t\t\t\t\t<\/div>\n\t\t\t\t<\/div>\n\t\t<div class=\"elementor-element elementor-element-44ba409a e-flex e-con-boxed e-con e-parent\" data-id=\"44ba409a\" data-element_type=\"container\" data-e-type=\"container\">\n\t\t\t\t\t<div class=\"e-con-inner\">\n\t\t\t\t<div class=\"elementor-element elementor-element-d60617e elementor-widget elementor-widget-heading\" data-id=\"d60617e\" data-element_type=\"widget\" data-e-type=\"widget\" data-widget_type=\"heading.default\">\n\t\t\t\t<div class=\"elementor-widget-container\">\n\t\t\t\t\t<h2 class=\"elementor-heading-title elementor-size-default\">Procedura di conservazione delle caldaie con l'utilizzo di ammine filmanti<\/h2>\t\t\t\t<\/div>\n\t\t\t\t<\/div>\n\t\t\t\t<div class=\"elementor-element elementor-element-64ea658d elementor-widget-divider--view-line_icon elementor-view-default elementor-widget-divider--element-align-center elementor-widget elementor-widget-divider\" data-id=\"64ea658d\" data-element_type=\"widget\" data-e-type=\"widget\" data-widget_type=\"divider.default\">\n\t\t\t\t<div class=\"elementor-widget-container\">\n\t\t\t\t\t\t\t<div class=\"elementor-divider\">\n\t\t\t<span class=\"elementor-divider-separator\">\n\t\t\t\t\t\t\t<div class=\"elementor-icon elementor-divider__element\">\n\t\t\t\t\t<svg aria-hidden=\"true\" class=\"e-font-icon-svg e-fas-download\" viewBox=\"0 0 512 512\" xmlns=\"http:\/\/www.w3.org\/2000\/svg\"><path d=\"M216 0h80c13.3 0 24 10.7 24 24v168h87.7c17.8 0 26.7 21.5 14.1 34.1L269.7 378.3c-7.5 7.5-19.8 7.5-27.3 0L90.1 226.1c-12.6-12.6-3.7-34.1 14.1-34.1H192V24c0-13.3 10.7-24 24-24zm296 376v112c0 13.3-10.7 24-24 24H24c-13.3 0-24-10.7-24-24V376c0-13.3 10.7-24 24-24h146.7l49 49c20.1 20.1 52.5 20.1 72.6 0l49-49H488c13.3 0 24 10.7 24 24zm-124 88c0-11-9-20-20-20s-20 9-20 20 9 20 20 20 20-9 20-20zm64 0c0-11-9-20-20-20s-20 9-20 20 9 20 20 20 20-9 20-20z\"><\/path><\/svg><\/div>\n\t\t\t\t\t\t<\/span>\n\t\t<\/div>\n\t\t\t\t\t\t<\/div>\n\t\t\t\t<\/div>\n\t\t\t\t<div class=\"elementor-element elementor-element-6549d315 elementor-widget elementor-widget-text-editor\" data-id=\"6549d315\" data-element_type=\"widget\" data-e-type=\"widget\" data-widget_type=\"text-editor.default\">\n\t\t\t\t<div class=\"elementor-widget-container\">\n\t\t\t\t\t\t\t\t\t<p style=\"text-align: center;\">Scarica le istruzioni complete per la conservazione della caldaia<\/p>\t\t\t\t\t\t\t\t<\/div>\n\t\t\t\t<\/div>\n\t\t\t\t<div class=\"elementor-element elementor-element-1f8260a7 elementor-widget elementor-widget-text-editor\" data-id=\"1f8260a7\" data-element_type=\"widget\" data-e-type=\"widget\" data-widget_type=\"text-editor.default\">\n\t\t\t\t<div class=\"elementor-widget-container\">\n\t\t\t\t\t\t\t\t\t<div class=\"wpb_text_column wpb_content_element\"><div class=\"wpb_wrapper\"><p>Per istruzioni e dosaggi precisi sulla <strong>conservazione delle caldaie con poliammine filmogene<\/strong>, scaricare il seguente pdf: <a href=\"https:\/\/fineamin.com\/wp-content\/uploads\/2025\/01\/General-Boiler-Preservation-procedure-with-filming-polyamines.pdf\"><strong>procedura di conservazione delle caldaie a vapore<\/strong><\/a>. Le istruzioni per la conservazione sono valide solo per gli impianti trattati con <b>FINEAMIN<\/b><sup><i><b>\u00ae<\/b><\/i><\/sup> <sup><i><b> <\/b><\/i><\/sup>per un periodo da 3 a 6 mesi prima della messa fuori servizio. In tutti i casi di conservazione di caldaie in condizioni di umidit\u00e0, si raccomanda vivamente di far ricircolare l&#8217;acqua della caldaia con la pompa che assicura un flusso minimo in tutte le parti della caldaia (in particolare in tutti i tubi). La pompa di circolazione deve essere in funzione per 2 &#8211; 3 ore al giorno.  <\/p><p>Prima di applicare i nostri prodotti per la conservazione delle caldaie, <a href=\"https:\/\/fineamin.com\/film-forming-polyamines-technical-support\/\">contattateci<\/a> per stabilire <strong>un programma di conservazione personalizzato<\/strong>. Esempio di procedura adattata al cliente: <a href=\"https:\/\/fineamin.com\/wp-content\/uploads\/2025\/01\/Carbohydrazide-to-Fineamin-Custom-boiler-conservation-procedure.pdf\"><strong>da Carboidrazide a <sup><i><b>FINEAMIN\u00ae<\/b><\/i><\/sup><sup><i><b> <\/b><\/i><\/sup><\/strong><\/a>. <\/p><\/div><\/div>\t\t\t\t\t\t\t\t<\/div>\n\t\t\t\t<\/div>\n\t\t\t\t\t<\/div>\n\t\t\t\t<\/div>\n\t\t\t\t<\/div>\n\t\t","protected":false},"excerpt":{"rendered":"<p>Conservazione della caldaia con FINEAMIN CONSERVAZIONE DELLA CALDAIA A VAPORE DURANTE L&#8217;ARRESTO Stoccaggio a umido e a secco di FINEAMIN [&hellip;]<\/p>\n","protected":false},"author":1,"featured_media":0,"parent":0,"menu_order":0,"comment_status":"closed","ping_status":"closed","template":"","meta":{"_seopress_robots_primary_cat":"","_seopress_titles_title":"Conservazione delle caldaie con FINEAMIN | Fineamin SWISS Chemicals","_seopress_titles_desc":"Procedura di conservazione della caldaia e vantaggi dell'uso di ammine filmanti. Conservazione a umido e a secco delle caldaie a vapore con ammine filmanti Fineamin in condizioni di arresto. ","_seopress_robots_index":"","site-sidebar-layout":"no-sidebar","site-content-layout":"","ast-site-content-layout":"full-width-container","site-content-style":"default","site-sidebar-style":"default","ast-global-header-display":"","ast-banner-title-visibility":"","ast-main-header-display":"","ast-hfb-above-header-display":"","ast-hfb-below-header-display":"","ast-hfb-mobile-header-display":"","site-post-title":"disabled","ast-breadcrumbs-content":"","ast-featured-img":"disabled","footer-sml-layout":"","ast-disable-related-posts":"","theme-transparent-header-meta":"","adv-header-id-meta":"","stick-header-meta":"","header-above-stick-meta":"","header-main-stick-meta":"","header-below-stick-meta":"","astra-migrate-meta-layouts":"default","ast-page-background-enabled":"default","ast-page-background-meta":{"desktop":{"background-color":"var(--ast-global-color-4)","background-image":"","background-repeat":"repeat","background-position":"center center","background-size":"auto","background-attachment":"scroll","background-type":"","background-media":"","overlay-type":"","overlay-color":"","overlay-opacity":"","overlay-gradient":""},"tablet":{"background-color":"","background-image":"","background-repeat":"repeat","background-position":"center center","background-size":"auto","background-attachment":"scroll","background-type":"","background-media":"","overlay-type":"","overlay-color":"","overlay-opacity":"","overlay-gradient":""},"mobile":{"background-color":"","background-image":"","background-repeat":"repeat","background-position":"center center","background-size":"auto","background-attachment":"scroll","background-type":"","background-media":"","overlay-type":"","overlay-color":"","overlay-opacity":"","overlay-gradient":""}},"ast-content-background-meta":{"desktop":{"background-color":"var(--ast-global-color-5)","background-image":"","background-repeat":"repeat","background-position":"center center","background-size":"auto","background-attachment":"scroll","background-type":"","background-media":"","overlay-type":"","overlay-color":"","overlay-opacity":"","overlay-gradient":""},"tablet":{"background-color":"var(--ast-global-color-5)","background-image":"","background-repeat":"repeat","background-position":"center center","background-size":"auto","background-attachment":"scroll","background-type":"","background-media":"","overlay-type":"","overlay-color":"","overlay-opacity":"","overlay-gradient":""},"mobile":{"background-color":"var(--ast-global-color-5)","background-image":"","background-repeat":"repeat","background-position":"center center","background-size":"auto","background-attachment":"scroll","background-type":"","background-media":"","overlay-type":"","overlay-color":"","overlay-opacity":"","overlay-gradient":""}},"footnotes":""},"class_list":["post-21578","page","type-page","status-publish","hentry"],"_links":{"self":[{"href":"https:\/\/fineamin.com\/it\/wp-json\/wp\/v2\/pages\/21578","targetHints":{"allow":["GET"]}}],"collection":[{"href":"https:\/\/fineamin.com\/it\/wp-json\/wp\/v2\/pages"}],"about":[{"href":"https:\/\/fineamin.com\/it\/wp-json\/wp\/v2\/types\/page"}],"author":[{"embeddable":true,"href":"https:\/\/fineamin.com\/it\/wp-json\/wp\/v2\/users\/1"}],"replies":[{"embeddable":true,"href":"https:\/\/fineamin.com\/it\/wp-json\/wp\/v2\/comments?post=21578"}],"version-history":[{"count":1,"href":"https:\/\/fineamin.com\/it\/wp-json\/wp\/v2\/pages\/21578\/revisions"}],"predecessor-version":[{"id":21580,"href":"https:\/\/fineamin.com\/it\/wp-json\/wp\/v2\/pages\/21578\/revisions\/21580"}],"wp:attachment":[{"href":"https:\/\/fineamin.com\/it\/wp-json\/wp\/v2\/media?parent=21578"}],"curies":[{"name":"wp","href":"https:\/\/api.w.org\/{rel}","templated":true}]}}