{"id":21553,"date":"2025-02-07T10:43:02","date_gmt":"2025-02-07T10:43:02","guid":{"rendered":"https:\/\/fineamin.com\/linee-guida-internazionali-fineamin-swiss-chemicals\/sostituzione-dellidrazina\/"},"modified":"2025-04-08T14:29:17","modified_gmt":"2025-04-08T14:29:17","slug":"sostituzione-dellidrazina","status":"publish","type":"page","link":"https:\/\/fineamin.com\/it\/biblioteca-dei-documenti\/linee-guida-internazionali-fineamin-swiss-chemicals\/sostituzione-dellidrazina\/","title":{"rendered":"Sostituzione dell&#8217;idrazina"},"content":{"rendered":"\t\t<div data-elementor-type=\"wp-page\" data-elementor-id=\"21553\" class=\"elementor elementor-21553 elementor-19308\" data-elementor-post-type=\"page\">\n\t\t\t\t<div class=\"elementor-element elementor-element-1ef29a5 e-con-full e-flex e-con e-parent\" data-id=\"1ef29a5\" data-element_type=\"container\" data-e-type=\"container\" data-settings=\"{&quot;background_background&quot;:&quot;classic&quot;}\">\n\t\t\t\t<div class=\"elementor-element elementor-element-9297245 elementor-widget elementor-widget-heading\" data-id=\"9297245\" data-element_type=\"widget\" data-e-type=\"widget\" data-widget_type=\"heading.default\">\n\t\t\t\t<div class=\"elementor-widget-container\">\n\t\t\t\t\t<h1 class=\"elementor-heading-title elementor-size-default\">Sostituzione dell'idrazina<\/h1>\t\t\t\t<\/div>\n\t\t\t\t<\/div>\n\t\t\t\t<\/div>\n\t\t<div class=\"elementor-element elementor-element-8d63f66 e-flex e-con-boxed e-con e-parent\" data-id=\"8d63f66\" data-element_type=\"container\" data-e-type=\"container\">\n\t\t\t\t\t<div class=\"e-con-inner\">\n\t\t\t\t<div class=\"elementor-element elementor-element-4243629 elementor-widget elementor-widget-text-editor\" data-id=\"4243629\" data-element_type=\"widget\" data-e-type=\"widget\" data-widget_type=\"text-editor.default\">\n\t\t\t\t<div class=\"elementor-widget-container\">\n\t\t\t\t\t\t\t\t\t<p>La ricerca di alternative pi\u00f9 ecologiche all&#8217;idrazina \u00e8 diventata una priorit\u00e0 in tutto il mondo nell&#8217;ultimo decennio.<br>A causa delle elevate quantit\u00e0 e concentrazioni utilizzate per inibire la corrosione negli impianti di produzione di energia e rilasciate nell&#8217;ambiente, ha effetti dannosi a lungo termine sull&#8217;ambiente o sulla sua diversit\u00e0 biologica.<\/p>\t\t\t\t\t\t\t\t<\/div>\n\t\t\t\t<\/div>\n\t\t\t\t\t<\/div>\n\t\t\t\t<\/div>\n\t\t\t\t<\/div>\n\t\t","protected":false},"excerpt":{"rendered":"<p>Sostituzione dell&#8217;idrazina La ricerca di alternative pi\u00f9 ecologiche all&#8217;idrazina \u00e8 diventata una priorit\u00e0 in tutto il mondo nell&#8217;ultimo decennio.A causa [&hellip;]<\/p>\n","protected":false},"author":1,"featured_media":0,"parent":21494,"menu_order":0,"comment_status":"closed","ping_status":"closed","template":"","meta":{"_seopress_robots_primary_cat":"","_seopress_titles_title":"Sostituzione dell'idrazina | Fineamin SWISS Chemicals","_seopress_titles_desc":"Scoprire sostituti pi\u00f9 ecologici dell'idrazina che inibiscono efficacemente la corrosione nelle centrali elettriche, riducendo gli effetti nocivi sull'ambiente e sulla sua biodiversit\u00e0.","_seopress_robots_index":"","site-sidebar-layout":"no-sidebar","site-content-layout":"","ast-site-content-layout":"full-width-container","site-content-style":"default","site-sidebar-style":"default","ast-global-header-display":"","ast-banner-title-visibility":"","ast-main-header-display":"","ast-hfb-above-header-display":"","ast-hfb-below-header-display":"","ast-hfb-mobile-header-display":"","site-post-title":"disabled","ast-breadcrumbs-content":"","ast-featured-img":"disabled","footer-sml-layout":"","ast-disable-related-posts":"","theme-transparent-header-meta":"","adv-header-id-meta":"","stick-header-meta":"","header-above-stick-meta":"","header-main-stick-meta":"","header-below-stick-meta":"","astra-migrate-meta-layouts":"default","ast-page-background-enabled":"default","ast-page-background-meta":{"desktop":{"background-color":"var(--ast-global-color-4)","background-image":"","background-repeat":"repeat","background-position":"center center","background-size":"auto","background-attachment":"scroll","background-type":"","background-media":"","overlay-type":"","overlay-color":"","overlay-opacity":"","overlay-gradient":""},"tablet":{"background-color":"","background-image":"","background-repeat":"repeat","background-position":"center center","background-size":"auto","background-attachment":"scroll","background-type":"","background-media":"","overlay-type":"","overlay-color":"","overlay-opacity":"","overlay-gradient":""},"mobile":{"background-color":"","background-image":"","background-repeat":"repeat","background-position":"center center","background-size":"auto","background-attachment":"scroll","background-type":"","background-media":"","overlay-type":"","overlay-color":"","overlay-opacity":"","overlay-gradient":""}},"ast-content-background-meta":{"desktop":{"background-color":"var(--ast-global-color-5)","background-image":"","background-repeat":"repeat","background-position":"center center","background-size":"auto","background-attachment":"scroll","background-type":"","background-media":"","overlay-type":"","overlay-color":"","overlay-opacity":"","overlay-gradient":""},"tablet":{"background-color":"var(--ast-global-color-5)","background-image":"","background-repeat":"repeat","background-position":"center center","background-size":"auto","background-attachment":"scroll","background-type":"","background-media":"","overlay-type":"","overlay-color":"","overlay-opacity":"","overlay-gradient":""},"mobile":{"background-color":"var(--ast-global-color-5)","background-image":"","background-repeat":"repeat","background-position":"center center","background-size":"auto","background-attachment":"scroll","background-type":"","background-media":"","overlay-type":"","overlay-color":"","overlay-opacity":"","overlay-gradient":""}},"footnotes":""},"class_list":["post-21553","page","type-page","status-publish","hentry"],"_links":{"self":[{"href":"https:\/\/fineamin.com\/it\/wp-json\/wp\/v2\/pages\/21553","targetHints":{"allow":["GET"]}}],"collection":[{"href":"https:\/\/fineamin.com\/it\/wp-json\/wp\/v2\/pages"}],"about":[{"href":"https:\/\/fineamin.com\/it\/wp-json\/wp\/v2\/types\/page"}],"author":[{"embeddable":true,"href":"https:\/\/fineamin.com\/it\/wp-json\/wp\/v2\/users\/1"}],"replies":[{"embeddable":true,"href":"https:\/\/fineamin.com\/it\/wp-json\/wp\/v2\/comments?post=21553"}],"version-history":[{"count":1,"href":"https:\/\/fineamin.com\/it\/wp-json\/wp\/v2\/pages\/21553\/revisions"}],"predecessor-version":[{"id":21555,"href":"https:\/\/fineamin.com\/it\/wp-json\/wp\/v2\/pages\/21553\/revisions\/21555"}],"up":[{"embeddable":true,"href":"https:\/\/fineamin.com\/it\/wp-json\/wp\/v2\/pages\/21494"}],"wp:attachment":[{"href":"https:\/\/fineamin.com\/it\/wp-json\/wp\/v2\/media?parent=21553"}],"curies":[{"name":"wp","href":"https:\/\/api.w.org\/{rel}","templated":true}]}}