{"id":21749,"date":"2025-01-09T10:18:12","date_gmt":"2025-01-09T10:18:12","guid":{"rendered":"https:\/\/fineamin.com\/reactifs-kits-de-test\/"},"modified":"2025-11-26T10:46:34","modified_gmt":"2025-11-26T10:46:34","slug":"reactifs-kits-de-test","status":"publish","type":"page","link":"https:\/\/fineamin.com\/fr\/reactifs-kits-de-test\/","title":{"rendered":"MESURE DES AMINES FILMIFORANTES | Recommander des m\u00e9thodes de contr\u00f4le : R\u00c9ACTIFS | KITS DE TEST"},"content":{"rendered":"\t\t<div data-elementor-type=\"wp-page\" data-elementor-id=\"21749\" class=\"elementor elementor-21749 elementor-18783\" data-elementor-post-type=\"page\">\n\t\t\t\t<div class=\"elementor-element elementor-element-1ef29a5 e-con-full e-flex e-con e-parent\" data-id=\"1ef29a5\" data-element_type=\"container\" data-e-type=\"container\" data-settings=\"{&quot;background_background&quot;:&quot;classic&quot;}\">\n\t\t\t\t<div class=\"elementor-element elementor-element-9297245 elementor-widget elementor-widget-heading\" data-id=\"9297245\" data-element_type=\"widget\" data-e-type=\"widget\" data-widget_type=\"heading.default\">\n\t\t\t\t<div class=\"elementor-widget-container\">\n\t\t\t\t\t<h1 class=\"elementor-heading-title elementor-size-default\">MESURE DES AMINES FILM-FORMANTES <br>Recommandez des m\u00e9thodes de contr\u00f4le : R\u00c9ACTIFS | KITS DE TEST<\/h1>\t\t\t\t<\/div>\n\t\t\t\t<\/div>\n\t\t\t\t<\/div>\n\t\t<div class=\"elementor-element elementor-element-20a774d e-con-full e-flex e-con e-parent\" data-id=\"20a774d\" data-element_type=\"container\" data-e-type=\"container\" data-settings=\"{&quot;background_background&quot;:&quot;classic&quot;}\">\n\t\t<div class=\"elementor-element elementor-element-5ed02bf e-flex e-con-boxed e-con e-child\" data-id=\"5ed02bf\" data-element_type=\"container\" data-e-type=\"container\">\n\t\t\t\t\t<div class=\"e-con-inner\">\n\t\t\t\t<div class=\"elementor-element elementor-element-c8b0d92 elementor-widget elementor-widget-heading\" data-id=\"c8b0d92\" data-element_type=\"widget\" data-e-type=\"widget\" data-widget_type=\"heading.default\">\n\t\t\t\t<div class=\"elementor-widget-container\">\n\t\t\t\t\t<h2 class=\"elementor-heading-title elementor-size-default\">Kits d'analyse des amines de filature | R\u00e9actifs<\/h2>\t\t\t\t<\/div>\n\t\t\t\t<\/div>\n\t\t\t\t<div class=\"elementor-element elementor-element-124a77c subtitle elementor-widget elementor-widget-text-editor\" data-id=\"124a77c\" data-element_type=\"widget\" data-e-type=\"widget\" data-widget_type=\"text-editor.default\">\n\t\t\t\t<div class=\"elementor-widget-container\">\n\t\t\t\t\t\t\t\t\t<p>Mesure de la concentration de polyamines<\/p>\t\t\t\t\t\t\t\t<\/div>\n\t\t\t\t<\/div>\n\t\t\t\t<div class=\"elementor-element elementor-element-2e11799 elementor-widget elementor-widget-text-editor\" data-id=\"2e11799\" data-element_type=\"widget\" data-e-type=\"widget\" data-widget_type=\"text-editor.default\">\n\t\t\t\t<div class=\"elementor-widget-container\">\n\t\t\t\t\t\t\t\t\t<div class=\"wpb_text_column wpb_content_element\"><div class=\"wpb_wrapper\"><p><strong>FINEAMIN,<\/strong> produits \u00e0 base d&rsquo;amines filmantes, sont des additifs pour l&rsquo;eau industrielle qui, introduits en continu dans l&rsquo;eau d&rsquo;alimentation des chaudi\u00e8res, prot\u00e8gent les surfaces m\u00e9talliques contre la corrosion et les d\u00e9p\u00f4ts en formant un film mince et homog\u00e8ne \u00e0 l&rsquo;int\u00e9rieur du syst\u00e8me. Le composant amine filmante r\u00e9agit comme une barri\u00e8re qui repousse l&rsquo;oxyg\u00e8ne dissous potentiellement corrosif, le dioxyde de carbone et l&rsquo;eau entra\u00een\u00e9e. <\/p><p>Des analyses r\u00e9guli\u00e8res de l&rsquo;eau pour<strong> contr\u00f4ler la concentration des <a title=\"Amines filmog\u00e8nes\" href=\"https:\/\/fineamin.com\/fr\/amines-filmogenes\/\">amines filmantes<\/a> \/ FINEAMIN<\/strong> dans le syst\u00e8me sont essentielles pour garantir leur pr\u00e9sence ininterrompue et la protection de l&rsquo;ensemble du cycle eau-vapeur-condensat. Cette pratique permet \u00e9galement d&rsquo;\u00e9viter le surdosage. <\/p><p>G\u00e9n\u00e9ralement, la d\u00e9tection d&rsquo;un exc\u00e8s de polyamines \/ <strong>FINEAMIN<\/strong> dans le syst\u00e8me est effectu\u00e9e en ajoutant aux \u00e9chantillons d&rsquo;eau un agent r\u00e9actif qui interagit avec les amines. Les r\u00e9sultats sont ensuite interpr\u00e9t\u00e9s \u00e0 l&rsquo;aide d&rsquo;un spectrophotom\u00e8tre. En l&rsquo;absence de spectrophotom\u00e8tre, des kits de test visuels portables sont disponibles.  <\/p><p><strong>IMPORTANT :<\/strong> Toutes les m\u00e9thodes disponibles pour la d\u00e9termination de la concentration en polyamines mentionn\u00e9es ci-dessous<strong> ont \u00e9t\u00e9 test\u00e9es avec des produits FINEAMIN.<\/strong><\/p><\/div><\/div>\t\t\t\t\t\t\t\t<\/div>\n\t\t\t\t<\/div>\n\t\t\t\t\t<\/div>\n\t\t\t\t<\/div>\n\t\t\t\t<\/div>\n\t\t<div class=\"elementor-element elementor-element-d7866ea e-grid e-con-boxed e-con e-parent\" data-id=\"d7866ea\" data-element_type=\"container\" data-e-type=\"container\">\n\t\t\t\t\t<div class=\"e-con-inner\">\n\t\t\t\t<div class=\"elementor-element elementor-element-c67e2ce elementor-widget elementor-widget-image\" data-id=\"c67e2ce\" data-element_type=\"widget\" data-e-type=\"widget\" data-widget_type=\"image.default\">\n\t\t\t\t<div class=\"elementor-widget-container\">\n\t\t\t\t\t\t\t\t\t\t\t\t\t\t\t<img fetchpriority=\"high\" decoding=\"async\" width=\"467\" height=\"311\" src=\"https:\/\/fineamin.com\/wp-content\/uploads\/2025\/07\/Fineamin-Reagents.jpg\" class=\"attachment-large size-large wp-image-27978\" alt=\"Fineamin Reagents for Measuring Film Forming Amines\" srcset=\"https:\/\/fineamin.com\/wp-content\/uploads\/2025\/07\/Fineamin-Reagents.jpg 467w, https:\/\/fineamin.com\/wp-content\/uploads\/2025\/07\/Fineamin-Reagents-300x200.jpg 300w\" sizes=\"(max-width: 467px) 100vw, 467px\" \/>\t\t\t\t\t\t\t\t\t\t\t\t\t\t\t<\/div>\n\t\t\t\t<\/div>\n\t\t\t\t<div class=\"elementor-element elementor-element-ad6351b elementor-widget elementor-widget-image\" data-id=\"ad6351b\" data-element_type=\"widget\" data-e-type=\"widget\" data-widget_type=\"image.default\">\n\t\t\t\t<div class=\"elementor-widget-container\">\n\t\t\t\t\t\t\t\t\t\t\t\t\t\t\t<img decoding=\"async\" width=\"467\" height=\"311\" src=\"https:\/\/fineamin.com\/wp-content\/uploads\/2025\/01\/Picture3.jpg\" class=\"attachment-large size-large wp-image-18801\" alt=\"Heyl Test Kit\" srcset=\"https:\/\/fineamin.com\/wp-content\/uploads\/2025\/01\/Picture3.jpg 467w, https:\/\/fineamin.com\/wp-content\/uploads\/2025\/01\/Picture3-300x200.jpg 300w\" sizes=\"(max-width: 467px) 100vw, 467px\" \/>\t\t\t\t\t\t\t\t\t\t\t\t\t\t\t<\/div>\n\t\t\t\t<\/div>\n\t\t\t\t<div class=\"elementor-element elementor-element-33e1059 elementor-widget elementor-widget-image\" data-id=\"33e1059\" data-element_type=\"widget\" data-e-type=\"widget\" data-widget_type=\"image.default\">\n\t\t\t\t<div class=\"elementor-widget-container\">\n\t\t\t\t\t\t\t\t\t\t\t\t\t\t\t<img decoding=\"async\" width=\"467\" height=\"311\" src=\"https:\/\/fineamin.com\/wp-content\/uploads\/2025\/07\/Hach-Reagents.jpg\" class=\"attachment-large size-large wp-image-27972\" alt=\"Hach Reagents\" srcset=\"https:\/\/fineamin.com\/wp-content\/uploads\/2025\/07\/Hach-Reagents.jpg 467w, https:\/\/fineamin.com\/wp-content\/uploads\/2025\/07\/Hach-Reagents-300x200.jpg 300w\" sizes=\"(max-width: 467px) 100vw, 467px\" \/>\t\t\t\t\t\t\t\t\t\t\t\t\t\t\t<\/div>\n\t\t\t\t<\/div>\n\t\t\t\t<div class=\"elementor-element elementor-element-e53f628 elementor-widget elementor-widget-image\" data-id=\"e53f628\" data-element_type=\"widget\" data-e-type=\"widget\" data-widget_type=\"image.default\">\n\t\t\t\t<div class=\"elementor-widget-container\">\n\t\t\t\t\t\t\t\t\t\t\t\t\t\t\t<img loading=\"lazy\" decoding=\"async\" width=\"467\" height=\"311\" src=\"https:\/\/fineamin.com\/wp-content\/uploads\/2025\/01\/Picture355.jpg\" class=\"attachment-large size-large wp-image-18796\" alt=\"Methyl Orange Test Kit\" srcset=\"https:\/\/fineamin.com\/wp-content\/uploads\/2025\/01\/Picture355.jpg 467w, https:\/\/fineamin.com\/wp-content\/uploads\/2025\/01\/Picture355-300x200.jpg 300w\" sizes=\"(max-width: 467px) 100vw, 467px\" \/>\t\t\t\t\t\t\t\t\t\t\t\t\t\t\t<\/div>\n\t\t\t\t<\/div>\n\t\t\t\t\t<\/div>\n\t\t\t\t<\/div>\n\t\t<div class=\"elementor-element elementor-element-49b1ebc e-grid e-con-full e-con e-parent\" data-id=\"49b1ebc\" data-element_type=\"container\" data-e-type=\"container\" data-settings=\"{&quot;background_background&quot;:&quot;classic&quot;}\">\n\t\t\t\t<div class=\"elementor-element elementor-element-7d47de1 elementor-widget elementor-widget-text-editor\" data-id=\"7d47de1\" data-element_type=\"widget\" data-e-type=\"widget\" data-widget_type=\"text-editor.default\">\n\t\t\t\t<div class=\"elementor-widget-container\">\n\t\t\t\t\t\t\t\t\t<div class=\"wpb_text_column wpb_content_element\"><h3 class=\"elementor-heading-title elementor-size-default elementor-inline-editing pen\" contenteditable=\"true\" spellcheck=\"false\" data-elementor-setting-key=\"title\" data-pen-placeholder=\"Type Here...\" data-ms-editor=\"true\">Polyamine 565<\/h3><div class=\"wpb_wrapper\"><ul><li><strong>ANALYSES DE LABORATOIRE<\/strong><\/li><\/ul><p>R\u00e9actifs d&rsquo;essai \u00e0 haute sensibilit\u00e9 qui offrent le moyen le plus simple de contr\u00f4ler <a title=\"Traitement de l'eau\" href=\"https:\/\/fineaminchemicals.com\/\"><strong>traitement de l&rsquo;eau<\/strong><\/a> et de d\u00e9terminer l&rsquo;exc\u00e8s de polyamines \u00e0 l&rsquo;aide d&rsquo;un spectrophotom\u00e8tre. Contactez-nous pour plus d&rsquo;informations sur la configuration de votre spectrophotom\u00e8tre pour les r\u00e9actifs, la courbe d&rsquo;\u00e9talonnage et d&rsquo;autres instructions. <\/p><\/div><\/div>\t\t\t\t\t\t\t\t<\/div>\n\t\t\t\t<\/div>\n\t\t\t\t<div class=\"elementor-element elementor-element-7daabbf elementor-widget elementor-widget-text-editor\" data-id=\"7daabbf\" data-element_type=\"widget\" data-e-type=\"widget\" data-widget_type=\"text-editor.default\">\n\t\t\t\t<div class=\"elementor-widget-container\">\n\t\t\t\t\t\t\t\t\t<div><div><div><div><h3 class=\"elementor-heading-title elementor-size-default elementor-inline-editing pen\" contenteditable=\"true\" spellcheck=\"false\" data-elementor-setting-key=\"title\" data-pen-placeholder=\"Type Here...\" data-ms-editor=\"true\">M\u00e9thode Hach<\/h3><ul><li><strong>ANALYSES DE LABORATOIRE<\/strong><\/li><\/ul><p>Cette m\u00e9thode est sensible \u00e0 la technique. Le kit Hach Film Forming Amines vous permet de tester les produits FFA \u00e0 l&rsquo;aide des spectrophotom\u00e8tres DR3900 et DR6000 de Hach. Il pr\u00e9sente la plus grande pr\u00e9cision \u00e0 des concentrations plus faibles, en particulier pour les mesures dans les syst\u00e8mes de chaudi\u00e8res \u00e0 haute pression (eau ultrapure).  <\/p><\/div><\/div><\/div><\/div>\t\t\t\t\t\t\t\t<\/div>\n\t\t\t\t<\/div>\n\t\t\t\t<div class=\"elementor-element elementor-element-ea33bc5 elementor-widget elementor-widget-text-editor\" data-id=\"ea33bc5\" data-element_type=\"widget\" data-e-type=\"widget\" data-widget_type=\"text-editor.default\">\n\t\t\t\t<div class=\"elementor-widget-container\">\n\t\t\t\t\t\t\t\t\t<h3 class=\"elementor-heading-title elementor-size-default elementor-inline-editing pen\" contenteditable=\"true\" spellcheck=\"false\" data-elementor-setting-key=\"title\" data-pen-placeholder=\"Type Here...\" data-ms-editor=\"true\">Kit de test Heyl<\/h3>\n<ul>\n<li><strong>&nbsp;ESSAIS SUR LE TERRAIN<\/strong><\/li>\n<\/ul>\n<p>Kit de test sur le terrain pour la d\u00e9termination de la concentration en polyamines dans l&rsquo;eau de circulation. Les analyses d&rsquo;eau peuvent \u00eatre effectu\u00e9es n&rsquo;importe o\u00f9 sur le site. Ce kit est tr\u00e8s rapide et peu co\u00fbteux. La pr\u00e9cision est plus qualitative que quantitative, mais il est plus difficile d&rsquo;interpr\u00e9ter le r\u00e9sultat que dans le cas de Rose Bengal.   <\/p>\t\t\t\t\t\t\t\t<\/div>\n\t\t\t\t<\/div>\n\t\t\t\t<div class=\"elementor-element elementor-element-34bb0e9 elementor-widget elementor-widget-text-editor\" data-id=\"34bb0e9\" data-element_type=\"widget\" data-e-type=\"widget\" data-widget_type=\"text-editor.default\">\n\t\t\t\t<div class=\"elementor-widget-container\">\n\t\t\t\t\t\t\t\t\t<h3 class=\"elementor-heading-title elementor-size-default elementor-inline-editing pen\" contenteditable=\"true\" spellcheck=\"false\" data-elementor-setting-key=\"title\" data-pen-placeholder=\"Type Here...\" data-ms-editor=\"true\">Kit de test CHEMets  <\/h3><ul><li><strong>ESSAIS SUR LE TERRAIN<\/strong><\/li><\/ul><p>Il utilise la chimie standard du m\u00e9thyl-orange. Les analyses peuvent \u00eatre effectu\u00e9es n&rsquo;importe o\u00f9 sur le site et peuvent \u00eatre interpr\u00e9t\u00e9es beaucoup plus facilement et rapidement que pour le kit de test Heyl. Le compos\u00e9 amin\u00e9 filmant r\u00e9agit avec l&rsquo;orange de m\u00e9thyle pour former un complexe de couleur jaune qui est extrait dans un solvant organique non miscible.  <\/p>\t\t\t\t\t\t\t\t<\/div>\n\t\t\t\t<\/div>\n\t\t\t\t<\/div>\n\t\t<div class=\"elementor-element elementor-element-2c15289 e-grid e-con-boxed e-con e-parent\" data-id=\"2c15289\" data-element_type=\"container\" data-e-type=\"container\" data-settings=\"{&quot;background_background&quot;:&quot;classic&quot;}\">\n\t\t\t\t\t<div class=\"e-con-inner\">\n\t\t\t\t<div class=\"elementor-element elementor-element-6568344 elementor-widget elementor-widget-text-editor\" data-id=\"6568344\" data-element_type=\"widget\" data-e-type=\"widget\" data-widget_type=\"text-editor.default\">\n\t\t\t\t<div class=\"elementor-widget-container\">\n\t\t\t\t\t\t\t\t\t<div class=\"wpb_text_column wpb_content_element\"><div class=\"wpb_wrapper\"><ul><li><strong>Comprend :<\/strong> R\u00e9actif 1 (500 ml), R\u00e9actif 2 (500ml) ;<\/li><li><strong>Temps de mesure :<\/strong> &lt; 15 minutes ;<\/li><li><strong>R\u00e9solution :<\/strong> \u00b110 ppb ;<\/li><li><b>Fabricant :<\/b> CWB Allemagne.<\/li><\/ul><\/div><\/div>\t\t\t\t\t\t\t\t<\/div>\n\t\t\t\t<\/div>\n\t\t\t\t<div class=\"elementor-element elementor-element-642dd55 elementor-widget elementor-widget-text-editor\" data-id=\"642dd55\" data-element_type=\"widget\" data-e-type=\"widget\" data-widget_type=\"text-editor.default\">\n\t\t\t\t<div class=\"elementor-widget-container\">\n\t\t\t\t\t\t\t\t\t<div class=\"wpb_text_column wpb_content_element\"><div class=\"wpb_wrapper\"><div class=\"wpb_text_column wpb_content_element\"><div class=\"wpb_wrapper\"><ul><li><strong>Comprend :<\/strong> R\u00e9actif 1 (100 ml), R\u00e9actif 2 (100ml) ;<\/li><li><strong>Temps de mesure :<\/strong> &lt; 10 minutes ;<\/li><li><strong>R\u00e9solution :<\/strong> Pr\u00e9cision maximale : \u00b110 ppb, plage 0,020 mg\/L &#8211; 3,000 mg\/L ;<\/li><li><strong>Fabricant<\/strong>: HACH Lange.<\/li><\/ul><\/div><\/div><\/div><\/div>\t\t\t\t\t\t\t\t<\/div>\n\t\t\t\t<\/div>\n\t\t\t\t<div class=\"elementor-element elementor-element-e2be3bc elementor-widget elementor-widget-text-editor\" data-id=\"e2be3bc\" data-element_type=\"widget\" data-e-type=\"widget\" data-widget_type=\"text-editor.default\">\n\t\t\t\t<div class=\"elementor-widget-container\">\n\t\t\t\t\t\t\t\t\t<div class=\"wpb_text_column wpb_content_element\"><div class=\"wpb_wrapper\"><div class=\"wpb_text_column wpb_content_element\"><div class=\"wpb_wrapper\"><ul><li><strong>Comprend :<\/strong> R\u00e9actif 1, R\u00e9actif 2, R\u00e9actif 3, Titrage ;<\/li><li><strong>Temps de mesure :<\/strong> 3 minutes ;<\/li><li><strong>R\u00e9solution :<\/strong> 1 mg\/l ;<\/li><li><strong>Fabricant<\/strong>: Heyl.<\/li><\/ul><\/div><\/div><\/div><\/div>\t\t\t\t\t\t\t\t<\/div>\n\t\t\t\t<\/div>\n\t\t\t\t<div class=\"elementor-element elementor-element-6b06bf6 elementor-widget elementor-widget-text-editor\" data-id=\"6b06bf6\" data-element_type=\"widget\" data-e-type=\"widget\" data-widget_type=\"text-editor.default\">\n\t\t\t\t<div class=\"elementor-widget-container\">\n\t\t\t\t\t\t\t\t\t<div class=\"wpb_text_column wpb_content_element\"><div class=\"wpb_wrapper\"><div class=\"wpb_text_column wpb_content_element\"><div class=\"wpb_wrapper\"><ul><li><strong>Comprend :<\/strong> recharge, comparateur, tube de r\u00e9action avec couvercle, outil pour casser les pointes ;<\/li><li><strong>Temps de mesure :<\/strong> 3 minutes ;<\/li><li> <strong>R\u00e9solution :<\/strong> 1 mg\/l ;<\/li><li><strong>Fabricant :<\/strong> Aquaphoenix US.<\/li><\/ul><\/div><\/div><\/div><\/div>\t\t\t\t\t\t\t\t<\/div>\n\t\t\t\t<\/div>\n\t\t\t\t\t<\/div>\n\t\t\t\t<\/div>\n\t\t<div class=\"elementor-element elementor-element-0918343 e-grid e-con-boxed e-con e-parent\" data-id=\"0918343\" data-element_type=\"container\" data-e-type=\"container\" data-settings=\"{&quot;background_background&quot;:&quot;classic&quot;}\">\n\t\t\t\t\t<div class=\"e-con-inner\">\n\t\t\t\t<div class=\"elementor-element elementor-element-b1863f3 elementor-align-justify elementor-mobile-align-center elementor-widget__width-inherit elementor-widget elementor-widget-button\" data-id=\"b1863f3\" data-element_type=\"widget\" data-e-type=\"widget\" data-widget_type=\"button.default\">\n\t\t\t\t<div class=\"elementor-widget-container\">\n\t\t\t\t\t\t\t\t\t<div class=\"elementor-button-wrapper\">\n\t\t\t\t\t<a class=\"elementor-button elementor-size-sm\" role=\"button\">\n\t\t\t\t\t\t<span class=\"elementor-button-content-wrapper\">\n\t\t\t\t\t\t<span class=\"elementor-button-icon\">\n\t\t\t\t<svg aria-hidden=\"true\" class=\"e-font-icon-svg e-fas-flask\" viewBox=\"0 0 448 512\" xmlns=\"http:\/\/www.w3.org\/2000\/svg\"><path d=\"M437.2 403.5L320 215V64h8c13.3 0 24-10.7 24-24V24c0-13.3-10.7-24-24-24H120c-13.3 0-24 10.7-24 24v16c0 13.3 10.7 24 24 24h8v151L10.8 403.5C-18.5 450.6 15.3 512 70.9 512h306.2c55.7 0 89.4-61.5 60.1-108.5zM137.9 320l48.2-77.6c3.7-5.2 5.8-11.6 5.8-18.4V64h64v160c0 6.9 2.2 13.2 5.8 18.4l48.2 77.6h-172z\"><\/path><\/svg>\t\t\t<\/span>\n\t\t\t\t\t\t\t\t\t<span class=\"elementor-button-text\">  Analyses estim\u00e9es : 500<\/span>\n\t\t\t\t\t<\/span>\n\t\t\t\t\t<\/a>\n\t\t\t\t<\/div>\n\t\t\t\t\t\t\t\t<\/div>\n\t\t\t\t<\/div>\n\t\t\t\t<div class=\"elementor-element elementor-element-768eeb8 elementor-align-justify elementor-mobile-align-center elementor-widget__width-inherit elementor-widget elementor-widget-button\" data-id=\"768eeb8\" data-element_type=\"widget\" data-e-type=\"widget\" data-widget_type=\"button.default\">\n\t\t\t\t<div class=\"elementor-widget-container\">\n\t\t\t\t\t\t\t\t\t<div class=\"elementor-button-wrapper\">\n\t\t\t\t\t<a class=\"elementor-button elementor-size-sm\" role=\"button\">\n\t\t\t\t\t\t<span class=\"elementor-button-content-wrapper\">\n\t\t\t\t\t\t<span class=\"elementor-button-icon\">\n\t\t\t\t<svg aria-hidden=\"true\" class=\"e-font-icon-svg e-fas-flask\" viewBox=\"0 0 448 512\" xmlns=\"http:\/\/www.w3.org\/2000\/svg\"><path d=\"M437.2 403.5L320 215V64h8c13.3 0 24-10.7 24-24V24c0-13.3-10.7-24-24-24H120c-13.3 0-24 10.7-24 24v16c0 13.3 10.7 24 24 24h8v151L10.8 403.5C-18.5 450.6 15.3 512 70.9 512h306.2c55.7 0 89.4-61.5 60.1-108.5zM137.9 320l48.2-77.6c3.7-5.2 5.8-11.6 5.8-18.4V64h64v160c0 6.9 2.2 13.2 5.8 18.4l48.2 77.6h-172z\"><\/path><\/svg>\t\t\t<\/span>\n\t\t\t\t\t\t\t\t\t<span class=\"elementor-button-text\">  Analyses estim\u00e9es : 100<\/span>\n\t\t\t\t\t<\/span>\n\t\t\t\t\t<\/a>\n\t\t\t\t<\/div>\n\t\t\t\t\t\t\t\t<\/div>\n\t\t\t\t<\/div>\n\t\t\t\t<div class=\"elementor-element elementor-element-5a16eeb elementor-align-justify elementor-mobile-align-center elementor-widget__width-inherit elementor-widget elementor-widget-button\" data-id=\"5a16eeb\" data-element_type=\"widget\" data-e-type=\"widget\" data-widget_type=\"button.default\">\n\t\t\t\t<div class=\"elementor-widget-container\">\n\t\t\t\t\t\t\t\t\t<div class=\"elementor-button-wrapper\">\n\t\t\t\t\t<a class=\"elementor-button elementor-size-sm\" role=\"button\">\n\t\t\t\t\t\t<span class=\"elementor-button-content-wrapper\">\n\t\t\t\t\t\t<span class=\"elementor-button-icon\">\n\t\t\t\t<svg aria-hidden=\"true\" class=\"e-font-icon-svg e-fas-flask\" viewBox=\"0 0 448 512\" xmlns=\"http:\/\/www.w3.org\/2000\/svg\"><path d=\"M437.2 403.5L320 215V64h8c13.3 0 24-10.7 24-24V24c0-13.3-10.7-24-24-24H120c-13.3 0-24 10.7-24 24v16c0 13.3 10.7 24 24 24h8v151L10.8 403.5C-18.5 450.6 15.3 512 70.9 512h306.2c55.7 0 89.4-61.5 60.1-108.5zM137.9 320l48.2-77.6c3.7-5.2 5.8-11.6 5.8-18.4V64h64v160c0 6.9 2.2 13.2 5.8 18.4l48.2 77.6h-172z\"><\/path><\/svg>\t\t\t<\/span>\n\t\t\t\t\t\t\t\t\t<span class=\"elementor-button-text\">Analyses estim\u00e9es : 100<\/span>\n\t\t\t\t\t<\/span>\n\t\t\t\t\t<\/a>\n\t\t\t\t<\/div>\n\t\t\t\t\t\t\t\t<\/div>\n\t\t\t\t<\/div>\n\t\t\t\t<div class=\"elementor-element elementor-element-b411a3f elementor-align-justify elementor-mobile-align-center elementor-widget__width-inherit elementor-widget elementor-widget-button\" data-id=\"b411a3f\" data-element_type=\"widget\" data-e-type=\"widget\" data-widget_type=\"button.default\">\n\t\t\t\t<div class=\"elementor-widget-container\">\n\t\t\t\t\t\t\t\t\t<div class=\"elementor-button-wrapper\">\n\t\t\t\t\t<a class=\"elementor-button elementor-size-sm\" role=\"button\">\n\t\t\t\t\t\t<span class=\"elementor-button-content-wrapper\">\n\t\t\t\t\t\t<span class=\"elementor-button-icon\">\n\t\t\t\t<svg aria-hidden=\"true\" class=\"e-font-icon-svg e-fas-flask\" viewBox=\"0 0 448 512\" xmlns=\"http:\/\/www.w3.org\/2000\/svg\"><path d=\"M437.2 403.5L320 215V64h8c13.3 0 24-10.7 24-24V24c0-13.3-10.7-24-24-24H120c-13.3 0-24 10.7-24 24v16c0 13.3 10.7 24 24 24h8v151L10.8 403.5C-18.5 450.6 15.3 512 70.9 512h306.2c55.7 0 89.4-61.5 60.1-108.5zM137.9 320l48.2-77.6c3.7-5.2 5.8-11.6 5.8-18.4V64h64v160c0 6.9 2.2 13.2 5.8 18.4l48.2 77.6h-172z\"><\/path><\/svg>\t\t\t<\/span>\n\t\t\t\t\t\t\t\t\t<span class=\"elementor-button-text\">  Analyses estim\u00e9es : 20<\/span>\n\t\t\t\t\t<\/span>\n\t\t\t\t\t<\/a>\n\t\t\t\t<\/div>\n\t\t\t\t\t\t\t\t<\/div>\n\t\t\t\t<\/div>\n\t\t\t\t\t<\/div>\n\t\t\t\t<\/div>\n\t\t\t\t<\/div>\n\t\t","protected":false},"excerpt":{"rendered":"<p>MESURE DES AMINES FILM-FORMANTES Recommandez des m\u00e9thodes de contr\u00f4le : R\u00c9ACTIFS | KITS DE TEST Kits d&rsquo;analyse des amines de [&hellip;]<\/p>\n","protected":false},"author":1,"featured_media":0,"parent":0,"menu_order":0,"comment_status":"closed","ping_status":"closed","template":"","meta":{"_seopress_robots_primary_cat":"","_seopress_titles_title":"REAGENTS | KITS DE TEST | Fineamin SWISS Chemicals","_seopress_titles_desc":"D\u00e9couvrez comment les amines filmog\u00e8nes FINEAMIN prot\u00e8gent les syst\u00e8mes contre la corrosion et les d\u00e9p\u00f4ts, en \u00e9vitant le surdosage gr\u00e2ce \u00e0 des tests r\u00e9guliers.","_seopress_robots_index":"","site-sidebar-layout":"no-sidebar","site-content-layout":"","ast-site-content-layout":"full-width-container","site-content-style":"default","site-sidebar-style":"default","ast-global-header-display":"","ast-banner-title-visibility":"","ast-main-header-display":"","ast-hfb-above-header-display":"","ast-hfb-below-header-display":"","ast-hfb-mobile-header-display":"","site-post-title":"disabled","ast-breadcrumbs-content":"","ast-featured-img":"disabled","footer-sml-layout":"","ast-disable-related-posts":"","theme-transparent-header-meta":"","adv-header-id-meta":"","stick-header-meta":"","header-above-stick-meta":"","header-main-stick-meta":"","header-below-stick-meta":"","astra-migrate-meta-layouts":"default","ast-page-background-enabled":"default","ast-page-background-meta":{"desktop":{"background-color":"var(--ast-global-color-4)","background-image":"","background-repeat":"repeat","background-position":"center center","background-size":"auto","background-attachment":"scroll","background-type":"","background-media":"","overlay-type":"","overlay-color":"","overlay-opacity":"","overlay-gradient":""},"tablet":{"background-color":"","background-image":"","background-repeat":"repeat","background-position":"center center","background-size":"auto","background-attachment":"scroll","background-type":"","background-media":"","overlay-type":"","overlay-color":"","overlay-opacity":"","overlay-gradient":""},"mobile":{"background-color":"","background-image":"","background-repeat":"repeat","background-position":"center center","background-size":"auto","background-attachment":"scroll","background-type":"","background-media":"","overlay-type":"","overlay-color":"","overlay-opacity":"","overlay-gradient":""}},"ast-content-background-meta":{"desktop":{"background-color":"var(--ast-global-color-5)","background-image":"","background-repeat":"repeat","background-position":"center center","background-size":"auto","background-attachment":"scroll","background-type":"","background-media":"","overlay-type":"","overlay-color":"","overlay-opacity":"","overlay-gradient":""},"tablet":{"background-color":"var(--ast-global-color-5)","background-image":"","background-repeat":"repeat","background-position":"center center","background-size":"auto","background-attachment":"scroll","background-type":"","background-media":"","overlay-type":"","overlay-color":"","overlay-opacity":"","overlay-gradient":""},"mobile":{"background-color":"var(--ast-global-color-5)","background-image":"","background-repeat":"repeat","background-position":"center center","background-size":"auto","background-attachment":"scroll","background-type":"","background-media":"","overlay-type":"","overlay-color":"","overlay-opacity":"","overlay-gradient":""}},"footnotes":""},"class_list":["post-21749","page","type-page","status-publish","hentry"],"_links":{"self":[{"href":"https:\/\/fineamin.com\/fr\/wp-json\/wp\/v2\/pages\/21749","targetHints":{"allow":["GET"]}}],"collection":[{"href":"https:\/\/fineamin.com\/fr\/wp-json\/wp\/v2\/pages"}],"about":[{"href":"https:\/\/fineamin.com\/fr\/wp-json\/wp\/v2\/types\/page"}],"author":[{"embeddable":true,"href":"https:\/\/fineamin.com\/fr\/wp-json\/wp\/v2\/users\/1"}],"replies":[{"embeddable":true,"href":"https:\/\/fineamin.com\/fr\/wp-json\/wp\/v2\/comments?post=21749"}],"version-history":[{"count":3,"href":"https:\/\/fineamin.com\/fr\/wp-json\/wp\/v2\/pages\/21749\/revisions"}],"predecessor-version":[{"id":34497,"href":"https:\/\/fineamin.com\/fr\/wp-json\/wp\/v2\/pages\/21749\/revisions\/34497"}],"wp:attachment":[{"href":"https:\/\/fineamin.com\/fr\/wp-json\/wp\/v2\/media?parent=21749"}],"curies":[{"name":"wp","href":"https:\/\/api.w.org\/{rel}","templated":true}]}}