{"id":21742,"date":"2025-01-08T09:01:16","date_gmt":"2025-01-08T09:01:16","guid":{"rendered":"https:\/\/fineamin.com\/bibliotheque-des-documents\/videos\/"},"modified":"2026-03-24T08:46:25","modified_gmt":"2026-03-24T08:46:25","slug":"videos","status":"publish","type":"page","link":"https:\/\/fineamin.com\/fr\/documents\/videos\/","title":{"rendered":"Webinaires et formations sur le tournage des amines"},"content":{"rendered":"\t\t<div data-elementor-type=\"wp-page\" data-elementor-id=\"21742\" class=\"elementor elementor-21742 elementor-18509\" data-elementor-post-type=\"page\">\n\t\t\t\t<div class=\"elementor-element elementor-element-1ef29a5 e-con-full e-flex e-con e-parent\" data-id=\"1ef29a5\" data-element_type=\"container\" data-e-type=\"container\" data-settings=\"{&quot;background_background&quot;:&quot;classic&quot;}\">\n\t\t\t\t<div class=\"elementor-element elementor-element-9297245 elementor-widget elementor-widget-heading\" data-id=\"9297245\" data-element_type=\"widget\" data-e-type=\"widget\" data-widget_type=\"heading.default\">\n\t\t\t\t<div class=\"elementor-widget-container\">\n\t\t\t\t\t<h1 class=\"elementor-heading-title elementor-size-default\">Webinaires et formation<\/h1>\t\t\t\t<\/div>\n\t\t\t\t<\/div>\n\t\t\t\t<\/div>\n\t\t<div class=\"elementor-element elementor-element-26f1ba7 e-flex e-con-boxed e-con e-parent\" data-id=\"26f1ba7\" data-element_type=\"container\" data-e-type=\"container\">\n\t\t\t\t\t<div class=\"e-con-inner\">\n\t\t<div class=\"elementor-element elementor-element-4482502 e-con-full e-flex e-con e-child\" data-id=\"4482502\" data-element_type=\"container\" data-e-type=\"container\">\n\t\t\t\t<div class=\"elementor-element elementor-element-b48aa9f elementor-widget elementor-widget-video\" data-id=\"b48aa9f\" data-element_type=\"widget\" data-e-type=\"widget\" data-settings=\"{&quot;youtube_url&quot;:&quot;https:\\\/\\\/www.youtube.com\\\/watch?v=8iqxl2EXq7Y&quot;,&quot;lazy_load&quot;:&quot;yes&quot;,&quot;video_type&quot;:&quot;youtube&quot;,&quot;controls&quot;:&quot;yes&quot;}\" data-widget_type=\"video.default\">\n\t\t\t\t<div class=\"elementor-widget-container\">\n\t\t\t\t\t\t\t<div class=\"elementor-wrapper elementor-open-inline\">\n\t\t\t<div class=\"elementor-video\"><\/div>\t\t<\/div>\n\t\t\t\t\t\t<\/div>\n\t\t\t\t<\/div>\n\t\t\t\t<div class=\"elementor-element elementor-element-2348a89 elementor-widget elementor-widget-text-editor\" data-id=\"2348a89\" data-element_type=\"widget\" data-e-type=\"widget\" data-widget_type=\"text-editor.default\">\n\t\t\t\t<div class=\"elementor-widget-container\">\n\t\t\t\t\t\t\t\t\t<p>Un test comparatif et une d\u00e9monstration en direct du comportement de l&rsquo;eau au contact des <strong>surfaces m\u00e9talliques, trait\u00e9es et non trait\u00e9es avec les m\u00e9langes FINEAMIN \/ polyamines filmantes<\/strong>. La surface m\u00e9tallique recouverte d&rsquo;une couche de polyamines repousse les gouttes d&rsquo;eau. <\/p>\t\t\t\t\t\t\t\t<\/div>\n\t\t\t\t<\/div>\n\t\t\t\t<\/div>\n\t\t<div class=\"elementor-element elementor-element-e9ceb47 e-con-full e-flex e-con e-child\" data-id=\"e9ceb47\" data-element_type=\"container\" data-e-type=\"container\">\n\t\t\t\t<div class=\"elementor-element elementor-element-cd0c06d elementor-widget elementor-widget-video\" data-id=\"cd0c06d\" data-element_type=\"widget\" data-e-type=\"widget\" data-settings=\"{&quot;youtube_url&quot;:&quot;https:\\\/\\\/youtu.be\\\/AwZ6X7Qesmc?si=oXe9rWl-YTk46lyg&quot;,&quot;lazy_load&quot;:&quot;yes&quot;,&quot;video_type&quot;:&quot;youtube&quot;,&quot;controls&quot;:&quot;yes&quot;}\" data-widget_type=\"video.default\">\n\t\t\t\t<div class=\"elementor-widget-container\">\n\t\t\t\t\t\t\t<div class=\"elementor-wrapper elementor-open-inline\">\n\t\t\t<div class=\"elementor-video\"><\/div>\t\t<\/div>\n\t\t\t\t\t\t<\/div>\n\t\t\t\t<\/div>\n\t\t\t\t<div class=\"elementor-element elementor-element-2c75661 elementor-widget elementor-widget-text-editor\" data-id=\"2c75661\" data-element_type=\"widget\" data-e-type=\"widget\" data-widget_type=\"text-editor.default\">\n\t\t\t\t<div class=\"elementor-widget-container\">\n\t\t\t\t\t\t\t\t\t<p><br>Vous \u00eates-vous d\u00e9j\u00e0 demand\u00e9 ce qui se passe avant que des milliers de f\u00fbts bleus de FINEAMIN, remplis d&rsquo;amines filmantes, soient scell\u00e9s dans des conteneurs, emball\u00e9s herm\u00e9tiquement et<br>dans l&rsquo;attente d&rsquo;\u00eatre exp\u00e9di\u00e9s dans le monde entier ? Voici l&rsquo;<b>usine et l&rsquo;entrep\u00f4t de Fineamin<\/b>.  Tout commence ici. \u00c0 <b>Gen\u00e8ve, en Suisse<\/b>.<o:p><\/o:p><\/p>\t\t\t\t\t\t\t\t<\/div>\n\t\t\t\t<\/div>\n\t\t\t\t<\/div>\n\t\t\t\t\t<\/div>\n\t\t\t\t<\/div>\n\t\t<div class=\"elementor-element elementor-element-eccc49d e-grid e-con-boxed e-con e-parent\" data-id=\"eccc49d\" data-element_type=\"container\" data-e-type=\"container\">\n\t\t\t\t\t<div class=\"e-con-inner\">\n\t\t\t\t<div class=\"elementor-element elementor-element-386ba34 elementor-widget elementor-widget-video\" data-id=\"386ba34\" data-element_type=\"widget\" data-e-type=\"widget\" data-settings=\"{&quot;youtube_url&quot;:&quot;https:\\\/\\\/youtu.be\\\/7UiTITRW0EM&quot;,&quot;video_type&quot;:&quot;youtube&quot;,&quot;controls&quot;:&quot;yes&quot;}\" data-widget_type=\"video.default\">\n\t\t\t\t<div class=\"elementor-widget-container\">\n\t\t\t\t\t\t\t<div class=\"elementor-wrapper elementor-open-inline\">\n\t\t\t<div class=\"elementor-video\"><\/div>\t\t<\/div>\n\t\t\t\t\t\t<\/div>\n\t\t\t\t<\/div>\n\t\t\t\t<div class=\"elementor-element elementor-element-6609a29 elementor-widget elementor-widget-video\" data-id=\"6609a29\" data-element_type=\"widget\" data-e-type=\"widget\" data-settings=\"{&quot;youtube_url&quot;:&quot;https:\\\/\\\/youtu.be\\\/LezyMcniWJ8?si=Mp1odfAz8T7_d88a&quot;,&quot;video_type&quot;:&quot;youtube&quot;,&quot;controls&quot;:&quot;yes&quot;}\" data-widget_type=\"video.default\">\n\t\t\t\t<div class=\"elementor-widget-container\">\n\t\t\t\t\t\t\t<div class=\"elementor-wrapper elementor-open-inline\">\n\t\t\t<div class=\"elementor-video\"><\/div>\t\t<\/div>\n\t\t\t\t\t\t<\/div>\n\t\t\t\t<\/div>\n\t\t\t\t<div class=\"elementor-element elementor-element-87934ed elementor-widget elementor-widget-text-editor\" data-id=\"87934ed\" data-element_type=\"widget\" data-e-type=\"widget\" data-widget_type=\"text-editor.default\">\n\t\t\t\t<div class=\"elementor-widget-container\">\n\t\t\t\t\t\t\t\t\t<p>Un <strong>webinaire de 30 minutes<\/strong> a \u00e9t\u00e9 consacr\u00e9 \u00e0 <strong>la mani\u00e8re dont <\/strong><a href=\"https:\/\/fineamin.com\/fr\/amines-filmogenes\/\">les amines filmantes<\/a><strong> peuvent remplacer ou compl\u00e9ter les produits chimiques traditionnels de traitement de l&rsquo;eau<\/strong> (pi\u00e9geurs d&rsquo;oxyg\u00e8ne, dispersants, biocides, etc.) dans les g\u00e9n\u00e9rateurs de vapeur, les tours de refroidissement et les circuits ferm\u00e9s.<\/p>\t\t\t\t\t\t\t\t<\/div>\n\t\t\t\t<\/div>\n\t\t\t\t<div class=\"elementor-element elementor-element-b3f103d elementor-widget elementor-widget-text-editor\" data-id=\"b3f103d\" data-element_type=\"widget\" data-e-type=\"widget\" data-widget_type=\"text-editor.default\">\n\t\t\t\t<div class=\"elementor-widget-container\">\n\t\t\t\t\t\t\t\t\t<p class=\"MsoNormal\">Un <b>webinaire de 30 minutes<\/b> sur notre <b>nouvelle g\u00e9n\u00e9ration de m\u00e9langes de polyamines\n<\/b> ( <b>ne<\/b> contenant <b>pas de cyclohexylamine)<\/b> qui peut\nam\u00e9liorer le fonctionnement des chaudi\u00e8res : prolonger la dur\u00e9e de vie des \u00e9quipements, r\u00e9duire les co\u00fbts de maintenance, diminuer la consommation de produits chimiques\net augmenter l&rsquo;efficacit\u00e9 \u00e9nerg\u00e9tique.<o:p><\/o:p><\/p>\t\t\t\t\t\t\t\t<\/div>\n\t\t\t\t<\/div>\n\t\t\t\t\t<\/div>\n\t\t\t\t<\/div>\n\t\t<div class=\"elementor-element elementor-element-82498b8 e-grid e-con-boxed e-con e-parent\" data-id=\"82498b8\" data-element_type=\"container\" data-e-type=\"container\">\n\t\t\t\t\t<div class=\"e-con-inner\">\n\t\t\t\t<div class=\"elementor-element elementor-element-819f0ed elementor-widget elementor-widget-video\" data-id=\"819f0ed\" data-element_type=\"widget\" data-e-type=\"widget\" data-settings=\"{&quot;youtube_url&quot;:&quot;https:\\\/\\\/www.youtube.com\\\/watch?v=rTo5z8ltZ6Y&amp;t=1046s&quot;,&quot;video_type&quot;:&quot;youtube&quot;,&quot;controls&quot;:&quot;yes&quot;}\" data-widget_type=\"video.default\">\n\t\t\t\t<div class=\"elementor-widget-container\">\n\t\t\t\t\t\t\t<div class=\"elementor-wrapper elementor-open-inline\">\n\t\t\t<div class=\"elementor-video\"><\/div>\t\t<\/div>\n\t\t\t\t\t\t<\/div>\n\t\t\t\t<\/div>\n\t\t\t\t<div class=\"elementor-element elementor-element-adf519d elementor-widget elementor-widget-video\" data-id=\"adf519d\" data-element_type=\"widget\" data-e-type=\"widget\" data-settings=\"{&quot;youtube_url&quot;:&quot;https:\\\/\\\/www.youtube.com\\\/watch?v=rxhPorrCeC8&amp;t=1s&quot;,&quot;video_type&quot;:&quot;youtube&quot;,&quot;controls&quot;:&quot;yes&quot;}\" data-widget_type=\"video.default\">\n\t\t\t\t<div class=\"elementor-widget-container\">\n\t\t\t\t\t\t\t<div class=\"elementor-wrapper elementor-open-inline\">\n\t\t\t<div class=\"elementor-video\"><\/div>\t\t<\/div>\n\t\t\t\t\t\t<\/div>\n\t\t\t\t<\/div>\n\t\t\t\t<div class=\"elementor-element elementor-element-b39043e elementor-widget elementor-widget-text-editor\" data-id=\"b39043e\" data-element_type=\"widget\" data-e-type=\"widget\" data-widget_type=\"text-editor.default\">\n\t\t\t\t<div class=\"elementor-widget-container\">\n\t\t\t\t\t\t\t\t\t<p><strong>Webinaire FINEAMIN<\/strong> pr\u00e9sentant des \u00e9tudes de cas, des applications pratiques et r\u00e9ussies de  <strong> <\/strong>des <a href=\"https:\/\/fineamin.com\/fr\/amines-filmogenes\/\">amines formant un film<\/a><strong>, <\/strong>pour des chaudi\u00e8res de diff\u00e9rentes pressions dans diverses industries. Avantages et \u00e9conomies en chiffres. <\/p>\t\t\t\t\t\t\t\t<\/div>\n\t\t\t\t<\/div>\n\t\t\t\t<div class=\"elementor-element elementor-element-4a32767 elementor-widget elementor-widget-text-editor\" data-id=\"4a32767\" data-element_type=\"widget\" data-e-type=\"widget\" data-widget_type=\"text-editor.default\">\n\t\t\t\t<div class=\"elementor-widget-container\">\n\t\t\t\t\t\t\t\t\t<p><b>Session en ligne sur l&rsquo;<a href=\"https:\/\/fineamin.com\/fr\/applications\/procedure-debullition-alcaline\/\" target=\"_blank\" rel=\"noopener\">\u00e9bullition alcaline<\/a> \u00e0 l&rsquo;aide d&rsquo;amines filmantes.<\/b> Informations sur la proc\u00e9dure d&rsquo;\u00e9bullition proprement dite, sur les raisons pour lesquelles les amines filmantes sont sup\u00e9rieures aux m\u00e9thodes traditionnelles et sur des exemples de suivi et de contr\u00f4le du processus.<\/p>\t\t\t\t\t\t\t\t<\/div>\n\t\t\t\t<\/div>\n\t\t\t\t<div class=\"elementor-element elementor-element-491e7b2 elementor-widget elementor-widget-video\" data-id=\"491e7b2\" data-element_type=\"widget\" data-e-type=\"widget\" data-settings=\"{&quot;youtube_url&quot;:&quot;https:\\\/\\\/youtu.be\\\/BqOntknKj6I&quot;,&quot;video_type&quot;:&quot;youtube&quot;,&quot;controls&quot;:&quot;yes&quot;}\" data-widget_type=\"video.default\">\n\t\t\t\t<div class=\"elementor-widget-container\">\n\t\t\t\t\t\t\t<div class=\"elementor-wrapper elementor-open-inline\">\n\t\t\t<div class=\"elementor-video\"><\/div>\t\t<\/div>\n\t\t\t\t\t\t<\/div>\n\t\t\t\t<\/div>\n\t\t\t\t<div class=\"elementor-element elementor-element-c5f8738 elementor-widget elementor-widget-video\" data-id=\"c5f8738\" data-element_type=\"widget\" data-e-type=\"widget\" data-settings=\"{&quot;youtube_url&quot;:&quot;https:\\\/\\\/youtu.be\\\/BA6hXzFy_Sw&quot;,&quot;video_type&quot;:&quot;youtube&quot;,&quot;controls&quot;:&quot;yes&quot;}\" data-widget_type=\"video.default\">\n\t\t\t\t<div class=\"elementor-widget-container\">\n\t\t\t\t\t\t\t<div class=\"elementor-wrapper elementor-open-inline\">\n\t\t\t<div class=\"elementor-video\"><\/div>\t\t<\/div>\n\t\t\t\t\t\t<\/div>\n\t\t\t\t<\/div>\n\t\t\t\t<div class=\"elementor-element elementor-element-829e3f1 elementor-widget elementor-widget-text-editor\" data-id=\"829e3f1\" data-element_type=\"widget\" data-e-type=\"widget\" data-widget_type=\"text-editor.default\">\n\t\t\t\t<div class=\"elementor-widget-container\">\n\t\t\t\t\t\t\t\t\t<p>Le webinaire aborde le <strong>m\u00e9canisme de protection des AGL<\/strong> sur les surfaces m\u00e9talliques contre la corrosion et les d\u00e9p\u00f4ts, tout en examinant si <strong>l&rsquo;OLDA est absorb\u00e9 sur les surfaces m\u00e9talliques dans des conditions de vapeur s\u00e8che<\/strong>. Les r\u00e9sultats des <strong>tests de gouttelettes et de la spectroscopie infrarouge (IR)<\/strong> men\u00e9s en collaboration avec des universit\u00e9s allemandes et japonaises indiquent <strong>clairement l&rsquo;absorption d&rsquo;AGL<\/strong> sur le m\u00e9tal expos\u00e9 \u00e0 la vapeur s\u00e8che.<\/p>\t\t\t\t\t\t\t\t<\/div>\n\t\t\t\t<\/div>\n\t\t\t\t<div class=\"elementor-element elementor-element-ba7dc4b elementor-widget elementor-widget-text-editor\" data-id=\"ba7dc4b\" data-element_type=\"widget\" data-e-type=\"widget\" data-widget_type=\"text-editor.default\">\n\t\t\t\t<div class=\"elementor-widget-container\">\n\t\t\t\t\t\t\t\t\t<p><strong>Que sont les amines filmog\u00e8nes et comment fonctionnent-elles ?<\/strong>  La vid\u00e9o explique le m\u00e9canisme de fonctionnement des amines filmantes FINEAMIN et la mani\u00e8re dont elles prot\u00e8gent les syst\u00e8mes industriels d&rsquo;eau et de vapeur contre la corrosion. Lorsque Fineamin circule avec l&rsquo;eau et la vapeur, ses mol\u00e9cules actives se r\u00e9partissent dans l&rsquo;ensemble du syst\u00e8me &#8211; y compris les tuyaux, les \u00e9changeurs de chaleur et les conduites de condensat. <\/p>\t\t\t\t\t\t\t\t<\/div>\n\t\t\t\t<\/div>\n\t\t\t\t\t<\/div>\n\t\t\t\t<\/div>\n\t\t<div class=\"elementor-element elementor-element-78da80f e-grid e-con-boxed e-con e-parent\" data-id=\"78da80f\" data-element_type=\"container\" data-e-type=\"container\">\n\t\t\t\t\t<div class=\"e-con-inner\">\n\t\t\t\t<div class=\"elementor-element elementor-element-d423120 elementor-widget elementor-widget-video\" data-id=\"d423120\" data-element_type=\"widget\" data-e-type=\"widget\" data-settings=\"{&quot;youtube_url&quot;:&quot;https:\\\/\\\/www.youtube.com\\\/watch?v=LvybRksBQXY&quot;,&quot;video_type&quot;:&quot;youtube&quot;,&quot;controls&quot;:&quot;yes&quot;}\" data-widget_type=\"video.default\">\n\t\t\t\t<div class=\"elementor-widget-container\">\n\t\t\t\t\t\t\t<div class=\"elementor-wrapper elementor-open-inline\">\n\t\t\t<div class=\"elementor-video\"><\/div>\t\t<\/div>\n\t\t\t\t\t\t<\/div>\n\t\t\t\t<\/div>\n\t\t\t\t<div class=\"elementor-element elementor-element-68a311c elementor-widget elementor-widget-video\" data-id=\"68a311c\" data-element_type=\"widget\" data-e-type=\"widget\" data-settings=\"{&quot;youtube_url&quot;:&quot;https:\\\/\\\/youtu.be\\\/j18OylZJEd4&quot;,&quot;video_type&quot;:&quot;youtube&quot;,&quot;controls&quot;:&quot;yes&quot;}\" data-widget_type=\"video.default\">\n\t\t\t\t<div class=\"elementor-widget-container\">\n\t\t\t\t\t\t\t<div class=\"elementor-wrapper elementor-open-inline\">\n\t\t\t<div class=\"elementor-video\"><\/div>\t\t<\/div>\n\t\t\t\t\t\t<\/div>\n\t\t\t\t<\/div>\n\t\t\t\t<div class=\"elementor-element elementor-element-61deb67 elementor-widget elementor-widget-text-editor\" data-id=\"61deb67\" data-element_type=\"widget\" data-e-type=\"widget\" data-widget_type=\"text-editor.default\">\n\t\t\t\t<div class=\"elementor-widget-container\">\n\t\t\t\t\t\t\t\t\t<p>Vid\u00e9o de pr\u00e9sentation pour <a style=\"background-color: #ffffff; color: #063145; transition-property: all;\" title=\"Inhibiteur de corrosion pour chaudi\u00e8res\" href=\"https:\/\/fineamin.com\/fr\/traitement-de-leau-de-chaudiere\/fineamin-06-2\/\"><span style=\"font-weight: bold;\">Fineamin 06, inhibiteur de corrosion<\/span><\/a> et sa polyvalence dans de multiples industries et diverses mises en \u0153uvre en tant que solution \u00e0 tambour unique pour le traitement de l&rsquo;eau des syst\u00e8mes de g\u00e9n\u00e9rateurs de vapeur.<\/p>\t\t\t\t\t\t\t\t<\/div>\n\t\t\t\t<\/div>\n\t\t\t\t<div class=\"elementor-element elementor-element-e360ef5 elementor-widget elementor-widget-text-editor\" data-id=\"e360ef5\" data-element_type=\"widget\" data-e-type=\"widget\" data-widget_type=\"text-editor.default\">\n\t\t\t\t<div class=\"elementor-widget-container\">\n\t\t\t\t\t\t\t\t\t<p><span style=\"font-size: 14px;\">Un expos\u00e9 bref mais inspirant sur la gestion de l&rsquo;innovation technologique par M. Hossam Abou Zeid, lors de la semaine de congr\u00e8s sur le leadership et la gestion. <\/span><span style=\"font-weight: bold; font-size: 14px;\">Semaine du congr\u00e8s sur le leadership et la gestion<\/span><span style=\"font-size: 14px;\">\u00e0 Sharjah, aux \u00c9mirats arabes unis, en 2019.<\/span><\/p>\t\t\t\t\t\t\t\t<\/div>\n\t\t\t\t<\/div>\n\t\t\t\t\t<\/div>\n\t\t\t\t<\/div>\n\t\t\t\t<\/div>\n\t\t","protected":false},"excerpt":{"rendered":"<p>Webinaires et formation https:\/\/www.youtube.com\/watch?v=8iqxl2EXq7Y Un test comparatif et une d\u00e9monstration en direct du comportement de l&rsquo;eau au contact des surfaces [&hellip;]<\/p>\n","protected":false},"author":1,"featured_media":0,"parent":21667,"menu_order":0,"comment_status":"closed","ping_status":"closed","template":"","meta":{"_seopress_robots_primary_cat":"","_seopress_titles_title":"Filmer les webinaires et les formations sur les amines et les additifs","_seopress_titles_desc":"Regardez les webinaires FINEAMIN sur le tournage des amines, notamment leur interaction avec les surfaces m\u00e9talliques, le traitement de l'eau des chaudi\u00e8res et les innovations dans les syst\u00e8mes d'eau industrielle.","_seopress_robots_index":"","site-sidebar-layout":"no-sidebar","site-content-layout":"","ast-site-content-layout":"full-width-container","site-content-style":"default","site-sidebar-style":"default","ast-global-header-display":"","ast-banner-title-visibility":"","ast-main-header-display":"","ast-hfb-above-header-display":"","ast-hfb-below-header-display":"","ast-hfb-mobile-header-display":"","site-post-title":"disabled","ast-breadcrumbs-content":"","ast-featured-img":"disabled","footer-sml-layout":"","ast-disable-related-posts":"","theme-transparent-header-meta":"","adv-header-id-meta":"","stick-header-meta":"","header-above-stick-meta":"","header-main-stick-meta":"","header-below-stick-meta":"","astra-migrate-meta-layouts":"default","ast-page-background-enabled":"default","ast-page-background-meta":{"desktop":{"background-color":"var(--ast-global-color-4)","background-image":"","background-repeat":"repeat","background-position":"center center","background-size":"auto","background-attachment":"scroll","background-type":"","background-media":"","overlay-type":"","overlay-color":"","overlay-opacity":"","overlay-gradient":""},"tablet":{"background-color":"","background-image":"","background-repeat":"repeat","background-position":"center center","background-size":"auto","background-attachment":"scroll","background-type":"","background-media":"","overlay-type":"","overlay-color":"","overlay-opacity":"","overlay-gradient":""},"mobile":{"background-color":"","background-image":"","background-repeat":"repeat","background-position":"center center","background-size":"auto","background-attachment":"scroll","background-type":"","background-media":"","overlay-type":"","overlay-color":"","overlay-opacity":"","overlay-gradient":""}},"ast-content-background-meta":{"desktop":{"background-color":"var(--ast-global-color-5)","background-image":"","background-repeat":"repeat","background-position":"center center","background-size":"auto","background-attachment":"scroll","background-type":"","background-media":"","overlay-type":"","overlay-color":"","overlay-opacity":"","overlay-gradient":""},"tablet":{"background-color":"var(--ast-global-color-5)","background-image":"","background-repeat":"repeat","background-position":"center center","background-size":"auto","background-attachment":"scroll","background-type":"","background-media":"","overlay-type":"","overlay-color":"","overlay-opacity":"","overlay-gradient":""},"mobile":{"background-color":"var(--ast-global-color-5)","background-image":"","background-repeat":"repeat","background-position":"center center","background-size":"auto","background-attachment":"scroll","background-type":"","background-media":"","overlay-type":"","overlay-color":"","overlay-opacity":"","overlay-gradient":""}},"footnotes":""},"class_list":["post-21742","page","type-page","status-publish","hentry"],"_links":{"self":[{"href":"https:\/\/fineamin.com\/fr\/wp-json\/wp\/v2\/pages\/21742","targetHints":{"allow":["GET"]}}],"collection":[{"href":"https:\/\/fineamin.com\/fr\/wp-json\/wp\/v2\/pages"}],"about":[{"href":"https:\/\/fineamin.com\/fr\/wp-json\/wp\/v2\/types\/page"}],"author":[{"embeddable":true,"href":"https:\/\/fineamin.com\/fr\/wp-json\/wp\/v2\/users\/1"}],"replies":[{"embeddable":true,"href":"https:\/\/fineamin.com\/fr\/wp-json\/wp\/v2\/comments?post=21742"}],"version-history":[{"count":6,"href":"https:\/\/fineamin.com\/fr\/wp-json\/wp\/v2\/pages\/21742\/revisions"}],"predecessor-version":[{"id":45303,"href":"https:\/\/fineamin.com\/fr\/wp-json\/wp\/v2\/pages\/21742\/revisions\/45303"}],"up":[{"embeddable":true,"href":"https:\/\/fineamin.com\/fr\/wp-json\/wp\/v2\/pages\/21667"}],"wp:attachment":[{"href":"https:\/\/fineamin.com\/fr\/wp-json\/wp\/v2\/media?parent=21742"}],"curies":[{"name":"wp","href":"https:\/\/api.w.org\/{rel}","templated":true}]}}