{"id":21615,"date":"2025-02-10T14:09:03","date_gmt":"2025-02-10T14:09:03","guid":{"rendered":"https:\/\/fineamin.com\/pour-les-systemes-de-refroidissement\/fineamine-92\/"},"modified":"2025-04-08T14:29:37","modified_gmt":"2025-04-08T14:29:37","slug":"fineamine-92","status":"publish","type":"page","link":"https:\/\/fineamin.com\/fr\/pour-les-systemes-de-refroidissement\/fineamine-92\/","title":{"rendered":"FINEAMINE 92"},"content":{"rendered":"\t\t<div data-elementor-type=\"wp-page\" data-elementor-id=\"21615\" class=\"elementor elementor-21615 elementor-19664\" data-elementor-post-type=\"page\">\n\t\t\t\t<div class=\"elementor-element elementor-element-1ef29a5 e-con-full e-flex e-con e-parent\" data-id=\"1ef29a5\" data-element_type=\"container\" data-e-type=\"container\" data-settings=\"{&quot;background_background&quot;:&quot;classic&quot;}\">\n\t\t\t\t<div class=\"elementor-element elementor-element-94e7ea5 elementor-widget elementor-widget-heading\" data-id=\"94e7ea5\" data-element_type=\"widget\" data-e-type=\"widget\" data-widget_type=\"heading.default\">\n\t\t\t\t<div class=\"elementor-widget-container\">\n\t\t\t\t\t<p class=\"elementor-heading-title elementor-size-default\">INHIBITEURS DE CORROSION POUR LES SYST\u00c8MES DE REFROIDISSEMENT INDUSTRIELS<\/p>\t\t\t\t<\/div>\n\t\t\t\t<\/div>\n\t\t\t\t<div class=\"elementor-element elementor-element-9297245 elementor-widget elementor-widget-heading\" data-id=\"9297245\" data-element_type=\"widget\" data-e-type=\"widget\" data-widget_type=\"heading.default\">\n\t\t\t\t<div class=\"elementor-widget-container\">\n\t\t\t\t\t<h1 class=\"elementor-heading-title elementor-size-default\">FINEAMINE 92<\/h1>\t\t\t\t<\/div>\n\t\t\t\t<\/div>\n\t\t\t\t<div class=\"elementor-element elementor-element-5ff9210 elementor-widget-divider--view-line elementor-widget elementor-widget-divider\" data-id=\"5ff9210\" data-element_type=\"widget\" data-e-type=\"widget\" data-widget_type=\"divider.default\">\n\t\t\t\t<div class=\"elementor-widget-container\">\n\t\t\t\t\t\t\t<div class=\"elementor-divider\">\n\t\t\t<span class=\"elementor-divider-separator\">\n\t\t\t\t\t\t<\/span>\n\t\t<\/div>\n\t\t\t\t\t\t<\/div>\n\t\t\t\t<\/div>\n\t\t\t\t<div class=\"elementor-element elementor-element-16dc2ad elementor-widget elementor-widget-heading\" data-id=\"16dc2ad\" data-element_type=\"widget\" data-e-type=\"widget\" data-widget_type=\"heading.default\">\n\t\t\t\t<div class=\"elementor-widget-container\">\n\t\t\t\t\t<p class=\"elementor-heading-title elementor-size-default\">Inhibiteurs de corrosion et d'entartrage de l'eau de refroidissement utilis\u00e9s comme produits de traitement de l'eau \"tout-en-un\", phosphonates et produits chimiques \u00e0 base de zinc<\/p>\t\t\t\t<\/div>\n\t\t\t\t<\/div>\n\t\t\t\t<\/div>\n\t\t<div class=\"elementor-element elementor-element-7817866 e-flex e-con-boxed e-con e-parent\" data-id=\"7817866\" data-element_type=\"container\" data-e-type=\"container\" data-settings=\"{&quot;background_background&quot;:&quot;classic&quot;}\">\n\t\t\t\t\t<div class=\"e-con-inner\">\n\t\t<div class=\"elementor-element elementor-element-89c20d1 e-con-full e-flex e-con e-child\" data-id=\"89c20d1\" data-element_type=\"container\" data-e-type=\"container\">\n\t\t<div class=\"elementor-element elementor-element-cd221a6 e-con-full e-flex e-con e-child\" data-id=\"cd221a6\" data-element_type=\"container\" data-e-type=\"container\">\n\t\t\t\t<div class=\"elementor-element elementor-element-2a84f7a subtitle elementor-widget elementor-widget-text-editor\" data-id=\"2a84f7a\" data-element_type=\"widget\" data-e-type=\"widget\" data-widget_type=\"text-editor.default\">\n\t\t\t\t<div class=\"elementor-widget-container\">\n\t\t\t\t\t\t\t\t\t<p>Description du produit<\/p>\t\t\t\t\t\t\t\t<\/div>\n\t\t\t\t<\/div>\n\t\t\t\t<div class=\"elementor-element elementor-element-d81f533 elementor-widget elementor-widget-text-editor\" data-id=\"d81f533\" data-element_type=\"widget\" data-e-type=\"widget\" data-widget_type=\"text-editor.default\">\n\t\t\t\t<div class=\"elementor-widget-container\">\n\t\t\t\t\t\t\t\t\t<div class=\"wpb_text_column wpb_content_element\"><div class=\"wpb_wrapper\"><div class=\"wpb_text_column wpb_content_element\"><div class=\"wpb_wrapper\"><p><strong>FINEAMIN 92<\/strong> est un produit chimique polyvalent de pointe pour le traitement de l&rsquo;eau de refroidissement, destin\u00e9 \u00e0 lutter contre la corrosion et l&rsquo;encrassement dans les syst\u00e8mes de recirculation ouverts. L&rsquo;additif est un produit liquide tout-en-un \u00e0 base de zinc. <\/p><p>Cette formulation sp\u00e9cialement d\u00e9velopp\u00e9e pr\u00e9vient la corrosion de l&rsquo;acier et du cuivre, prot\u00e8ge les surfaces, les nettoie et les maintient propres, r\u00e9duisant ainsi les p\u00e9riodes d&rsquo;arr\u00eat co\u00fbteuses et les frais d&rsquo;entretien.<\/p><\/div><\/div><div class=\"wpb_text_column wpb_content_element\"><div class=\"wpb_wrapper\"><p><strong>FINEAMIN 92<\/strong> offre une inhibition tr\u00e8s efficace de la corrosion pour l&rsquo;acier doux et les mat\u00e9riaux en cuivre (et alliages de cuivre) et doit \u00eatre utilis\u00e9 dans <a title=\"traitement de l'eau de refroidissement\" href=\"https:\/\/fineamin.com\/fr\/pour-les-systemes-de-refroidissement\/\"><strong>eaux de refroidissement industrielles<\/strong><\/a> avec un minimum de probl\u00e8mes d&rsquo;\u00e9limination des eaux.<\/p><p>Les principaux composants sont l&rsquo;acide polycarboxilique, l&rsquo;acide phosphonique et le zinc. L&rsquo;acide phosphonique forme une couche protectrice (inhibition de la membrane) en combinaison avec l&rsquo;action de l&rsquo;ion zinc. En outre, le pouvoir dispersant \u00e9lev\u00e9 des acides phosphonique et carboxylique \u00e9vite la corrosion en emp\u00eachant la formation de d\u00e9p\u00f4ts sur les surfaces.  <\/p><p>La formation de tartre est emp\u00each\u00e9e par l&rsquo;effet TRESHOLD. La croissance des germes cristallins est bloqu\u00e9e, m\u00eame \u00e0 des concentrations sub-stochiom\u00e9triques, et les pr\u00e9cipitants amorphes peuvent \u00eatre \u00e9limin\u00e9s du syst\u00e8me par une purge normale. <\/p><\/div><\/div><\/div><\/div>\t\t\t\t\t\t\t\t<\/div>\n\t\t\t\t<\/div>\n\t\t\t\t<div class=\"elementor-element elementor-element-15a8ee3 subtitle elementor-widget elementor-widget-text-editor\" data-id=\"15a8ee3\" data-element_type=\"widget\" data-e-type=\"widget\" data-widget_type=\"text-editor.default\">\n\t\t\t\t<div class=\"elementor-widget-container\">\n\t\t\t\t\t\t\t\t\t<p>Application et dosage<\/p>\t\t\t\t\t\t\t\t<\/div>\n\t\t\t\t<\/div>\n\t\t\t\t<div class=\"elementor-element elementor-element-f696b79 elementor-widget elementor-widget-text-editor\" data-id=\"f696b79\" data-element_type=\"widget\" data-e-type=\"widget\" data-widget_type=\"text-editor.default\">\n\t\t\t\t<div class=\"elementor-widget-container\">\n\t\t\t\t\t\t\t\t\t<p>Le taux de dosage normal de <strong>FINEAMIN 92<\/strong> devrait se situer entre 35 et 60 ppm dans l&rsquo;eau de recirculation. Toutefois, ce taux peut varier en fonction de l&rsquo;analyse de l&rsquo;eau et des facteurs suivants : taux de concentration, duret\u00e9, alcalinit\u00e9, pH, indice de temps de maintien, temp\u00e9rature, TDS, SS, etc. <\/p><p>Une protection rapide contre la corrosion est obtenue en<strong> pr\u00e9traitant le syst\u00e8me<\/strong> avec trois \u00e0 cinq fois le dosage d&rsquo;entretien normal pendant sept \u00e0 dix jours. Le dosage d&rsquo;entretien est ensuite appliqu\u00e9 \u00e0 l&rsquo;eau de recirculation en permanence. <\/p><p>Notre \u00e9quipe <a title=\"support technique fineamin\" href=\"https:\/\/fineamin.com\/industrial-water-treatment-chemicals\/technical-support\/\"><strong>\u00e9quipe technique<\/strong><\/a> vous conseillera sur le dosage sp\u00e9cifique \u00e0 votre syst\u00e8me.<\/p>\t\t\t\t\t\t\t\t<\/div>\n\t\t\t\t<\/div>\n\t\t\t\t<\/div>\n\t\t<div class=\"elementor-element elementor-element-691556f e-con-full e-flex e-con e-child\" data-id=\"691556f\" data-element_type=\"container\" data-e-type=\"container\">\n\t\t\t\t<div class=\"elementor-element elementor-element-d201481 elementor-widget elementor-widget-image\" data-id=\"d201481\" data-element_type=\"widget\" data-e-type=\"widget\" data-widget_type=\"image.default\">\n\t\t\t\t<div class=\"elementor-widget-container\">\n\t\t\t\t\t\t\t\t\t\t\t\t\t\t\t<img fetchpriority=\"high\" decoding=\"async\" width=\"1024\" height=\"495\" src=\"https:\/\/fineamin.com\/wp-content\/uploads\/2025\/02\/240130_Fineamin-92-1024x495.jpg\" class=\"attachment-large size-large wp-image-19667\" alt=\"Fineamin 92\" srcset=\"https:\/\/fineamin.com\/wp-content\/uploads\/2025\/02\/240130_Fineamin-92-1024x495.jpg 1024w, https:\/\/fineamin.com\/wp-content\/uploads\/2025\/02\/240130_Fineamin-92-300x145.jpg 300w, https:\/\/fineamin.com\/wp-content\/uploads\/2025\/02\/240130_Fineamin-92-768x371.jpg 768w, https:\/\/fineamin.com\/wp-content\/uploads\/2025\/02\/240130_Fineamin-92-1536x742.jpg 1536w, https:\/\/fineamin.com\/wp-content\/uploads\/2025\/02\/240130_Fineamin-92.jpg 1887w\" sizes=\"(max-width: 1024px) 100vw, 1024px\" \/>\t\t\t\t\t\t\t\t\t\t\t\t\t\t\t<\/div>\n\t\t\t\t<\/div>\n\t\t\t\t<div class=\"elementor-element elementor-element-46b4c9a subtitle elementor-widget elementor-widget-text-editor\" data-id=\"46b4c9a\" data-element_type=\"widget\" data-e-type=\"widget\" data-widget_type=\"text-editor.default\">\n\t\t\t\t<div class=\"elementor-widget-container\">\n\t\t\t\t\t\t\t\t\t<p>Propri\u00e9t\u00e9s chimiques<\/p>\t\t\t\t\t\t\t\t<\/div>\n\t\t\t\t<\/div>\n\t\t<div class=\"elementor-element elementor-element-47434a5 e-con-full e-flex e-con e-child\" data-id=\"47434a5\" data-element_type=\"container\" data-e-type=\"container\" data-settings=\"{&quot;background_background&quot;:&quot;classic&quot;}\">\n\t\t<div class=\"elementor-element elementor-element-60fcdba e-con-full e-flex e-con e-child\" data-id=\"60fcdba\" data-element_type=\"container\" data-e-type=\"container\">\n\t\t<div class=\"elementor-element elementor-element-57ed72e e-con-full e-flex e-con e-child\" data-id=\"57ed72e\" data-element_type=\"container\" data-e-type=\"container\">\n\t\t\t\t<div class=\"elementor-element elementor-element-9c11e09 elementor-widget elementor-widget-price-list\" data-id=\"9c11e09\" data-element_type=\"widget\" data-e-type=\"widget\" data-widget_type=\"price-list.default\">\n\t\t\t\t<div class=\"elementor-widget-container\">\n\t\t\t\t\t\n\t\t<ul class=\"elementor-price-list\">\n\n\t\t\t\t\t\t\t\t\t<li class=\"elementor-price-list-item\">\t\t\t\t\n\t\t\t\t<div class=\"elementor-price-list-text\">\n\t\t\t\t\t\t\t\t\t<div class=\"elementor-price-list-header\">\n\t\t\t\t\t\t\t\t\t\t\t<span class=\"elementor-price-list-title\">\n\t\t\t\t\t\t\tForme :\t\t\t\t\t\t<\/span>\n\t\t\t\t\t\t\t\t\t\t\t\t\t\t\t\t\t\t<span class=\"elementor-price-list-separator\"><\/span>\n\t\t\t\t\t\t\t\t\t\t\t\t\t\t\t\t\t\t\t<span class=\"elementor-price-list-price\">Liquide tr\u00e8s stable<\/span>\n\t\t\t\t\t\t\t\t\t\t<\/div>\n\t\t\t\t\t\t\t\t\t\t\t\t<\/div>\n\t\t\t\t<\/li>\t\t\t\t\t\t\t\t\t\t\t\t<li class=\"elementor-price-list-item\">\t\t\t\t\n\t\t\t\t<div class=\"elementor-price-list-text\">\n\t\t\t\t\t\t\t\t\t<div class=\"elementor-price-list-header\">\n\t\t\t\t\t\t\t\t\t\t\t<span class=\"elementor-price-list-title\">\n\t\t\t\t\t\t\tCouleur :\t\t\t\t\t\t<\/span>\n\t\t\t\t\t\t\t\t\t\t\t\t\t\t\t\t\t\t<span class=\"elementor-price-list-separator\"><\/span>\n\t\t\t\t\t\t\t\t\t\t\t\t\t\t\t\t\t\t\t<span class=\"elementor-price-list-price\">Incolore<\/span>\n\t\t\t\t\t\t\t\t\t\t<\/div>\n\t\t\t\t\t\t\t\t\t\t\t\t<\/div>\n\t\t\t\t<\/li>\t\t\t\t\t\t\t\t\t\t\t\t<li class=\"elementor-price-list-item\">\t\t\t\t\n\t\t\t\t<div class=\"elementor-price-list-text\">\n\t\t\t\t\t\t\t\t\t<div class=\"elementor-price-list-header\">\n\t\t\t\t\t\t\t\t\t\t\t<span class=\"elementor-price-list-title\">\n\t\t\t\t\t\t\tOdeur :  \t\t\t\t\t\t<\/span>\n\t\t\t\t\t\t\t\t\t\t\t\t\t\t\t\t\t\t<span class=\"elementor-price-list-separator\"><\/span>\n\t\t\t\t\t\t\t\t\t\t\t\t\t\t\t\t\t\t\t<span class=\"elementor-price-list-price\">Caract\u00e9ristique<\/span>\n\t\t\t\t\t\t\t\t\t\t<\/div>\n\t\t\t\t\t\t\t\t\t\t\t\t<\/div>\n\t\t\t\t<\/li>\t\t\t\t\t\n\t\t<\/ul>\n\n\t\t\t\t\t\t<\/div>\n\t\t\t\t<\/div>\n\t\t\t\t<\/div>\n\t\t<div class=\"elementor-element elementor-element-0e24549 e-con-full e-flex e-con e-child\" data-id=\"0e24549\" data-element_type=\"container\" data-e-type=\"container\">\n\t\t\t\t<div class=\"elementor-element elementor-element-65d48b0 elementor-widget elementor-widget-price-list\" data-id=\"65d48b0\" data-element_type=\"widget\" data-e-type=\"widget\" data-widget_type=\"price-list.default\">\n\t\t\t\t<div class=\"elementor-widget-container\">\n\t\t\t\t\t\n\t\t<ul class=\"elementor-price-list\">\n\n\t\t\t\t\t\t\t\t\t<li class=\"elementor-price-list-item\">\t\t\t\t\n\t\t\t\t<div class=\"elementor-price-list-text\">\n\t\t\t\t\t\t\t\t\t<div class=\"elementor-price-list-header\">\n\t\t\t\t\t\t\t\t\t\t\t<span class=\"elementor-price-list-title\">\n\t\t\t\t\t\t\tPoint de cong\u00e9lation :\t\t\t\t\t\t<\/span>\n\t\t\t\t\t\t\t\t\t\t\t\t\t\t\t\t\t\t<span class=\"elementor-price-list-separator\"><\/span>\n\t\t\t\t\t\t\t\t\t\t\t\t\t\t\t\t\t\t\t<span class=\"elementor-price-list-price\">-10\u00b0C<\/span>\n\t\t\t\t\t\t\t\t\t\t<\/div>\n\t\t\t\t\t\t\t\t\t\t\t\t<\/div>\n\t\t\t\t<\/li>\t\t\t\t\t\t\t\t\t\t\t\t<li class=\"elementor-price-list-item\">\t\t\t\t\n\t\t\t\t<div class=\"elementor-price-list-text\">\n\t\t\t\t\t\t\t\t\t<div class=\"elementor-price-list-header\">\n\t\t\t\t\t\t\t\t\t\t\t<span class=\"elementor-price-list-title\">\n\t\t\t\t\t\t\tDensit\u00e9 (20\u00b0C) :\t\t\t\t\t\t<\/span>\n\t\t\t\t\t\t\t\t\t\t\t\t\t\t\t\t\t\t<span class=\"elementor-price-list-separator\"><\/span>\n\t\t\t\t\t\t\t\t\t\t\t\t\t\t\t\t\t\t\t<span class=\"elementor-price-list-price\">1,20+\/-0,1g\/cm3<\/span>\n\t\t\t\t\t\t\t\t\t\t<\/div>\n\t\t\t\t\t\t\t\t\t\t\t\t<\/div>\n\t\t\t\t<\/li>\t\t\t\t\t\t\t\t\t\t\t\t<li class=\"elementor-price-list-item\">\t\t\t\t\n\t\t\t\t<div class=\"elementor-price-list-text\">\n\t\t\t\t\t\t\t\t\t<div class=\"elementor-price-list-header\">\n\t\t\t\t\t\t\t\t\t\t\t<span class=\"elementor-price-list-title\">\n\t\t\t\t\t\t\tpH (20\u00b0C) :\t\t\t\t\t\t<\/span>\n\t\t\t\t\t\t\t\t\t\t\t\t\t\t\t\t\t\t<span class=\"elementor-price-list-separator\"><\/span>\n\t\t\t\t\t\t\t\t\t\t\t\t\t\t\t\t\t\t\t<span class=\"elementor-price-list-price\">3.5 +\/- 2.8<\/span>\n\t\t\t\t\t\t\t\t\t\t<\/div>\n\t\t\t\t\t\t\t\t\t\t\t\t<\/div>\n\t\t\t\t<\/li>\t\t\t\t\t\n\t\t<\/ul>\n\n\t\t\t\t\t\t<\/div>\n\t\t\t\t<\/div>\n\t\t\t\t<\/div>\n\t\t\t\t<\/div>\n\t\t<div class=\"elementor-element elementor-element-9892978 e-con-full e-flex e-con e-child\" data-id=\"9892978\" data-element_type=\"container\" data-e-type=\"container\">\n\t\t\t\t<div class=\"elementor-element elementor-element-891b741 elementor-widget elementor-widget-text-editor\" data-id=\"891b741\" data-element_type=\"widget\" data-e-type=\"widget\" data-widget_type=\"text-editor.default\">\n\t\t\t\t<div class=\"elementor-widget-container\">\n\t\t\t\t\t\t\t\t\t<p>Pour plus d&rsquo;informations, veuillez t\u00e9l\u00e9charger la <strong>fiche de donn\u00e9es de s\u00e9curit\u00e9 FINEAMIN 92 &gt;&gt;&gt; .<\/strong><\/p>\t\t\t\t\t\t\t\t<\/div>\n\t\t\t\t<\/div>\n\t\t\t\t<\/div>\n\t\t\t\t<\/div>\n\t\t\t\t<div class=\"elementor-element elementor-element-489b697 subtitle elementor-widget elementor-widget-text-editor\" data-id=\"489b697\" data-element_type=\"widget\" data-e-type=\"widget\" data-widget_type=\"text-editor.default\">\n\t\t\t\t<div class=\"elementor-widget-container\">\n\t\t\t\t\t\t\t\t\t<p>Emballage<\/p>\t\t\t\t\t\t\t\t<\/div>\n\t\t\t\t<\/div>\n\t\t\t\t<div class=\"elementor-element elementor-element-4e75751 elementor-widget elementor-widget-text-editor\" data-id=\"4e75751\" data-element_type=\"widget\" data-e-type=\"widget\" data-widget_type=\"text-editor.default\">\n\t\t\t\t<div class=\"elementor-widget-container\">\n\t\t\t\t\t\t\t\t\t<p><strong>FINEAMIN 92<\/strong> est conditionn\u00e9 en f\u00fbts herm\u00e9tiques de 30 kg, 60 kg ou 210 kg. Pour les commandes importantes de nos produits chimiques de traitement de l&rsquo;eau, les produits sont distribu\u00e9s dans des conteneurs IBC de 1100 kg net. Dur\u00e9e de vie de <strong>FINEAMIN 92<\/strong>: 5 ans.  <\/p>\t\t\t\t\t\t\t\t<\/div>\n\t\t\t\t<\/div>\n\t\t\t\t<\/div>\n\t\t\t\t<\/div>\n\t\t\t\t\t<\/div>\n\t\t\t\t<\/div>\n\t\t\t\t<\/div>\n\t\t","protected":false},"excerpt":{"rendered":"<p>INHIBITEURS DE CORROSION POUR LES SYST\u00c8MES DE REFROIDISSEMENT INDUSTRIELS FINEAMINE 92 Inhibiteurs de corrosion et d&rsquo;entartrage de l&rsquo;eau de refroidissement [&hellip;]<\/p>\n","protected":false},"author":1,"featured_media":0,"parent":21564,"menu_order":0,"comment_status":"closed","ping_status":"closed","template":"","meta":{"_seopress_robots_primary_cat":"","_seopress_titles_title":"FINEAMIN 92 | Inhibiteur de corrosion pour syst\u00e8mes de refroidissement ouverts","_seopress_titles_desc":"FINEAMIN 92 est un produit chimique polyvalent pour le traitement de l'eau de refroidissement, destin\u00e9 \u00e0 lutter contre la corrosion et l'encrassement dans les syst\u00e8mes de recirculation ouverts.","_seopress_robots_index":"","site-sidebar-layout":"no-sidebar","site-content-layout":"","ast-site-content-layout":"full-width-container","site-content-style":"default","site-sidebar-style":"default","ast-global-header-display":"","ast-banner-title-visibility":"","ast-main-header-display":"","ast-hfb-above-header-display":"","ast-hfb-below-header-display":"","ast-hfb-mobile-header-display":"","site-post-title":"disabled","ast-breadcrumbs-content":"","ast-featured-img":"disabled","footer-sml-layout":"","ast-disable-related-posts":"","theme-transparent-header-meta":"","adv-header-id-meta":"","stick-header-meta":"","header-above-stick-meta":"","header-main-stick-meta":"","header-below-stick-meta":"","astra-migrate-meta-layouts":"default","ast-page-background-enabled":"default","ast-page-background-meta":{"desktop":{"background-color":"var(--ast-global-color-4)","background-image":"","background-repeat":"repeat","background-position":"center center","background-size":"auto","background-attachment":"scroll","background-type":"","background-media":"","overlay-type":"","overlay-color":"","overlay-opacity":"","overlay-gradient":""},"tablet":{"background-color":"","background-image":"","background-repeat":"repeat","background-position":"center center","background-size":"auto","background-attachment":"scroll","background-type":"","background-media":"","overlay-type":"","overlay-color":"","overlay-opacity":"","overlay-gradient":""},"mobile":{"background-color":"","background-image":"","background-repeat":"repeat","background-position":"center center","background-size":"auto","background-attachment":"scroll","background-type":"","background-media":"","overlay-type":"","overlay-color":"","overlay-opacity":"","overlay-gradient":""}},"ast-content-background-meta":{"desktop":{"background-color":"var(--ast-global-color-5)","background-image":"","background-repeat":"repeat","background-position":"center center","background-size":"auto","background-attachment":"scroll","background-type":"","background-media":"","overlay-type":"","overlay-color":"","overlay-opacity":"","overlay-gradient":""},"tablet":{"background-color":"var(--ast-global-color-5)","background-image":"","background-repeat":"repeat","background-position":"center center","background-size":"auto","background-attachment":"scroll","background-type":"","background-media":"","overlay-type":"","overlay-color":"","overlay-opacity":"","overlay-gradient":""},"mobile":{"background-color":"var(--ast-global-color-5)","background-image":"","background-repeat":"repeat","background-position":"center center","background-size":"auto","background-attachment":"scroll","background-type":"","background-media":"","overlay-type":"","overlay-color":"","overlay-opacity":"","overlay-gradient":""}},"footnotes":""},"class_list":["post-21615","page","type-page","status-publish","hentry"],"_links":{"self":[{"href":"https:\/\/fineamin.com\/fr\/wp-json\/wp\/v2\/pages\/21615","targetHints":{"allow":["GET"]}}],"collection":[{"href":"https:\/\/fineamin.com\/fr\/wp-json\/wp\/v2\/pages"}],"about":[{"href":"https:\/\/fineamin.com\/fr\/wp-json\/wp\/v2\/types\/page"}],"author":[{"embeddable":true,"href":"https:\/\/fineamin.com\/fr\/wp-json\/wp\/v2\/users\/1"}],"replies":[{"embeddable":true,"href":"https:\/\/fineamin.com\/fr\/wp-json\/wp\/v2\/comments?post=21615"}],"version-history":[{"count":1,"href":"https:\/\/fineamin.com\/fr\/wp-json\/wp\/v2\/pages\/21615\/revisions"}],"predecessor-version":[{"id":21616,"href":"https:\/\/fineamin.com\/fr\/wp-json\/wp\/v2\/pages\/21615\/revisions\/21616"}],"up":[{"embeddable":true,"href":"https:\/\/fineamin.com\/fr\/wp-json\/wp\/v2\/pages\/21564"}],"wp:attachment":[{"href":"https:\/\/fineamin.com\/fr\/wp-json\/wp\/v2\/media?parent=21615"}],"curies":[{"name":"wp","href":"https:\/\/api.w.org\/{rel}","templated":true}]}}