{"id":21582,"date":"2025-02-07T13:50:14","date_gmt":"2025-02-07T13:50:14","guid":{"rendered":"https:\/\/fineamin.com\/preservation-des-chaudieres-avec-la-fineamine\/"},"modified":"2025-04-08T14:29:25","modified_gmt":"2025-04-08T14:29:25","slug":"preservation-des-chaudieres-avec-la-fineamine","status":"publish","type":"page","link":"https:\/\/fineamin.com\/fr\/preservation-des-chaudieres-avec-la-fineamine\/","title":{"rendered":"Pr\u00e9servation des chaudi\u00e8res avec la FINEAMINE"},"content":{"rendered":"\t\t<div data-elementor-type=\"wp-page\" data-elementor-id=\"21582\" class=\"elementor elementor-21582 elementor-19334\" data-elementor-post-type=\"page\">\n\t\t\t\t<div class=\"elementor-element elementor-element-1ef29a5 e-con-full e-flex e-con e-parent\" data-id=\"1ef29a5\" data-element_type=\"container\" data-e-type=\"container\" data-settings=\"{&quot;background_background&quot;:&quot;classic&quot;}\">\n\t\t\t\t<div class=\"elementor-element elementor-element-9297245 elementor-widget elementor-widget-heading\" data-id=\"9297245\" data-element_type=\"widget\" data-e-type=\"widget\" data-widget_type=\"heading.default\">\n\t\t\t\t<div class=\"elementor-widget-container\">\n\t\t\t\t\t<h1 class=\"elementor-heading-title elementor-size-default\">Pr\u00e9servation des chaudi\u00e8res avec la FINEAMINE<\/h1>\t\t\t\t<\/div>\n\t\t\t\t<\/div>\n\t\t\t\t<\/div>\n\t\t<div class=\"elementor-element elementor-element-0527a9b e-con-full e-flex e-con e-parent\" data-id=\"0527a9b\" data-element_type=\"container\" data-e-type=\"container\" data-settings=\"{&quot;background_background&quot;:&quot;classic&quot;}\">\n\t\t<div class=\"elementor-element elementor-element-dbdc4e2 e-flex e-con-boxed e-con e-child\" data-id=\"dbdc4e2\" data-element_type=\"container\" data-e-type=\"container\">\n\t\t\t\t\t<div class=\"e-con-inner\">\n\t\t\t\t<div class=\"elementor-element elementor-element-da523e0 subtitle elementor-widget elementor-widget-text-editor\" data-id=\"da523e0\" data-element_type=\"widget\" data-e-type=\"widget\" data-widget_type=\"text-editor.default\">\n\t\t\t\t<div class=\"elementor-widget-container\">\n\t\t\t\t\t\t\t\t\t<p>PR\u00c9SERVATION DE LA CHAUDI\u00c8RE \u00c0 VAPEUR PENDANT L&rsquo;ARR\u00caT<\/p>\t\t\t\t\t\t\t\t<\/div>\n\t\t\t\t<\/div>\n\t\t\t\t<div class=\"elementor-element elementor-element-0585d80 elementor-widget elementor-widget-heading\" data-id=\"0585d80\" data-element_type=\"widget\" data-e-type=\"widget\" data-widget_type=\"heading.default\">\n\t\t\t\t<div class=\"elementor-widget-container\">\n\t\t\t\t\t<h2 class=\"elementor-heading-title elementor-size-default\">FINEAMIN stockage humide et sec pour chaudi\u00e8res \u00e0 vapeur<\/h2>\t\t\t\t<\/div>\n\t\t\t\t<\/div>\n\t\t<div class=\"elementor-element elementor-element-d254161 e-con-full e-flex e-con e-child\" data-id=\"d254161\" data-element_type=\"container\" data-e-type=\"container\">\n\t\t<div class=\"elementor-element elementor-element-2d9b63f e-con-full e-flex e-con e-child\" data-id=\"2d9b63f\" data-element_type=\"container\" data-e-type=\"container\">\n\t\t\t\t<div class=\"elementor-element elementor-element-4a81ff6 elementor-widget elementor-widget-text-editor\" data-id=\"4a81ff6\" data-element_type=\"widget\" data-e-type=\"widget\" data-widget_type=\"text-editor.default\">\n\t\t\t\t<div class=\"elementor-widget-container\">\n\t\t\t\t\t\t\t\t\t<div class=\"wpb_text_column wpb_content_element\"><div class=\"wpb_wrapper\"><p>La <strong>conservation de la chaudi\u00e8re (stockage de la chaudi\u00e8re) <\/strong>est n\u00e9cessaire <strong>chaque fois qu&rsquo;une chaudi\u00e8re n&rsquo;est pas utilis\u00e9e<\/strong> (hors service ou en \u00e9tat d&rsquo;arr\u00eat), en particulier pendant une longue p\u00e9riode.<strong> Il s&rsquo;agit d&rsquo;un ensemble de mesures de pr\u00e9caution \u00e0 prendre pour limiter la corrosion<\/strong> et prot\u00e9ger les surfaces m\u00e9talliques internes de l&rsquo;eau et des contaminants r\u00e9siduels.<\/p><p>La m\u00e9thode <a title=\"M\u00e9thodes de conservation des chaudi\u00e8res\" href=\"https:\/\/fineamin.com\/boiler-conservation\/\"><strong>m\u00e9thode de pr\u00e9servation des chaudi\u00e8res<\/strong><\/a> choisie d\u00e9pend de la dur\u00e9e de la p\u00e9riode d&rsquo;arr\u00eat et des caract\u00e9ristiques de l&rsquo;installation industrielle trait\u00e9e. Dans la plupart des cas, en raison des conditions d&rsquo;exploitation, en particulier dans les centrales \u00e9lectriques, les chaudi\u00e8res doivent \u00eatre maintenues dans un \u00e9tat \u00ab\u00a0pr\u00eat \u00e0 d\u00e9marrer\u00a0\u00bb. La conservation de l&rsquo;eau est donc la meilleure solution. Mais lorsque l&rsquo;unit\u00e9 est hors service pour une p\u00e9riode prolong\u00e9e, la conservation \u00e0 sec est n\u00e9cessaire. Dans ces deux cas, <b>FINEAMIN<\/b><sup><i><b>\u00ae<\/b><\/i><\/sup>    <sup><i><b> <\/b><\/i><\/sup>L&rsquo;efficacit\u00e9 est incontestable gr\u00e2ce \u00e0 la<strong> barri\u00e8re de<\/strong> haute qualit\u00e9<strong> form\u00e9e par les polyamines<\/strong> entre les surfaces m\u00e9talliques et l&rsquo;eau porteuse de contaminants.<\/p><p><b>Pr\u00e9servation des <\/b><a title=\"Traitement de l'eau des chaudi\u00e8res \u00e0 vapeur\" href=\"https:\/\/fineamin.com\/polyamines-water-treatment-for-boilers\/\">chaudi\u00e8res \u00e0 vapeur \u00e0 l&rsquo;aide de <b>FINEAMIN<\/b><\/a><sup><i><b>\u00ae<\/b><\/i><\/sup><sup><i><b> <\/b><\/i><\/sup>est<b> id\u00e9alement recommand\u00e9 <\/b>lorsque le syst\u00e8me a d\u00e9j\u00e0 \u00e9t\u00e9 trait\u00e9 avec FINEAMIN<sup><i>\u00ae <\/i><\/sup>pendant une p\u00e9riode de <strong>minimum 3 \u00e0 6 mois en fonctionnement \/ avant l&rsquo;arr\u00eat<\/strong>. Cependant, la <strong>chaudi\u00e8re peut \u00eatre pr\u00e9serv\u00e9e avec Fineamin<\/strong> m\u00eame si l&rsquo;eau de la chaudi\u00e8re n&rsquo;a pas \u00e9t\u00e9 pr\u00e9alablement trait\u00e9e par l&rsquo;approche des amines de filmage, sur la base d&rsquo;un plan de traitement de l&rsquo;eau personnalis\u00e9. <\/p><\/div><\/div>\t\t\t\t\t\t\t\t<\/div>\n\t\t\t\t<\/div>\n\t\t\t\t<\/div>\n\t\t<div class=\"elementor-element elementor-element-87a8e3c e-con-full e-flex e-con e-child\" data-id=\"87a8e3c\" data-element_type=\"container\" data-e-type=\"container\">\n\t\t\t\t<div class=\"elementor-element elementor-element-ff1b586 elementor-widget elementor-widget-image\" data-id=\"ff1b586\" data-element_type=\"widget\" data-e-type=\"widget\" data-widget_type=\"image.default\">\n\t\t\t\t<div class=\"elementor-widget-container\">\n\t\t\t\t\t\t\t\t\t\t\t\t\t\t\t<img fetchpriority=\"high\" decoding=\"async\" width=\"1000\" height=\"750\" src=\"https:\/\/fineamin.com\/wp-content\/uploads\/2025\/01\/boiler-conservation-with-filming-amines.png\" class=\"attachment-large size-large wp-image-18444\" alt=\"FINEAMIN wet &amp; dry storage for steam boilers\" srcset=\"https:\/\/fineamin.com\/wp-content\/uploads\/2025\/01\/boiler-conservation-with-filming-amines.png 1000w, https:\/\/fineamin.com\/wp-content\/uploads\/2025\/01\/boiler-conservation-with-filming-amines-300x225.png 300w, https:\/\/fineamin.com\/wp-content\/uploads\/2025\/01\/boiler-conservation-with-filming-amines-768x576.png 768w\" sizes=\"(max-width: 1000px) 100vw, 1000px\" \/>\t\t\t\t\t\t\t\t\t\t\t\t\t\t\t<\/div>\n\t\t\t\t<\/div>\n\t\t\t\t<\/div>\n\t\t\t\t<\/div>\n\t\t\t\t\t<\/div>\n\t\t\t\t<\/div>\n\t\t\t\t<\/div>\n\t\t<div class=\"elementor-element elementor-element-8551929 e-flex e-con-boxed e-con e-parent\" data-id=\"8551929\" data-element_type=\"container\" data-e-type=\"container\">\n\t\t\t\t\t<div class=\"e-con-inner\">\n\t\t\t\t<div class=\"elementor-element elementor-element-1421bab elementor-widget elementor-widget-heading\" data-id=\"1421bab\" data-element_type=\"widget\" data-e-type=\"widget\" data-widget_type=\"heading.default\">\n\t\t\t\t<div class=\"elementor-widget-container\">\n\t\t\t\t\t<h2 class=\"elementor-heading-title elementor-size-default\">Avantages du stockage de chaudi\u00e8res avec Fineamin<\/h2>\t\t\t\t<\/div>\n\t\t\t\t<\/div>\n\t\t<div class=\"elementor-element elementor-element-9e35043 e-con-full e-flex e-con e-child\" data-id=\"9e35043\" data-element_type=\"container\" data-e-type=\"container\">\n\t\t<div class=\"elementor-element elementor-element-f8def7e e-con-full e-flex e-con e-child\" data-id=\"f8def7e\" data-element_type=\"container\" data-e-type=\"container\">\n\t\t<div class=\"elementor-element elementor-element-3f7ff2b e-con-full e-flex e-con e-child\" data-id=\"3f7ff2b\" data-element_type=\"container\" data-e-type=\"container\">\n\t\t\t\t<div class=\"elementor-element elementor-element-b36272e elementor-widget elementor-widget-text-editor\" data-id=\"b36272e\" data-element_type=\"widget\" data-e-type=\"widget\" data-widget_type=\"text-editor.default\">\n\t\t\t\t<div class=\"elementor-widget-container\">\n\t\t\t\t\t\t\t\t\t<ul><li><strong>Proc\u00e9dure de pr\u00e9servation facile \u00e0 appliquer<\/strong>. Aucune mesure sp\u00e9ciale n&rsquo;est n\u00e9cessaire pour le red\u00e9marrage de l&rsquo;op\u00e9ration. <\/li><\/ul>\t\t\t\t\t\t\t\t<\/div>\n\t\t\t\t<\/div>\n\t\t\t\t<div class=\"elementor-element elementor-element-ab7c304 elementor-widget elementor-widget-text-editor\" data-id=\"ab7c304\" data-element_type=\"widget\" data-e-type=\"widget\" data-widget_type=\"text-editor.default\">\n\t\t\t\t<div class=\"elementor-widget-container\">\n\t\t\t\t\t\t\t\t\t<ul><li><strong>Am\u00e9lioration de la protection contre la corrosion lors des d\u00e9marrages et des arr\u00eats fr\u00e9quents.  <\/strong>Une qualit\u00e9 de vapeur \u00e9lev\u00e9e au d\u00e9marrage est obtenue beaucoup plus rapidement et avec des avantages \u00e9conomiques substantiels.<\/li><\/ul>\t\t\t\t\t\t\t\t<\/div>\n\t\t\t\t<\/div>\n\t\t\t\t<\/div>\n\t\t<div class=\"elementor-element elementor-element-26b88a7 e-con-full e-flex e-con e-child\" data-id=\"26b88a7\" data-element_type=\"container\" data-e-type=\"container\">\n\t\t\t\t<div class=\"elementor-element elementor-element-2929694 elementor-widget elementor-widget-text-editor\" data-id=\"2929694\" data-element_type=\"widget\" data-e-type=\"widget\" data-widget_type=\"text-editor.default\">\n\t\t\t\t<div class=\"elementor-widget-container\">\n\t\t\t\t\t\t\t\t\t<ul><li><strong>Aucune mesure particuli\u00e8re pour les arr\u00eats de 3 \u00e0 6 jours.<\/strong>  Pas de dosage suppl\u00e9mentaire, avec des chaudi\u00e8res maintenues sous pression.<\/li><\/ul>\t\t\t\t\t\t\t\t<\/div>\n\t\t\t\t<\/div>\n\t\t\t\t<div class=\"elementor-element elementor-element-92f1e53 elementor-widget elementor-widget-text-editor\" data-id=\"92f1e53\" data-element_type=\"widget\" data-e-type=\"widget\" data-widget_type=\"text-editor.default\">\n\t\t\t\t<div class=\"elementor-widget-container\">\n\t\t\t\t\t\t\t\t\t<ul><li><strong>Protection stable et durable<\/strong> d\u00e9j\u00e0 form\u00e9e dans le syst\u00e8me, au cours des mois de traitement pr\u00e9c\u00e9dents &#8211; le film protecteur monomol\u00e9culaire.<\/li><\/ul>\t\t\t\t\t\t\t\t<\/div>\n\t\t\t\t<\/div>\n\t\t\t\t<\/div>\n\t\t<div class=\"elementor-element elementor-element-62d757b e-con-full e-flex e-con e-child\" data-id=\"62d757b\" data-element_type=\"container\" data-e-type=\"container\">\n\t\t\t\t<div class=\"elementor-element elementor-element-49ec877 elementor-widget elementor-widget-text-editor\" data-id=\"49ec877\" data-element_type=\"widget\" data-e-type=\"widget\" data-widget_type=\"text-editor.default\">\n\t\t\t\t<div class=\"elementor-widget-container\">\n\t\t\t\t\t\t\t\t\t<ul><li><strong><a title=\"Pi\u00e9geur d'oxyg\u00e8ne organique\" href=\"https:\/\/fineamin.com\/fr\/fineamin-88-scav-25\/\">Pi\u00e9geur d&rsquo;oxyg\u00e8ne organique<\/a> uniquement<\/strong>. Aucun produit de d\u00e9composition dangereux pendant la conservation. <\/li><\/ul>\t\t\t\t\t\t\t\t<\/div>\n\t\t\t\t<\/div>\n\t\t\t\t<div class=\"elementor-element elementor-element-c5ec4dd elementor-widget elementor-widget-text-editor\" data-id=\"c5ec4dd\" data-element_type=\"widget\" data-e-type=\"widget\" data-widget_type=\"text-editor.default\">\n\t\t\t\t<div class=\"elementor-widget-container\">\n\t\t\t\t\t\t\t\t\t<ul><li><b>Proc\u00e9dure de conservation facile \u00e0 adapter.  <\/b>Fineamin est une solution fiable et flexible pour les arr\u00eats \u00e0 court et \u00e0 long terme, et s&rsquo;adapte aux param\u00e8tres de chaque syst\u00e8me pour une protection maximale.<\/li><\/ul>\t\t\t\t\t\t\t\t<\/div>\n\t\t\t\t<\/div>\n\t\t\t\t<\/div>\n\t\t\t\t<\/div>\n\t\t\t\t<\/div>\n\t\t\t\t\t<\/div>\n\t\t\t\t<\/div>\n\t\t<div class=\"elementor-element elementor-element-44ba409a e-flex e-con-boxed e-con e-parent\" data-id=\"44ba409a\" data-element_type=\"container\" data-e-type=\"container\">\n\t\t\t\t\t<div class=\"e-con-inner\">\n\t\t\t\t<div class=\"elementor-element elementor-element-d60617e elementor-widget elementor-widget-heading\" data-id=\"d60617e\" data-element_type=\"widget\" data-e-type=\"widget\" data-widget_type=\"heading.default\">\n\t\t\t\t<div class=\"elementor-widget-container\">\n\t\t\t\t\t<h2 class=\"elementor-heading-title elementor-size-default\">Proc\u00e9dure de pr\u00e9servation des chaudi\u00e8res \u00e0 l'aide d'amines filmantes<\/h2>\t\t\t\t<\/div>\n\t\t\t\t<\/div>\n\t\t\t\t<div class=\"elementor-element elementor-element-64ea658d elementor-widget-divider--view-line_icon elementor-view-default elementor-widget-divider--element-align-center elementor-widget elementor-widget-divider\" data-id=\"64ea658d\" data-element_type=\"widget\" data-e-type=\"widget\" data-widget_type=\"divider.default\">\n\t\t\t\t<div class=\"elementor-widget-container\">\n\t\t\t\t\t\t\t<div class=\"elementor-divider\">\n\t\t\t<span class=\"elementor-divider-separator\">\n\t\t\t\t\t\t\t<div class=\"elementor-icon elementor-divider__element\">\n\t\t\t\t\t<svg aria-hidden=\"true\" class=\"e-font-icon-svg e-fas-download\" viewBox=\"0 0 512 512\" xmlns=\"http:\/\/www.w3.org\/2000\/svg\"><path d=\"M216 0h80c13.3 0 24 10.7 24 24v168h87.7c17.8 0 26.7 21.5 14.1 34.1L269.7 378.3c-7.5 7.5-19.8 7.5-27.3 0L90.1 226.1c-12.6-12.6-3.7-34.1 14.1-34.1H192V24c0-13.3 10.7-24 24-24zm296 376v112c0 13.3-10.7 24-24 24H24c-13.3 0-24-10.7-24-24V376c0-13.3 10.7-24 24-24h146.7l49 49c20.1 20.1 52.5 20.1 72.6 0l49-49H488c13.3 0 24 10.7 24 24zm-124 88c0-11-9-20-20-20s-20 9-20 20 9 20 20 20 20-9 20-20zm64 0c0-11-9-20-20-20s-20 9-20 20 9 20 20 20 20-9 20-20z\"><\/path><\/svg><\/div>\n\t\t\t\t\t\t<\/span>\n\t\t<\/div>\n\t\t\t\t\t\t<\/div>\n\t\t\t\t<\/div>\n\t\t\t\t<div class=\"elementor-element elementor-element-6549d315 elementor-widget elementor-widget-text-editor\" data-id=\"6549d315\" data-element_type=\"widget\" data-e-type=\"widget\" data-widget_type=\"text-editor.default\">\n\t\t\t\t<div class=\"elementor-widget-container\">\n\t\t\t\t\t\t\t\t\t<p style=\"text-align: center;\">T\u00e9l\u00e9charger les instructions compl\u00e8tes pour la conservation des chaudi\u00e8res<\/p>\t\t\t\t\t\t\t\t<\/div>\n\t\t\t\t<\/div>\n\t\t\t\t<div class=\"elementor-element elementor-element-1f8260a7 elementor-widget elementor-widget-text-editor\" data-id=\"1f8260a7\" data-element_type=\"widget\" data-e-type=\"widget\" data-widget_type=\"text-editor.default\">\n\t\t\t\t<div class=\"elementor-widget-container\">\n\t\t\t\t\t\t\t\t\t<div class=\"wpb_text_column wpb_content_element\"><div class=\"wpb_wrapper\"><p>Pour des instructions et un dosage pr\u00e9cis sur la <strong>pr\u00e9servation des chaudi\u00e8res \u00e0 l&rsquo;aide de polyamines filmog\u00e8nes<\/strong>, veuillez t\u00e9l\u00e9charger le pdf suivant : <a href=\"https:\/\/fineamin.com\/wp-content\/uploads\/2025\/01\/General-Boiler-Preservation-procedure-with-filming-polyamines.pdf\"><strong>proc\u00e9dure de pr\u00e9servation des chaudi\u00e8res \u00e0 vapeur<\/strong><\/a>. Les instructions de conservation ne sont valables que pour les plantes trait\u00e9es avec <b>FINEAMIN<\/b><sup><i><b>\u00ae<\/b><\/i><\/sup> <sup><i><b> <\/b><\/i><\/sup>pour une p\u00e9riode de 3 \u00e0 6 mois avant l&rsquo;arr\u00eat. Dans tous les cas de conservation des chaudi\u00e8res en milieu humide, il est fortement recommand\u00e9 de faire recirculer l&rsquo;eau de la chaudi\u00e8re \u00e0 l&rsquo;aide d&rsquo;une pompe assurant un d\u00e9bit minimal dans toutes les parties de la chaudi\u00e8re (en particulier dans tous les tubes). La pompe de circulation doit \u00eatre en service pendant 2 \u00e0 3 heures par jour.  <\/p><p>Avant d&rsquo;utiliser nos produits pour la conservation des chaudi\u00e8res, veuillez <a href=\"https:\/\/fineamin.com\/film-forming-polyamines-technical-support\/\">nous contacter<\/a> pour \u00e9tablir <strong>un programme de conservation personnalis\u00e9<\/strong>. Exemple de proc\u00e9dure adapt\u00e9e au client : <a href=\"https:\/\/fineamin.com\/wp-content\/uploads\/2025\/01\/Carbohydrazide-to-Fineamin-Custom-boiler-conservation-procedure.pdf\"><strong>de Carbohydrazide \u00e0 <sup><i><b>FINEAMIN\u00ae<\/b><\/i><\/sup><sup><i><b> <\/b><\/i><\/sup><\/strong><\/a>. <\/p><\/div><\/div>\t\t\t\t\t\t\t\t<\/div>\n\t\t\t\t<\/div>\n\t\t\t\t\t<\/div>\n\t\t\t\t<\/div>\n\t\t\t\t<\/div>\n\t\t","protected":false},"excerpt":{"rendered":"<p>Pr\u00e9servation des chaudi\u00e8res avec la FINEAMINE PR\u00c9SERVATION DE LA CHAUDI\u00c8RE \u00c0 VAPEUR PENDANT L&rsquo;ARR\u00caT FINEAMIN stockage humide et sec pour [&hellip;]<\/p>\n","protected":false},"author":1,"featured_media":0,"parent":0,"menu_order":0,"comment_status":"closed","ping_status":"closed","template":"","meta":{"_seopress_robots_primary_cat":"","_seopress_titles_title":"Pr\u00e9servation des chaudi\u00e8res avec FINEAMIN | Fineamin SWISS Chemicals","_seopress_titles_desc":"Proc\u00e9dure de pr\u00e9servation des chaudi\u00e8res et avantages li\u00e9s \u00e0 l'utilisation d'amines filmog\u00e8nes. Stockage humide et sec des chaudi\u00e8res \u00e0 vapeur avec des amines filmog\u00e8nes de Fineamin dans des conditions d'arr\u00eat. ","_seopress_robots_index":"","site-sidebar-layout":"no-sidebar","site-content-layout":"","ast-site-content-layout":"full-width-container","site-content-style":"default","site-sidebar-style":"default","ast-global-header-display":"","ast-banner-title-visibility":"","ast-main-header-display":"","ast-hfb-above-header-display":"","ast-hfb-below-header-display":"","ast-hfb-mobile-header-display":"","site-post-title":"disabled","ast-breadcrumbs-content":"","ast-featured-img":"disabled","footer-sml-layout":"","ast-disable-related-posts":"","theme-transparent-header-meta":"","adv-header-id-meta":"","stick-header-meta":"","header-above-stick-meta":"","header-main-stick-meta":"","header-below-stick-meta":"","astra-migrate-meta-layouts":"default","ast-page-background-enabled":"default","ast-page-background-meta":{"desktop":{"background-color":"var(--ast-global-color-4)","background-image":"","background-repeat":"repeat","background-position":"center center","background-size":"auto","background-attachment":"scroll","background-type":"","background-media":"","overlay-type":"","overlay-color":"","overlay-opacity":"","overlay-gradient":""},"tablet":{"background-color":"","background-image":"","background-repeat":"repeat","background-position":"center center","background-size":"auto","background-attachment":"scroll","background-type":"","background-media":"","overlay-type":"","overlay-color":"","overlay-opacity":"","overlay-gradient":""},"mobile":{"background-color":"","background-image":"","background-repeat":"repeat","background-position":"center center","background-size":"auto","background-attachment":"scroll","background-type":"","background-media":"","overlay-type":"","overlay-color":"","overlay-opacity":"","overlay-gradient":""}},"ast-content-background-meta":{"desktop":{"background-color":"var(--ast-global-color-5)","background-image":"","background-repeat":"repeat","background-position":"center center","background-size":"auto","background-attachment":"scroll","background-type":"","background-media":"","overlay-type":"","overlay-color":"","overlay-opacity":"","overlay-gradient":""},"tablet":{"background-color":"var(--ast-global-color-5)","background-image":"","background-repeat":"repeat","background-position":"center center","background-size":"auto","background-attachment":"scroll","background-type":"","background-media":"","overlay-type":"","overlay-color":"","overlay-opacity":"","overlay-gradient":""},"mobile":{"background-color":"var(--ast-global-color-5)","background-image":"","background-repeat":"repeat","background-position":"center center","background-size":"auto","background-attachment":"scroll","background-type":"","background-media":"","overlay-type":"","overlay-color":"","overlay-opacity":"","overlay-gradient":""}},"footnotes":""},"class_list":["post-21582","page","type-page","status-publish","hentry"],"_links":{"self":[{"href":"https:\/\/fineamin.com\/fr\/wp-json\/wp\/v2\/pages\/21582","targetHints":{"allow":["GET"]}}],"collection":[{"href":"https:\/\/fineamin.com\/fr\/wp-json\/wp\/v2\/pages"}],"about":[{"href":"https:\/\/fineamin.com\/fr\/wp-json\/wp\/v2\/types\/page"}],"author":[{"embeddable":true,"href":"https:\/\/fineamin.com\/fr\/wp-json\/wp\/v2\/users\/1"}],"replies":[{"embeddable":true,"href":"https:\/\/fineamin.com\/fr\/wp-json\/wp\/v2\/comments?post=21582"}],"version-history":[{"count":1,"href":"https:\/\/fineamin.com\/fr\/wp-json\/wp\/v2\/pages\/21582\/revisions"}],"predecessor-version":[{"id":21583,"href":"https:\/\/fineamin.com\/fr\/wp-json\/wp\/v2\/pages\/21582\/revisions\/21583"}],"wp:attachment":[{"href":"https:\/\/fineamin.com\/fr\/wp-json\/wp\/v2\/media?parent=21582"}],"curies":[{"name":"wp","href":"https:\/\/api.w.org\/{rel}","templated":true}]}}