{"id":21521,"date":"2025-01-09T11:08:13","date_gmt":"2025-01-09T11:08:13","guid":{"rendered":"https:\/\/fineamin.com\/fineamine-90\/"},"modified":"2025-04-08T14:30:22","modified_gmt":"2025-04-08T14:30:22","slug":"fineamine-90","status":"publish","type":"page","link":"https:\/\/fineamin.com\/fr\/traitement-de-leau-de-chaudiere\/fineamine-90\/","title":{"rendered":"FINEAMINE 90"},"content":{"rendered":"\t\t<div data-elementor-type=\"wp-page\" data-elementor-id=\"21521\" class=\"elementor elementor-21521 elementor-18832\" data-elementor-post-type=\"page\">\n\t\t\t\t<div class=\"elementor-element elementor-element-1ef29a5 e-con-full e-flex e-con e-parent\" data-id=\"1ef29a5\" data-element_type=\"container\" data-e-type=\"container\" data-settings=\"{&quot;background_background&quot;:&quot;classic&quot;}\">\n\t\t\t\t<div class=\"elementor-element elementor-element-94e7ea5 elementor-widget elementor-widget-heading\" data-id=\"94e7ea5\" data-element_type=\"widget\" data-e-type=\"widget\" data-widget_type=\"heading.default\">\n\t\t\t\t<div class=\"elementor-widget-container\">\n\t\t\t\t\t<p class=\"elementor-heading-title elementor-size-default\">PRODUITS CHIMIQUES ANTICORROSION ET ANTITARTRE POUR L'EAU D'ALIMENTATION<\/p>\t\t\t\t<\/div>\n\t\t\t\t<\/div>\n\t\t\t\t<div class=\"elementor-element elementor-element-9297245 elementor-widget elementor-widget-heading\" data-id=\"9297245\" data-element_type=\"widget\" data-e-type=\"widget\" data-widget_type=\"heading.default\">\n\t\t\t\t<div class=\"elementor-widget-container\">\n\t\t\t\t\t<h1 class=\"elementor-heading-title elementor-size-default\">FINEAMINE 90<\/h1>\t\t\t\t<\/div>\n\t\t\t\t<\/div>\n\t\t\t\t<div class=\"elementor-element elementor-element-5ff9210 elementor-widget-divider--view-line elementor-widget elementor-widget-divider\" data-id=\"5ff9210\" data-element_type=\"widget\" data-e-type=\"widget\" data-widget_type=\"divider.default\">\n\t\t\t\t<div class=\"elementor-widget-container\">\n\t\t\t\t\t\t\t<div class=\"elementor-divider\">\n\t\t\t<span class=\"elementor-divider-separator\">\n\t\t\t\t\t\t<\/span>\n\t\t<\/div>\n\t\t\t\t\t\t<\/div>\n\t\t\t\t<\/div>\n\t\t\t\t<div class=\"elementor-element elementor-element-16dc2ad elementor-widget elementor-widget-heading\" data-id=\"16dc2ad\" data-element_type=\"widget\" data-e-type=\"widget\" data-widget_type=\"heading.default\">\n\t\t\t\t<div class=\"elementor-widget-container\">\n\t\t\t\t\t<p class=\"elementor-heading-title elementor-size-default\">Inhibiteur de corrosion et de tartre filmog\u00e8ne \u00e0 base de polyamines pour chaudi\u00e8res \u00e0 haute pression et syst\u00e8mes d'eau ferm\u00e9s aliment\u00e9s par de l'eau d\u00e9min\u00e9ralis\u00e9e<\/p>\t\t\t\t<\/div>\n\t\t\t\t<\/div>\n\t\t\t\t<\/div>\n\t\t<div class=\"elementor-element elementor-element-7817866 e-flex e-con-boxed e-con e-parent\" data-id=\"7817866\" data-element_type=\"container\" data-e-type=\"container\" data-settings=\"{&quot;background_background&quot;:&quot;classic&quot;}\">\n\t\t\t\t\t<div class=\"e-con-inner\">\n\t\t<div class=\"elementor-element elementor-element-89c20d1 e-con-full e-flex e-con e-child\" data-id=\"89c20d1\" data-element_type=\"container\" data-e-type=\"container\">\n\t\t<div class=\"elementor-element elementor-element-cd221a6 e-con-full e-flex e-con e-child\" data-id=\"cd221a6\" data-element_type=\"container\" data-e-type=\"container\">\n\t\t\t\t<div class=\"elementor-element elementor-element-2a84f7a subtitle elementor-widget elementor-widget-text-editor\" data-id=\"2a84f7a\" data-element_type=\"widget\" data-e-type=\"widget\" data-widget_type=\"text-editor.default\">\n\t\t\t\t<div class=\"elementor-widget-container\">\n\t\t\t\t\t\t\t\t\t<p>Description du produit<\/p>\t\t\t\t\t\t\t\t<\/div>\n\t\t\t\t<\/div>\n\t\t\t\t<div class=\"elementor-element elementor-element-d81f533 elementor-widget elementor-widget-text-editor\" data-id=\"d81f533\" data-element_type=\"widget\" data-e-type=\"widget\" data-widget_type=\"text-editor.default\">\n\t\t\t\t<div class=\"elementor-widget-container\">\n\t\t\t\t\t\t\t\t\t<p><strong>FINEAMIN 90<\/strong> est un m\u00e9lange de polyamines volatiles, alcalinisantes et filmog\u00e8nes, utilis\u00e9 comme inhibiteur de corrosion pour le conditionnement de l&rsquo;eau d&rsquo;alimentation des chaudi\u00e8res HP.<\/p><p><strong>FINEAMIN 90<\/strong> est un inhibiteur de corrosion et de tartre utilis\u00e9 pour <a href=\"https:\/\/fineamin.com\/polyamines-applications\/steam-generator-plants-water-treatment\/\"><strong>le traitement de l&rsquo;eau d&rsquo;alimentation des chaudi\u00e8res \u00e0 haute pression<\/strong><\/a>FINEAMIN 90 est un inhibiteur de corrosion et d&rsquo;entartrage pour les chaudi\u00e8res \u00e0 haute pression, largement utilis\u00e9es dans l&rsquo;industrie de la production d&rsquo;\u00e9nergie, dans les centrales thermiques. FINEAMIN 90 peut \u00eatre utilis\u00e9 pour des marques de chaudi\u00e8res telles que Benson, Babcock et Wilcox, \u00e9tant conforme aux normes OEM pour des pressions de fonctionnement allant jusqu&rsquo;\u00e0 220 bars et des temp\u00e9ratures allant jusqu&rsquo;\u00e0 540\u00b0C. Pour des informations d\u00e9taill\u00e9es sur le mode d&rsquo;action de FINEAMIN 90, veuillez lire :  <\/p>\t\t\t\t\t\t\t\t<\/div>\n\t\t\t\t<\/div>\n\t\t\t\t<div class=\"elementor-element elementor-element-cb8e6fc elementor-align-center elementor-widget elementor-widget-button\" data-id=\"cb8e6fc\" data-element_type=\"widget\" data-e-type=\"widget\" data-widget_type=\"button.default\">\n\t\t\t\t<div class=\"elementor-widget-container\">\n\t\t\t\t\t\t\t\t\t<div class=\"elementor-button-wrapper\">\n\t\t\t\t\t<a class=\"elementor-button elementor-button-link elementor-size-sm\" href=\"https:\/\/fineamin.com\/fr\/amines-filmogenes-et-inhibiteurs-de-corrosion-a-base-damines-filmogenes\/\">\n\t\t\t\t\t\t<span class=\"elementor-button-content-wrapper\">\n\t\t\t\t\t\t\t\t\t<span class=\"elementor-button-text\">M\u00c9CANISME DES POLYAMINES FILMOG\u00c8NES<\/span>\n\t\t\t\t\t<\/span>\n\t\t\t\t\t<\/a>\n\t\t\t\t<\/div>\n\t\t\t\t\t\t\t\t<\/div>\n\t\t\t\t<\/div>\n\t\t\t\t<div class=\"elementor-element elementor-element-f696b79 elementor-widget elementor-widget-text-editor\" data-id=\"f696b79\" data-element_type=\"widget\" data-e-type=\"widget\" data-widget_type=\"text-editor.default\">\n\t\t\t\t<div class=\"elementor-widget-container\">\n\t\t\t\t\t\t\t\t\t<p>Le produit se pr\u00e9sente sous la forme d&rsquo;un liquide organique \u00ab\u00a0tout-en-un\u00a0\u00bb, pr\u00eat \u00e0 l&#8217;emploi. Sa formule unique, compos\u00e9e principalement de polyamines tensioactives, favorise la formation d&rsquo;une barri\u00e8re micromol\u00e9culaire entre l&rsquo;eau et les tuyaux, \u00e0 l&rsquo;int\u00e9rieur des centrales de production de vapeur, isolant les pi\u00e8ces m\u00e9talliques de l&rsquo;oxyg\u00e8ne r\u00e9siduel et du tartre. FINEAMIN 90 prot\u00e8ge l&rsquo;ensemble du cycle eau-vapeur, gr\u00e2ce \u00e0 son contenu en amines volatiles qui se d\u00e9placent le long du syst\u00e8me.  <\/p><p>Le produit \u00e0 base de polyamines est <a href=\"https:\/\/fineamin.com\/wp-content\/uploads\/2020\/10\/NSF-Fineamin-90.pdf\"><strong>inhibiteur de corrosion filmog\u00e8ne certifi\u00e9 NSF<\/strong><\/a> et peut \u00eatre utilis\u00e9 sans probl\u00e8me pour le traitement de l&rsquo;eau dans les installations de transformation des aliments.<\/p>\t\t\t\t\t\t\t\t<\/div>\n\t\t\t\t<\/div>\n\t\t\t\t<div class=\"elementor-element elementor-element-bf4f482 elementor-widget elementor-widget-text-editor\" data-id=\"bf4f482\" data-element_type=\"widget\" data-e-type=\"widget\" data-widget_type=\"text-editor.default\">\n\t\t\t\t<div class=\"elementor-widget-container\">\n\t\t\t\t\t\t\t\t\t<p><b>FINEAMIN 90<\/b> a \u00e9t\u00e9 test\u00e9 ind\u00e9pendamment et confirm\u00e9 comme \u00e9cologiquement et toxicologiquement inoffensif par des instituts m\u00e9dicaux et d&rsquo;hygi\u00e8ne. En outre, il est biod\u00e9gradable \u00e0 70 %. <\/p>\t\t\t\t\t\t\t\t<\/div>\n\t\t\t\t<\/div>\n\t\t\t\t<div class=\"elementor-element elementor-element-02b57a0 subtitle elementor-widget elementor-widget-text-editor\" data-id=\"02b57a0\" data-element_type=\"widget\" data-e-type=\"widget\" data-widget_type=\"text-editor.default\">\n\t\t\t\t<div class=\"elementor-widget-container\">\n\t\t\t\t\t\t\t\t\t<p>Emballage<\/p>\t\t\t\t\t\t\t\t<\/div>\n\t\t\t\t<\/div>\n\t\t\t\t<div class=\"elementor-element elementor-element-0da6d71 elementor-widget elementor-widget-text-editor\" data-id=\"0da6d71\" data-element_type=\"widget\" data-e-type=\"widget\" data-widget_type=\"text-editor.default\">\n\t\t\t\t<div class=\"elementor-widget-container\">\n\t\t\t\t\t\t\t\t\t<p><strong>FINEAMIN 90<\/strong> est livr\u00e9 sous forme de m\u00e9lange liquide pr\u00eat \u00e0 l&#8217;emploi dans des f\u00fbts de 30 kg, 60 kg ou 210 kg. Pour les grands clients, il est disponible en conteneurs standard de 1000 kg. En f\u00fbts ferm\u00e9s, avec une temp\u00e9rature ambiante de 5\u00b0C \u00e0 45\u00b0C, la dur\u00e9e de vie de l&rsquo;enveloppe est de 5 ans.  <\/p>\t\t\t\t\t\t\t\t<\/div>\n\t\t\t\t<\/div>\n\t\t\t\t<\/div>\n\t\t<div class=\"elementor-element elementor-element-691556f e-con-full e-flex e-con e-child\" data-id=\"691556f\" data-element_type=\"container\" data-e-type=\"container\">\n\t\t\t\t<div class=\"elementor-element elementor-element-d201481 elementor-widget elementor-widget-image\" data-id=\"d201481\" data-element_type=\"widget\" data-e-type=\"widget\" data-widget_type=\"image.default\">\n\t\t\t\t<div class=\"elementor-widget-container\">\n\t\t\t\t\t\t\t\t\t\t\t\t\t\t\t<img fetchpriority=\"high\" decoding=\"async\" width=\"1024\" height=\"628\" src=\"https:\/\/fineamin.com\/wp-content\/uploads\/2025\/01\/high-pressur-boiler-additive-against-corrosion-and-scale-1024x628.jpg\" class=\"attachment-large size-large wp-image-18835\" alt=\"high pressure boiler additive against corrosion and scale\" srcset=\"https:\/\/fineamin.com\/wp-content\/uploads\/2025\/01\/high-pressur-boiler-additive-against-corrosion-and-scale-1024x628.jpg 1024w, https:\/\/fineamin.com\/wp-content\/uploads\/2025\/01\/high-pressur-boiler-additive-against-corrosion-and-scale-300x184.jpg 300w, https:\/\/fineamin.com\/wp-content\/uploads\/2025\/01\/high-pressur-boiler-additive-against-corrosion-and-scale-768x471.jpg 768w, https:\/\/fineamin.com\/wp-content\/uploads\/2025\/01\/high-pressur-boiler-additive-against-corrosion-and-scale-1536x942.jpg 1536w, https:\/\/fineamin.com\/wp-content\/uploads\/2025\/01\/high-pressur-boiler-additive-against-corrosion-and-scale.jpg 1887w\" sizes=\"(max-width: 1024px) 100vw, 1024px\" \/>\t\t\t\t\t\t\t\t\t\t\t\t\t\t\t<\/div>\n\t\t\t\t<\/div>\n\t\t\t\t<div class=\"elementor-element elementor-element-46b4c9a subtitle elementor-widget elementor-widget-text-editor\" data-id=\"46b4c9a\" data-element_type=\"widget\" data-e-type=\"widget\" data-widget_type=\"text-editor.default\">\n\t\t\t\t<div class=\"elementor-widget-container\">\n\t\t\t\t\t\t\t\t\t<p>Propri\u00e9t\u00e9s chimiques<\/p>\t\t\t\t\t\t\t\t<\/div>\n\t\t\t\t<\/div>\n\t\t<div class=\"elementor-element elementor-element-47434a5 e-con-full e-flex e-con e-child\" data-id=\"47434a5\" data-element_type=\"container\" data-e-type=\"container\" data-settings=\"{&quot;background_background&quot;:&quot;classic&quot;}\">\n\t\t<div class=\"elementor-element elementor-element-60fcdba e-con-full e-flex e-con e-child\" data-id=\"60fcdba\" data-element_type=\"container\" data-e-type=\"container\">\n\t\t<div class=\"elementor-element elementor-element-57ed72e e-con-full e-flex e-con e-child\" data-id=\"57ed72e\" data-element_type=\"container\" data-e-type=\"container\">\n\t\t\t\t<div class=\"elementor-element elementor-element-9c11e09 elementor-widget elementor-widget-price-list\" data-id=\"9c11e09\" data-element_type=\"widget\" data-e-type=\"widget\" data-widget_type=\"price-list.default\">\n\t\t\t\t<div class=\"elementor-widget-container\">\n\t\t\t\t\t\n\t\t<ul class=\"elementor-price-list\">\n\n\t\t\t\t\t\t\t\t\t<li class=\"elementor-price-list-item\">\t\t\t\t\n\t\t\t\t<div class=\"elementor-price-list-text\">\n\t\t\t\t\t\t\t\t\t<div class=\"elementor-price-list-header\">\n\t\t\t\t\t\t\t\t\t\t\t<span class=\"elementor-price-list-title\">\n\t\t\t\t\t\t\tForme :\t\t\t\t\t\t<\/span>\n\t\t\t\t\t\t\t\t\t\t\t\t\t\t\t\t\t\t<span class=\"elementor-price-list-separator\"><\/span>\n\t\t\t\t\t\t\t\t\t\t\t\t\t\t\t\t\t\t\t<span class=\"elementor-price-list-price\">Liquide<\/span>\n\t\t\t\t\t\t\t\t\t\t<\/div>\n\t\t\t\t\t\t\t\t\t\t\t\t<\/div>\n\t\t\t\t<\/li>\t\t\t\t\t\t\t\t\t\t\t\t<li class=\"elementor-price-list-item\">\t\t\t\t\n\t\t\t\t<div class=\"elementor-price-list-text\">\n\t\t\t\t\t\t\t\t\t<div class=\"elementor-price-list-header\">\n\t\t\t\t\t\t\t\t\t\t\t<span class=\"elementor-price-list-title\">\n\t\t\t\t\t\t\tCouleur :\t\t\t\t\t\t<\/span>\n\t\t\t\t\t\t\t\t\t\t\t\t\t\t\t\t\t\t<span class=\"elementor-price-list-separator\"><\/span>\n\t\t\t\t\t\t\t\t\t\t\t\t\t\t\t\t\t\t\t<span class=\"elementor-price-list-price\">Incolore<\/span>\n\t\t\t\t\t\t\t\t\t\t<\/div>\n\t\t\t\t\t\t\t\t\t\t\t\t<\/div>\n\t\t\t\t<\/li>\t\t\t\t\t\t\t\t\t\t\t\t<li class=\"elementor-price-list-item\">\t\t\t\t\n\t\t\t\t<div class=\"elementor-price-list-text\">\n\t\t\t\t\t\t\t\t\t<div class=\"elementor-price-list-header\">\n\t\t\t\t\t\t\t\t\t\t\t<span class=\"elementor-price-list-title\">\n\t\t\t\t\t\t\tOdeur :  \t\t\t\t\t\t<\/span>\n\t\t\t\t\t\t\t\t\t\t\t\t\t\t\t\t\t\t<span class=\"elementor-price-list-separator\"><\/span>\n\t\t\t\t\t\t\t\t\t\t\t\t\t\t\t\t\t\t\t<span class=\"elementor-price-list-price\">Caract\u00e9ristique<\/span>\n\t\t\t\t\t\t\t\t\t\t<\/div>\n\t\t\t\t\t\t\t\t\t\t\t\t<\/div>\n\t\t\t\t<\/li>\t\t\t\t\t\n\t\t<\/ul>\n\n\t\t\t\t\t\t<\/div>\n\t\t\t\t<\/div>\n\t\t\t\t<\/div>\n\t\t<div class=\"elementor-element elementor-element-0e24549 e-con-full e-flex e-con e-child\" data-id=\"0e24549\" data-element_type=\"container\" data-e-type=\"container\">\n\t\t\t\t<div class=\"elementor-element elementor-element-65d48b0 elementor-widget elementor-widget-price-list\" data-id=\"65d48b0\" data-element_type=\"widget\" data-e-type=\"widget\" data-widget_type=\"price-list.default\">\n\t\t\t\t<div class=\"elementor-widget-container\">\n\t\t\t\t\t\n\t\t<ul class=\"elementor-price-list\">\n\n\t\t\t\t\t\t\t\t\t<li class=\"elementor-price-list-item\">\t\t\t\t\n\t\t\t\t<div class=\"elementor-price-list-text\">\n\t\t\t\t\t\t\t\t\t<div class=\"elementor-price-list-header\">\n\t\t\t\t\t\t\t\t\t\t\t<span class=\"elementor-price-list-title\">\n\t\t\t\t\t\t\tPoint d'\u00e9bullition :\t\t\t\t\t\t<\/span>\n\t\t\t\t\t\t\t\t\t\t\t\t\t\t\t\t\t\t<span class=\"elementor-price-list-separator\"><\/span>\n\t\t\t\t\t\t\t\t\t\t\t\t\t\t\t\t\t\t\t<span class=\"elementor-price-list-price\">Liquide<\/span>\n\t\t\t\t\t\t\t\t\t\t<\/div>\n\t\t\t\t\t\t\t\t\t\t\t\t<\/div>\n\t\t\t\t<\/li>\t\t\t\t\t\t\t\t\t\t\t\t<li class=\"elementor-price-list-item\">\t\t\t\t\n\t\t\t\t<div class=\"elementor-price-list-text\">\n\t\t\t\t\t\t\t\t\t<div class=\"elementor-price-list-header\">\n\t\t\t\t\t\t\t\t\t\t\t<span class=\"elementor-price-list-title\">\n\t\t\t\t\t\t\tDensit\u00e9 (20\u00b0C) :\t\t\t\t\t\t<\/span>\n\t\t\t\t\t\t\t\t\t\t\t\t\t\t\t\t\t\t<span class=\"elementor-price-list-separator\"><\/span>\n\t\t\t\t\t\t\t\t\t\t\t\t\t\t\t\t\t\t\t<span class=\"elementor-price-list-price\">  1+\/-0.1g\/cm3<\/span>\n\t\t\t\t\t\t\t\t\t\t<\/div>\n\t\t\t\t\t\t\t\t\t\t\t\t<\/div>\n\t\t\t\t<\/li>\t\t\t\t\t\t\t\t\t\t\t\t<li class=\"elementor-price-list-item\">\t\t\t\t\n\t\t\t\t<div class=\"elementor-price-list-text\">\n\t\t\t\t\t\t\t\t\t<div class=\"elementor-price-list-header\">\n\t\t\t\t\t\t\t\t\t\t\t<span class=\"elementor-price-list-title\">\n\t\t\t\t\t\t\tValeur du pH (20\u00b0C) :\t\t\t\t\t\t<\/span>\n\t\t\t\t\t\t\t\t\t\t\t\t\t\t\t\t\t\t<span class=\"elementor-price-list-separator\"><\/span>\n\t\t\t\t\t\t\t\t\t\t\t\t\t\t\t\t\t\t\t<span class=\"elementor-price-list-price\">12.5<\/span>\n\t\t\t\t\t\t\t\t\t\t<\/div>\n\t\t\t\t\t\t\t\t\t\t\t\t<\/div>\n\t\t\t\t<\/li>\t\t\t\t\t\n\t\t<\/ul>\n\n\t\t\t\t\t\t<\/div>\n\t\t\t\t<\/div>\n\t\t\t\t<\/div>\n\t\t\t\t<\/div>\n\t\t\t\t<\/div>\n\t\t\t\t<\/div>\n\t\t\t\t<\/div>\n\t\t\t\t\t<\/div>\n\t\t\t\t<\/div>\n\t\t\t\t<\/div>\n\t\t","protected":false},"excerpt":{"rendered":"<p>PRODUITS CHIMIQUES ANTICORROSION ET ANTITARTRE POUR L&rsquo;EAU D&rsquo;ALIMENTATION FINEAMINE 90 Inhibiteur de corrosion et de tartre filmog\u00e8ne \u00e0 base de [&hellip;]<\/p>\n","protected":false},"author":1,"featured_media":0,"parent":21695,"menu_order":0,"comment_status":"closed","ping_status":"closed","template":"","meta":{"_seopress_robots_primary_cat":"","_seopress_titles_title":"Additif anticorrosion pour chaudi\u00e8res HP | Fineamin SWISS Chemicals","_seopress_titles_desc":"FINEAMIN 90 - additif organique anticorrosion pour chaudi\u00e8res et tuyaux m\u00e9talliques \u00e0 utiliser \u00e0 l'int\u00e9rieur des syst\u00e8mes de g\u00e9n\u00e9rateurs de vapeur HP. Solutions de traitement de l'eau \u00e0 base d'amines volatiles. ","_seopress_robots_index":"","_seopress_analysis_target_kw":"","site-sidebar-layout":"no-sidebar","site-content-layout":"","ast-site-content-layout":"full-width-container","site-content-style":"default","site-sidebar-style":"default","ast-global-header-display":"","ast-banner-title-visibility":"","ast-main-header-display":"","ast-hfb-above-header-display":"","ast-hfb-below-header-display":"","ast-hfb-mobile-header-display":"","site-post-title":"disabled","ast-breadcrumbs-content":"","ast-featured-img":"disabled","footer-sml-layout":"","ast-disable-related-posts":"","theme-transparent-header-meta":"","adv-header-id-meta":"","stick-header-meta":"","header-above-stick-meta":"","header-main-stick-meta":"","header-below-stick-meta":"","astra-migrate-meta-layouts":"default","ast-page-background-enabled":"default","ast-page-background-meta":{"desktop":{"background-color":"var(--ast-global-color-4)","background-image":"","background-repeat":"repeat","background-position":"center center","background-size":"auto","background-attachment":"scroll","background-type":"","background-media":"","overlay-type":"","overlay-color":"","overlay-opacity":"","overlay-gradient":""},"tablet":{"background-color":"","background-image":"","background-repeat":"repeat","background-position":"center center","background-size":"auto","background-attachment":"scroll","background-type":"","background-media":"","overlay-type":"","overlay-color":"","overlay-opacity":"","overlay-gradient":""},"mobile":{"background-color":"","background-image":"","background-repeat":"repeat","background-position":"center center","background-size":"auto","background-attachment":"scroll","background-type":"","background-media":"","overlay-type":"","overlay-color":"","overlay-opacity":"","overlay-gradient":""}},"ast-content-background-meta":{"desktop":{"background-color":"var(--ast-global-color-5)","background-image":"","background-repeat":"repeat","background-position":"center center","background-size":"auto","background-attachment":"scroll","background-type":"","background-media":"","overlay-type":"","overlay-color":"","overlay-opacity":"","overlay-gradient":""},"tablet":{"background-color":"var(--ast-global-color-5)","background-image":"","background-repeat":"repeat","background-position":"center center","background-size":"auto","background-attachment":"scroll","background-type":"","background-media":"","overlay-type":"","overlay-color":"","overlay-opacity":"","overlay-gradient":""},"mobile":{"background-color":"var(--ast-global-color-5)","background-image":"","background-repeat":"repeat","background-position":"center center","background-size":"auto","background-attachment":"scroll","background-type":"","background-media":"","overlay-type":"","overlay-color":"","overlay-opacity":"","overlay-gradient":""}},"footnotes":""},"class_list":["post-21521","page","type-page","status-publish","hentry"],"_links":{"self":[{"href":"https:\/\/fineamin.com\/fr\/wp-json\/wp\/v2\/pages\/21521","targetHints":{"allow":["GET"]}}],"collection":[{"href":"https:\/\/fineamin.com\/fr\/wp-json\/wp\/v2\/pages"}],"about":[{"href":"https:\/\/fineamin.com\/fr\/wp-json\/wp\/v2\/types\/page"}],"author":[{"embeddable":true,"href":"https:\/\/fineamin.com\/fr\/wp-json\/wp\/v2\/users\/1"}],"replies":[{"embeddable":true,"href":"https:\/\/fineamin.com\/fr\/wp-json\/wp\/v2\/comments?post=21521"}],"version-history":[{"count":2,"href":"https:\/\/fineamin.com\/fr\/wp-json\/wp\/v2\/pages\/21521\/revisions"}],"predecessor-version":[{"id":21716,"href":"https:\/\/fineamin.com\/fr\/wp-json\/wp\/v2\/pages\/21521\/revisions\/21716"}],"up":[{"embeddable":true,"href":"https:\/\/fineamin.com\/fr\/wp-json\/wp\/v2\/pages\/21695"}],"wp:attachment":[{"href":"https:\/\/fineamin.com\/fr\/wp-json\/wp\/v2\/media?parent=21521"}],"curies":[{"name":"wp","href":"https:\/\/api.w.org\/{rel}","templated":true}]}}