{"id":21503,"date":"2025-02-10T15:14:05","date_gmt":"2025-02-10T15:14:05","guid":{"rendered":"https:\/\/fineamin.com\/fineamine-bod\/"},"modified":"2025-04-08T14:29:17","modified_gmt":"2025-04-08T14:29:17","slug":"fineamine-bod","status":"publish","type":"page","link":"https:\/\/fineamin.com\/fr\/pour-les-systemes-de-refroidissement\/fineamine-bod\/","title":{"rendered":"FINEAMINE BOD"},"content":{"rendered":"\t\t<div data-elementor-type=\"wp-page\" data-elementor-id=\"21503\" class=\"elementor elementor-21503 elementor-19714\" data-elementor-post-type=\"page\">\n\t\t\t\t<div class=\"elementor-element elementor-element-1ef29a5 e-con-full e-flex e-con e-parent\" data-id=\"1ef29a5\" data-element_type=\"container\" data-e-type=\"container\" data-settings=\"{&quot;background_background&quot;:&quot;classic&quot;}\">\n\t\t\t\t<div class=\"elementor-element elementor-element-94e7ea5 elementor-widget elementor-widget-heading\" data-id=\"94e7ea5\" data-element_type=\"widget\" data-e-type=\"widget\" data-widget_type=\"heading.default\">\n\t\t\t\t<div class=\"elementor-widget-container\">\n\t\t\t\t\t<p class=\"elementor-heading-title elementor-size-default\">TRAITEMENT ORGANIQUE DE L'EAU POUR LES SYST\u00c8MES DE REFROIDISSEMENT<\/p>\t\t\t\t<\/div>\n\t\t\t\t<\/div>\n\t\t\t\t<div class=\"elementor-element elementor-element-9297245 elementor-widget elementor-widget-heading\" data-id=\"9297245\" data-element_type=\"widget\" data-e-type=\"widget\" data-widget_type=\"heading.default\">\n\t\t\t\t<div class=\"elementor-widget-container\">\n\t\t\t\t\t<h1 class=\"elementor-heading-title elementor-size-default\">FINEAMINE BOD<\/h1>\t\t\t\t<\/div>\n\t\t\t\t<\/div>\n\t\t\t\t<div class=\"elementor-element elementor-element-5ff9210 elementor-widget-divider--view-line elementor-widget elementor-widget-divider\" data-id=\"5ff9210\" data-element_type=\"widget\" data-e-type=\"widget\" data-widget_type=\"divider.default\">\n\t\t\t\t<div class=\"elementor-widget-container\">\n\t\t\t\t\t\t\t<div class=\"elementor-divider\">\n\t\t\t<span class=\"elementor-divider-separator\">\n\t\t\t\t\t\t<\/span>\n\t\t<\/div>\n\t\t\t\t\t\t<\/div>\n\t\t\t\t<\/div>\n\t\t\t\t<div class=\"elementor-element elementor-element-16dc2ad elementor-widget elementor-widget-heading\" data-id=\"16dc2ad\" data-element_type=\"widget\" data-e-type=\"widget\" data-widget_type=\"heading.default\">\n\t\t\t\t<div class=\"elementor-widget-container\">\n\t\t\t\t\t<p class=\"elementor-heading-title elementor-size-default\">Biodispersant<\/p>\t\t\t\t<\/div>\n\t\t\t\t<\/div>\n\t\t\t\t<\/div>\n\t\t<div class=\"elementor-element elementor-element-7817866 e-flex e-con-boxed e-con e-parent\" data-id=\"7817866\" data-element_type=\"container\" data-e-type=\"container\" data-settings=\"{&quot;background_background&quot;:&quot;classic&quot;}\">\n\t\t\t\t\t<div class=\"e-con-inner\">\n\t\t<div class=\"elementor-element elementor-element-89c20d1 e-con-full e-flex e-con e-child\" data-id=\"89c20d1\" data-element_type=\"container\" data-e-type=\"container\">\n\t\t<div class=\"elementor-element elementor-element-cd221a6 e-con-full e-flex e-con e-child\" data-id=\"cd221a6\" data-element_type=\"container\" data-e-type=\"container\">\n\t\t\t\t<div class=\"elementor-element elementor-element-2a84f7a subtitle elementor-widget elementor-widget-text-editor\" data-id=\"2a84f7a\" data-element_type=\"widget\" data-e-type=\"widget\" data-widget_type=\"text-editor.default\">\n\t\t\t\t<div class=\"elementor-widget-container\">\n\t\t\t\t\t\t\t\t\t<p>Description du produit<\/p>\t\t\t\t\t\t\t\t<\/div>\n\t\t\t\t<\/div>\n\t\t\t\t<div class=\"elementor-element elementor-element-d81f533 elementor-widget elementor-widget-text-editor\" data-id=\"d81f533\" data-element_type=\"widget\" data-e-type=\"widget\" data-widget_type=\"text-editor.default\">\n\t\t\t\t<div class=\"elementor-widget-container\">\n\t\t\t\t\t\t\t\t\t<div class=\"wpb_text_column wpb_content_element\"><div class=\"wpb_wrapper\"><div class=\"wpb_text_column wpb_content_element\"><div class=\"wpb_wrapper\"><div class=\"wpb_text_column wpb_content_element\"><div class=\"wpb_wrapper\"><div class=\"wpb_text_column wpb_content_element\"><div class=\"wpb_wrapper\"><div class=\"wpb_text_column wpb_content_element\"><div class=\"wpb_wrapper\"><p><strong>FINEAMIN BIODISPERSANT BOD<\/strong> est un additif tensioactif non ionique con\u00e7u pour les syst\u00e8mes de refroidissement, g\u00e9n\u00e9ralement inject\u00e9 AVANT l&rsquo;application de biocides\/algicides (FINEAMIN <a title=\"Biocide pour les syst\u00e8mes de refroidissement\" href=\"https:\/\/fineamin.com\/biodispersants-corrosion-inhibitors-cooling-towers\/finealga-25-2\/\">FINEALGA 25<\/a> \/ <a title=\"BIOCIDE\" href=\"https:\/\/fineamin.com\/biodispersants-corrosion-inhibitors-cooling-towers\/fineamin-finealga-me\/\">FINEALGA ME<\/a>). Sa fonction est de p\u00e9n\u00e9trer le biofilm et d&rsquo;am\u00e9liorer l&rsquo;efficacit\u00e9 de ces agents en r\u00e9duisant leur fr\u00e9quence d&rsquo;utilisation et les quantit\u00e9s n\u00e9cessaires. <\/p><\/div><\/div><div class=\"wpb_text_column wpb_content_element\"><div class=\"wpb_wrapper\"><p><strong>FINEAMIN BOD<\/strong> est inject\u00e9 en un seul point du r\u00e9seau pour \u00eatre distribu\u00e9 dans l&rsquo;ensemble du circuit. Administr\u00e9e en doses CHOC, cette m\u00e9thode permet d&rsquo;obtenir une efficacit\u00e9 optimale avec le moins de produit possible. <\/p><p>La fr\u00e9quence d&rsquo;application est d\u00e9termin\u00e9e en fonction des r\u00e9sultats des tests bact\u00e9riologiques.<\/p><\/div><\/div><\/div><\/div><\/div><\/div><\/div><\/div><\/div><\/div>\t\t\t\t\t\t\t\t<\/div>\n\t\t\t\t<\/div>\n\t\t\t\t<div class=\"elementor-element elementor-element-489b697 subtitle elementor-widget elementor-widget-text-editor\" data-id=\"489b697\" data-element_type=\"widget\" data-e-type=\"widget\" data-widget_type=\"text-editor.default\">\n\t\t\t\t<div class=\"elementor-widget-container\">\n\t\t\t\t\t\t\t\t\t<p>Emballage<\/p>\t\t\t\t\t\t\t\t<\/div>\n\t\t\t\t<\/div>\n\t\t\t\t<div class=\"elementor-element elementor-element-4e75751 elementor-widget elementor-widget-text-editor\" data-id=\"4e75751\" data-element_type=\"widget\" data-e-type=\"widget\" data-widget_type=\"text-editor.default\">\n\t\t\t\t<div class=\"elementor-widget-container\">\n\t\t\t\t\t\t\t\t\t<div class=\"wpb_text_column wpb_content_element\"><div class=\"wpb_wrapper\"><p><strong>FINEAMIN FINEALGA ME<\/strong> est livr\u00e9 en f\u00fbts de 30kg et 60kg. Doit \u00eatre stock\u00e9 dans des f\u00fbts ferm\u00e9s, \u00e0 une temp\u00e9rature ambiante non inf\u00e9rieure \u00e0 5\u00b0C. <\/p><\/div><\/div>\t\t\t\t\t\t\t\t<\/div>\n\t\t\t\t<\/div>\n\t\t\t\t<\/div>\n\t\t<div class=\"elementor-element elementor-element-691556f e-con-full e-flex e-con e-child\" data-id=\"691556f\" data-element_type=\"container\" data-e-type=\"container\">\n\t\t\t\t<div class=\"elementor-element elementor-element-d201481 elementor-widget elementor-widget-image\" data-id=\"d201481\" data-element_type=\"widget\" data-e-type=\"widget\" data-widget_type=\"image.default\">\n\t\t\t\t<div class=\"elementor-widget-container\">\n\t\t\t\t\t\t\t\t\t\t\t\t\t\t\t<img fetchpriority=\"high\" decoding=\"async\" width=\"1024\" height=\"481\" src=\"https:\/\/fineamin.com\/wp-content\/uploads\/2025\/02\/BOD-1024x481.jpg\" class=\"attachment-large size-large wp-image-19717\" alt=\"\" srcset=\"https:\/\/fineamin.com\/wp-content\/uploads\/2025\/02\/BOD-1024x481.jpg 1024w, https:\/\/fineamin.com\/wp-content\/uploads\/2025\/02\/BOD-300x141.jpg 300w, https:\/\/fineamin.com\/wp-content\/uploads\/2025\/02\/BOD-768x361.jpg 768w, https:\/\/fineamin.com\/wp-content\/uploads\/2025\/02\/BOD-1536x721.jpg 1536w, https:\/\/fineamin.com\/wp-content\/uploads\/2025\/02\/BOD.jpg 1887w\" sizes=\"(max-width: 1024px) 100vw, 1024px\" \/>\t\t\t\t\t\t\t\t\t\t\t\t\t\t\t<\/div>\n\t\t\t\t<\/div>\n\t\t<div class=\"elementor-element elementor-element-de3a69e e-con-full e-flex e-con e-child\" data-id=\"de3a69e\" data-element_type=\"container\" data-e-type=\"container\" data-settings=\"{&quot;background_background&quot;:&quot;classic&quot;}\">\n\t\t<div class=\"elementor-element elementor-element-9849494 e-con-full e-flex e-con e-child\" data-id=\"9849494\" data-element_type=\"container\" data-e-type=\"container\">\n\t\t\t\t<div class=\"elementor-element elementor-element-519b13d elementor-widget elementor-widget-text-editor\" data-id=\"519b13d\" data-element_type=\"widget\" data-e-type=\"widget\" data-widget_type=\"text-editor.default\">\n\t\t\t\t<div class=\"elementor-widget-container\">\n\t\t\t\t\t\t\t\t\t<p>Pour plus d&rsquo;informations, veuillez t\u00e9l\u00e9charger : <strong>BIODISPERSANT BOD TDS. <\/strong>Pour les fiches de donn\u00e9es de s\u00e9curit\u00e9 du biodispersant BOD, vous pouvez toujours <a title=\"contact avec les amines de filmage\" href=\"https:\/\/fineamin.com\/film-forming-polyamines-technical-support\/\" target=\"_blank\" rel=\"noopener\"><strong>nous contacter<\/strong><\/a>.<\/p>\t\t\t\t\t\t\t\t<\/div>\n\t\t\t\t<\/div>\n\t\t\t\t<\/div>\n\t\t\t\t<\/div>\n\t\t\t\t<\/div>\n\t\t\t\t<\/div>\n\t\t\t\t\t<\/div>\n\t\t\t\t<\/div>\n\t\t\t\t<\/div>\n\t\t","protected":false},"excerpt":{"rendered":"<p>TRAITEMENT ORGANIQUE DE L&rsquo;EAU POUR LES SYST\u00c8MES DE REFROIDISSEMENT FINEAMINE BOD Biodispersant Description du produit FINEAMIN BIODISPERSANT BOD est un [&hellip;]<\/p>\n","protected":false},"author":1,"featured_media":0,"parent":21564,"menu_order":0,"comment_status":"closed","ping_status":"closed","template":"","meta":{"_seopress_robots_primary_cat":"","_seopress_titles_title":"BioDispersant pour syst\u00e8mes de refroidissement | Fineamin SWISS Chemicals","_seopress_titles_desc":"Produits chimiques pour le traitement de l'eau des g\u00e9n\u00e9rateurs de vapeur, FINEAMIN 06 C - un inhibiteur de corrosion et de tartre concentr\u00e9 pour les chaudi\u00e8res \u00e0 moyenne et basse pression.","_seopress_robots_index":"","site-sidebar-layout":"no-sidebar","site-content-layout":"","ast-site-content-layout":"full-width-container","site-content-style":"default","site-sidebar-style":"default","ast-global-header-display":"","ast-banner-title-visibility":"","ast-main-header-display":"","ast-hfb-above-header-display":"","ast-hfb-below-header-display":"","ast-hfb-mobile-header-display":"","site-post-title":"disabled","ast-breadcrumbs-content":"","ast-featured-img":"disabled","footer-sml-layout":"","ast-disable-related-posts":"","theme-transparent-header-meta":"","adv-header-id-meta":"","stick-header-meta":"","header-above-stick-meta":"","header-main-stick-meta":"","header-below-stick-meta":"","astra-migrate-meta-layouts":"default","ast-page-background-enabled":"default","ast-page-background-meta":{"desktop":{"background-color":"var(--ast-global-color-4)","background-image":"","background-repeat":"repeat","background-position":"center center","background-size":"auto","background-attachment":"scroll","background-type":"","background-media":"","overlay-type":"","overlay-color":"","overlay-opacity":"","overlay-gradient":""},"tablet":{"background-color":"","background-image":"","background-repeat":"repeat","background-position":"center center","background-size":"auto","background-attachment":"scroll","background-type":"","background-media":"","overlay-type":"","overlay-color":"","overlay-opacity":"","overlay-gradient":""},"mobile":{"background-color":"","background-image":"","background-repeat":"repeat","background-position":"center center","background-size":"auto","background-attachment":"scroll","background-type":"","background-media":"","overlay-type":"","overlay-color":"","overlay-opacity":"","overlay-gradient":""}},"ast-content-background-meta":{"desktop":{"background-color":"var(--ast-global-color-5)","background-image":"","background-repeat":"repeat","background-position":"center center","background-size":"auto","background-attachment":"scroll","background-type":"","background-media":"","overlay-type":"","overlay-color":"","overlay-opacity":"","overlay-gradient":""},"tablet":{"background-color":"var(--ast-global-color-5)","background-image":"","background-repeat":"repeat","background-position":"center center","background-size":"auto","background-attachment":"scroll","background-type":"","background-media":"","overlay-type":"","overlay-color":"","overlay-opacity":"","overlay-gradient":""},"mobile":{"background-color":"var(--ast-global-color-5)","background-image":"","background-repeat":"repeat","background-position":"center center","background-size":"auto","background-attachment":"scroll","background-type":"","background-media":"","overlay-type":"","overlay-color":"","overlay-opacity":"","overlay-gradient":""}},"footnotes":""},"class_list":["post-21503","page","type-page","status-publish","hentry"],"_links":{"self":[{"href":"https:\/\/fineamin.com\/fr\/wp-json\/wp\/v2\/pages\/21503","targetHints":{"allow":["GET"]}}],"collection":[{"href":"https:\/\/fineamin.com\/fr\/wp-json\/wp\/v2\/pages"}],"about":[{"href":"https:\/\/fineamin.com\/fr\/wp-json\/wp\/v2\/types\/page"}],"author":[{"embeddable":true,"href":"https:\/\/fineamin.com\/fr\/wp-json\/wp\/v2\/users\/1"}],"replies":[{"embeddable":true,"href":"https:\/\/fineamin.com\/fr\/wp-json\/wp\/v2\/comments?post=21503"}],"version-history":[{"count":1,"href":"https:\/\/fineamin.com\/fr\/wp-json\/wp\/v2\/pages\/21503\/revisions"}],"predecessor-version":[{"id":21504,"href":"https:\/\/fineamin.com\/fr\/wp-json\/wp\/v2\/pages\/21503\/revisions\/21504"}],"up":[{"embeddable":true,"href":"https:\/\/fineamin.com\/fr\/wp-json\/wp\/v2\/pages\/21564"}],"wp:attachment":[{"href":"https:\/\/fineamin.com\/fr\/wp-json\/wp\/v2\/media?parent=21503"}],"curies":[{"name":"wp","href":"https:\/\/api.w.org\/{rel}","templated":true}]}}