{"id":21493,"date":"2025-02-10T15:00:35","date_gmt":"2025-02-10T15:00:35","guid":{"rendered":"https:\/\/fineamin.com\/finealga-me\/"},"modified":"2025-04-08T14:29:17","modified_gmt":"2025-04-08T14:29:17","slug":"finealga-me","status":"publish","type":"page","link":"https:\/\/fineamin.com\/fr\/pour-les-systemes-de-refroidissement\/finealga-me\/","title":{"rendered":"FINEALGA ME"},"content":{"rendered":"\t\t<div data-elementor-type=\"wp-page\" data-elementor-id=\"21493\" class=\"elementor elementor-21493 elementor-19704\" data-elementor-post-type=\"page\">\n\t\t\t\t<div class=\"elementor-element elementor-element-1ef29a5 e-con-full e-flex e-con e-parent\" data-id=\"1ef29a5\" data-element_type=\"container\" data-e-type=\"container\" data-settings=\"{&quot;background_background&quot;:&quot;classic&quot;}\">\n\t\t\t\t<div class=\"elementor-element elementor-element-94e7ea5 elementor-widget elementor-widget-heading\" data-id=\"94e7ea5\" data-element_type=\"widget\" data-e-type=\"widget\" data-widget_type=\"heading.default\">\n\t\t\t\t<div class=\"elementor-widget-container\">\n\t\t\t\t\t<p class=\"elementor-heading-title elementor-size-default\">TRAITEMENT ORGANIQUE DE L'EAU POUR LES SYST\u00c8MES DE REFROIDISSEMENT<\/p>\t\t\t\t<\/div>\n\t\t\t\t<\/div>\n\t\t\t\t<div class=\"elementor-element elementor-element-9297245 elementor-widget elementor-widget-heading\" data-id=\"9297245\" data-element_type=\"widget\" data-e-type=\"widget\" data-widget_type=\"heading.default\">\n\t\t\t\t<div class=\"elementor-widget-container\">\n\t\t\t\t\t<h1 class=\"elementor-heading-title elementor-size-default\">FINEALGA ME<\/h1>\t\t\t\t<\/div>\n\t\t\t\t<\/div>\n\t\t\t\t<div class=\"elementor-element elementor-element-5ff9210 elementor-widget-divider--view-line elementor-widget elementor-widget-divider\" data-id=\"5ff9210\" data-element_type=\"widget\" data-e-type=\"widget\" data-widget_type=\"divider.default\">\n\t\t\t\t<div class=\"elementor-widget-container\">\n\t\t\t\t\t\t\t<div class=\"elementor-divider\">\n\t\t\t<span class=\"elementor-divider-separator\">\n\t\t\t\t\t\t<\/span>\n\t\t<\/div>\n\t\t\t\t\t\t<\/div>\n\t\t\t\t<\/div>\n\t\t\t\t<div class=\"elementor-element elementor-element-16dc2ad elementor-widget elementor-widget-heading\" data-id=\"16dc2ad\" data-element_type=\"widget\" data-e-type=\"widget\" data-widget_type=\"heading.default\">\n\t\t\t\t<div class=\"elementor-widget-container\">\n\t\t\t\t\t<p class=\"elementor-heading-title elementor-size-default\">Biocide de fabrication suisse qui contr\u00f4le efficacement la croissance des micro-organismes (bact\u00e9ries, champignons et algues) dans l'eau industrielle.<\/p>\t\t\t\t<\/div>\n\t\t\t\t<\/div>\n\t\t\t\t<\/div>\n\t\t<div class=\"elementor-element elementor-element-7817866 e-flex e-con-boxed e-con e-parent\" data-id=\"7817866\" data-element_type=\"container\" data-e-type=\"container\" data-settings=\"{&quot;background_background&quot;:&quot;classic&quot;}\">\n\t\t\t\t\t<div class=\"e-con-inner\">\n\t\t<div class=\"elementor-element elementor-element-89c20d1 e-con-full e-flex e-con e-child\" data-id=\"89c20d1\" data-element_type=\"container\" data-e-type=\"container\">\n\t\t<div class=\"elementor-element elementor-element-cd221a6 e-con-full e-flex e-con e-child\" data-id=\"cd221a6\" data-element_type=\"container\" data-e-type=\"container\">\n\t\t\t\t<div class=\"elementor-element elementor-element-2a84f7a subtitle elementor-widget elementor-widget-text-editor\" data-id=\"2a84f7a\" data-element_type=\"widget\" data-e-type=\"widget\" data-widget_type=\"text-editor.default\">\n\t\t\t\t<div class=\"elementor-widget-container\">\n\t\t\t\t\t\t\t\t\t<p>Description du produit<\/p>\t\t\t\t\t\t\t\t<\/div>\n\t\t\t\t<\/div>\n\t\t\t\t<div class=\"elementor-element elementor-element-d81f533 elementor-widget elementor-widget-text-editor\" data-id=\"d81f533\" data-element_type=\"widget\" data-e-type=\"widget\" data-widget_type=\"text-editor.default\">\n\t\t\t\t<div class=\"elementor-widget-container\">\n\t\t\t\t\t\t\t\t\t<div class=\"wpb_text_column wpb_content_element\"><div class=\"wpb_wrapper\"><div class=\"wpb_text_column wpb_content_element\"><div class=\"wpb_wrapper\"><div class=\"wpb_text_column wpb_content_element\"><div class=\"wpb_wrapper\"><div class=\"wpb_text_column wpb_content_element\"><div class=\"wpb_wrapper\"><p><strong>FINEAMIN FINEALGA ME<\/strong> est un biocide con\u00e7u pour \u00eatre utilis\u00e9 dans les syst\u00e8mes de refroidissement et de traitement de l&rsquo;eau. Ce produit, \u00e0 base d&rsquo;isothiazoline, est un agent non oxydant tr\u00e8s efficace pour lutter contre les bact\u00e9ries, algues et autres micro-organismes produisant des boues. Ces organismes sont connus pour cr\u00e9er des conditions favorables \u00e0 la corrosion s\u00e9v\u00e8re et \u00e0 l&rsquo;encrassement.  <\/p><p><strong>FINEAMIN FINEALGA ME<\/strong> est particuli\u00e8rement efficace contre les bact\u00e9ries Legionella pneumophila et Legionella gormanii, responsables de la maladie du l\u00e9gionnaire (Legionellose) et contre les bact\u00e9ries r\u00e9ductrices de sulfate rencontr\u00e9es dans les tours de refroidissement des raffineries et des aci\u00e9ries.<\/p><p><strong>FINEAMIN FINEALGA ME<\/strong> est destin\u00e9 \u00e0 un usage industriel uniquement ! Il ne doit pas \u00eatre utilis\u00e9 dans les syst\u00e8mes d&rsquo;eau potable ou domestique. Il agit efficacement dans une large gamme de pH, notamment entre 6,0 et 9,5.  <\/p><\/div><\/div><div class=\"wpb_text_column wpb_content_element\"><div class=\"wpb_wrapper\"><p><strong>FINEAMIN FINEALGA ME<\/strong> est utilis\u00e9 comme traitement de choc. L&rsquo;ensemble de l&rsquo;\u00e9quipement d&rsquo;alimentation (conteneurs, pompes, canalisations) doit \u00eatre fabriqu\u00e9 dans un mat\u00e9riau r\u00e9sistant, par exemple PE, PP, PVC. <\/p><\/div><\/div><\/div><\/div><\/div><\/div><\/div><\/div>\t\t\t\t\t\t\t\t<\/div>\n\t\t\t\t<\/div>\n\t\t\t\t<div class=\"elementor-element elementor-element-489b697 subtitle elementor-widget elementor-widget-text-editor\" data-id=\"489b697\" data-element_type=\"widget\" data-e-type=\"widget\" data-widget_type=\"text-editor.default\">\n\t\t\t\t<div class=\"elementor-widget-container\">\n\t\t\t\t\t\t\t\t\t<p>Emballage<\/p>\t\t\t\t\t\t\t\t<\/div>\n\t\t\t\t<\/div>\n\t\t\t\t<div class=\"elementor-element elementor-element-4e75751 elementor-widget elementor-widget-text-editor\" data-id=\"4e75751\" data-element_type=\"widget\" data-e-type=\"widget\" data-widget_type=\"text-editor.default\">\n\t\t\t\t<div class=\"elementor-widget-container\">\n\t\t\t\t\t\t\t\t\t<div class=\"wpb_text_column wpb_content_element\"><div class=\"wpb_wrapper\"><p>La <strong>FINEAMIN FINEALGA ME<\/strong> est livr\u00e9e sous forme de solution liquide tout-en-un dans des f\u00fbts de 30 kg, 60 kg ou 210 kg. Pour les grands clients, il est disponible en conteneurs standard de 1000 kg. Dans des f\u00fbts ferm\u00e9s, \u00e0 des temp\u00e9ratures ambiantes de 5\u00b0C \u00e0 45\u00b0C, il peut \u00eatre stock\u00e9 jusqu&rsquo;\u00e0 2 ans.  <\/p><\/div><\/div><div class=\"wpb_text_column wpb_content_element\"><div class=\"wpb_wrapper\"><p><strong>L&rsquo;alternative pour FINEAMIN FINEALGA ME<\/strong> est la suivante <a title=\"Biocide pour les tours de refroidissement\" href=\"https:\/\/fineamin.com\/biodispersants-corrosion-inhibitors-cooling-towers\/fineamin-finealga-me\/\" target=\"_blank\" rel=\"noopener\"><strong>FINEAMIN FINEALGA 25<\/strong><\/a>biocide non oxydant \u00e0 base de sels d&rsquo;ammonium quaternaire<\/p><\/div><\/div>\t\t\t\t\t\t\t\t<\/div>\n\t\t\t\t<\/div>\n\t\t\t\t<div class=\"elementor-element elementor-element-5768b80 elementor-widget elementor-widget-text-editor\" data-id=\"5768b80\" data-element_type=\"widget\" data-e-type=\"widget\" data-widget_type=\"text-editor.default\">\n\t\t\t\t<div class=\"elementor-widget-container\">\n\t\t\t\t\t\t\t\t\t<div class=\"wpb_text_column wpb_content_element\"><div class=\"wpb_wrapper\"><p><strong>Ce biocide est le plus souvent utilis\u00e9 avec un bio-dispersant suppl\u00e9mentaire :<\/strong><\/p><\/div><\/div>\t\t\t\t\t\t\t\t<\/div>\n\t\t\t\t<\/div>\n\t\t\t\t<div class=\"elementor-element elementor-element-f1d882a elementor-align-center elementor-widget elementor-widget-button\" data-id=\"f1d882a\" data-element_type=\"widget\" data-e-type=\"widget\" data-widget_type=\"button.default\">\n\t\t\t\t<div class=\"elementor-widget-container\">\n\t\t\t\t\t\t\t\t\t<div class=\"elementor-button-wrapper\">\n\t\t\t\t\t<a class=\"elementor-button elementor-button-link elementor-size-sm\" href=\"https:\/\/fineamin.com\/\/biodispersants-corrosion-inhibitors-cooling-towers\/biodispersant-bod\/\">\n\t\t\t\t\t\t<span class=\"elementor-button-content-wrapper\">\n\t\t\t\t\t\t\t\t\t<span class=\"elementor-button-text\">BIODISPERSANT FINAMIN BOD<\/span>\n\t\t\t\t\t<\/span>\n\t\t\t\t\t<\/a>\n\t\t\t\t<\/div>\n\t\t\t\t\t\t\t\t<\/div>\n\t\t\t\t<\/div>\n\t\t\t\t<\/div>\n\t\t<div class=\"elementor-element elementor-element-691556f e-con-full e-flex e-con e-child\" data-id=\"691556f\" data-element_type=\"container\" data-e-type=\"container\">\n\t\t\t\t<div class=\"elementor-element elementor-element-d201481 elementor-widget elementor-widget-image\" data-id=\"d201481\" data-element_type=\"widget\" data-e-type=\"widget\" data-widget_type=\"image.default\">\n\t\t\t\t<div class=\"elementor-widget-container\">\n\t\t\t\t\t\t\t\t\t\t\t\t\t\t\t<img fetchpriority=\"high\" decoding=\"async\" width=\"1024\" height=\"495\" src=\"https:\/\/fineamin.com\/wp-content\/uploads\/2025\/02\/Fineamin-ME-1024x495.jpg\" class=\"attachment-large size-large wp-image-19707\" alt=\"\" srcset=\"https:\/\/fineamin.com\/wp-content\/uploads\/2025\/02\/Fineamin-ME-1024x495.jpg 1024w, https:\/\/fineamin.com\/wp-content\/uploads\/2025\/02\/Fineamin-ME-300x145.jpg 300w, https:\/\/fineamin.com\/wp-content\/uploads\/2025\/02\/Fineamin-ME-768x371.jpg 768w, https:\/\/fineamin.com\/wp-content\/uploads\/2025\/02\/Fineamin-ME-1536x742.jpg 1536w, https:\/\/fineamin.com\/wp-content\/uploads\/2025\/02\/Fineamin-ME.jpg 1887w\" sizes=\"(max-width: 1024px) 100vw, 1024px\" \/>\t\t\t\t\t\t\t\t\t\t\t\t\t\t\t<\/div>\n\t\t\t\t<\/div>\n\t\t\t\t<div class=\"elementor-element elementor-element-9396c55 subtitle elementor-widget elementor-widget-text-editor\" data-id=\"9396c55\" data-element_type=\"widget\" data-e-type=\"widget\" data-widget_type=\"text-editor.default\">\n\t\t\t\t<div class=\"elementor-widget-container\">\n\t\t\t\t\t\t\t\t\t<p>Propri\u00e9t\u00e9s chimiques<\/p>\t\t\t\t\t\t\t\t<\/div>\n\t\t\t\t<\/div>\n\t\t<div class=\"elementor-element elementor-element-de3a69e e-con-full e-flex e-con e-child\" data-id=\"de3a69e\" data-element_type=\"container\" data-e-type=\"container\" data-settings=\"{&quot;background_background&quot;:&quot;classic&quot;}\">\n\t\t<div class=\"elementor-element elementor-element-dfe984e e-con-full e-flex e-con e-child\" data-id=\"dfe984e\" data-element_type=\"container\" data-e-type=\"container\">\n\t\t<div class=\"elementor-element elementor-element-d1aef7a e-con-full e-flex e-con e-child\" data-id=\"d1aef7a\" data-element_type=\"container\" data-e-type=\"container\">\n\t\t\t\t<div class=\"elementor-element elementor-element-5a00e8a elementor-widget elementor-widget-price-list\" data-id=\"5a00e8a\" data-element_type=\"widget\" data-e-type=\"widget\" data-widget_type=\"price-list.default\">\n\t\t\t\t<div class=\"elementor-widget-container\">\n\t\t\t\t\t\n\t\t<ul class=\"elementor-price-list\">\n\n\t\t\t\t\t\t\t\t\t<li class=\"elementor-price-list-item\">\t\t\t\t\n\t\t\t\t<div class=\"elementor-price-list-text\">\n\t\t\t\t\t\t\t\t\t<div class=\"elementor-price-list-header\">\n\t\t\t\t\t\t\t\t\t\t\t<span class=\"elementor-price-list-title\">\n\t\t\t\t\t\t\tForme :\t\t\t\t\t\t<\/span>\n\t\t\t\t\t\t\t\t\t\t\t\t\t\t\t\t\t\t<span class=\"elementor-price-list-separator\"><\/span>\n\t\t\t\t\t\t\t\t\t\t\t\t\t\t\t\t\t\t\t<span class=\"elementor-price-list-price\">Liquide<\/span>\n\t\t\t\t\t\t\t\t\t\t<\/div>\n\t\t\t\t\t\t\t\t\t\t\t\t<\/div>\n\t\t\t\t<\/li>\t\t\t\t\t\t\t\t\t\t\t\t<li class=\"elementor-price-list-item\">\t\t\t\t\n\t\t\t\t<div class=\"elementor-price-list-text\">\n\t\t\t\t\t\t\t\t\t<div class=\"elementor-price-list-header\">\n\t\t\t\t\t\t\t\t\t\t\t<span class=\"elementor-price-list-title\">\n\t\t\t\t\t\t\tCouleur :\t\t\t\t\t\t<\/span>\n\t\t\t\t\t\t\t\t\t\t\t\t\t\t\t\t\t\t<span class=\"elementor-price-list-separator\"><\/span>\n\t\t\t\t\t\t\t\t\t\t\t\t\t\t\t\t\t\t\t<span class=\"elementor-price-list-price\">Jaun\u00e2tre<\/span>\n\t\t\t\t\t\t\t\t\t\t<\/div>\n\t\t\t\t\t\t\t\t\t\t\t\t<\/div>\n\t\t\t\t<\/li>\t\t\t\t\t\t\t\t\t\t\t\t<li class=\"elementor-price-list-item\">\t\t\t\t\n\t\t\t\t<div class=\"elementor-price-list-text\">\n\t\t\t\t\t\t\t\t\t<div class=\"elementor-price-list-header\">\n\t\t\t\t\t\t\t\t\t\t\t<span class=\"elementor-price-list-title\">\n\t\t\t\t\t\t\tOdeur :  \t\t\t\t\t\t<\/span>\n\t\t\t\t\t\t\t\t\t\t\t\t\t\t\t\t\t\t<span class=\"elementor-price-list-separator\"><\/span>\n\t\t\t\t\t\t\t\t\t\t\t\t\t\t\t\t\t\t\t<span class=\"elementor-price-list-price\">Caract\u00e9ristique<\/span>\n\t\t\t\t\t\t\t\t\t\t<\/div>\n\t\t\t\t\t\t\t\t\t\t\t\t<\/div>\n\t\t\t\t<\/li>\t\t\t\t\t\n\t\t<\/ul>\n\n\t\t\t\t\t\t<\/div>\n\t\t\t\t<\/div>\n\t\t\t\t<\/div>\n\t\t<div class=\"elementor-element elementor-element-1fe9332 e-con-full e-flex e-con e-child\" data-id=\"1fe9332\" data-element_type=\"container\" data-e-type=\"container\">\n\t\t\t\t<div class=\"elementor-element elementor-element-2320b6c elementor-widget elementor-widget-price-list\" data-id=\"2320b6c\" data-element_type=\"widget\" data-e-type=\"widget\" data-widget_type=\"price-list.default\">\n\t\t\t\t<div class=\"elementor-widget-container\">\n\t\t\t\t\t\n\t\t<ul class=\"elementor-price-list\">\n\n\t\t\t\t\t\t\t\t\t<li class=\"elementor-price-list-item\">\t\t\t\t\n\t\t\t\t<div class=\"elementor-price-list-text\">\n\t\t\t\t\t\t\t\t\t<div class=\"elementor-price-list-header\">\n\t\t\t\t\t\t\t\t\t\t\t<span class=\"elementor-price-list-title\">\n\t\t\t\t\t\t\tPoint de cong\u00e9lation :\t\t\t\t\t\t<\/span>\n\t\t\t\t\t\t\t\t\t\t\t\t\t\t\t\t\t\t<span class=\"elementor-price-list-separator\"><\/span>\n\t\t\t\t\t\t\t\t\t\t\t\t\t\t\t\t\t\t\t<span class=\"elementor-price-list-price\"> <\/span>\n\t\t\t\t\t\t\t\t\t\t<\/div>\n\t\t\t\t\t\t\t\t\t\t\t\t<\/div>\n\t\t\t\t<\/li>\t\t\t\t\t\t\t\t\t\t\t\t<li class=\"elementor-price-list-item\">\t\t\t\t\n\t\t\t\t<div class=\"elementor-price-list-text\">\n\t\t\t\t\t\t\t\t\t<div class=\"elementor-price-list-header\">\n\t\t\t\t\t\t\t\t\t\t\t<span class=\"elementor-price-list-title\">\n\t\t\t\t\t\t\tDensit\u00e9 (20\u00b0C) :\t\t\t\t\t\t<\/span>\n\t\t\t\t\t\t\t\t\t\t\t\t\t\t\t\t\t\t<span class=\"elementor-price-list-separator\"><\/span>\n\t\t\t\t\t\t\t\t\t\t\t\t\t\t\t\t\t\t\t<span class=\"elementor-price-list-price\">1,04+\/-0,05g\/cm3<\/span>\n\t\t\t\t\t\t\t\t\t\t<\/div>\n\t\t\t\t\t\t\t\t\t\t\t\t<\/div>\n\t\t\t\t<\/li>\t\t\t\t\t\t\t\t\t\t\t\t<li class=\"elementor-price-list-item\">\t\t\t\t\n\t\t\t\t<div class=\"elementor-price-list-text\">\n\t\t\t\t\t\t\t\t\t<div class=\"elementor-price-list-header\">\n\t\t\t\t\t\t\t\t\t\t\t<span class=\"elementor-price-list-title\">\n\t\t\t\t\t\t\tValeur du pH (20\u00b0C) :  \t\t\t\t\t\t<\/span>\n\t\t\t\t\t\t\t\t\t\t\t\t\t\t\t\t\t\t<span class=\"elementor-price-list-separator\"><\/span>\n\t\t\t\t\t\t\t\t\t\t\t\t\t\t\t\t\t\t\t<span class=\"elementor-price-list-price\">4-9<\/span>\n\t\t\t\t\t\t\t\t\t\t<\/div>\n\t\t\t\t\t\t\t\t\t\t\t\t<\/div>\n\t\t\t\t<\/li>\t\t\t\t\t\n\t\t<\/ul>\n\n\t\t\t\t\t\t<\/div>\n\t\t\t\t<\/div>\n\t\t\t\t<\/div>\n\t\t\t\t<\/div>\n\t\t<div class=\"elementor-element elementor-element-9849494 e-con-full e-flex e-con e-child\" data-id=\"9849494\" data-element_type=\"container\" data-e-type=\"container\">\n\t\t\t\t<div class=\"elementor-element elementor-element-519b13d elementor-widget elementor-widget-text-editor\" data-id=\"519b13d\" data-element_type=\"widget\" data-e-type=\"widget\" data-widget_type=\"text-editor.default\">\n\t\t\t\t<div class=\"elementor-widget-container\">\n\t\t\t\t\t\t\t\t\t<p>Pour plus d&rsquo;informations, veuillez t\u00e9l\u00e9charger : <strong>FINEALGA ME TDS. <\/strong>Pour les fiches de donn\u00e9es de s\u00e9curit\u00e9 de FINEALGA ME, vous pouvez toujours <a title=\"contact avec les amines de filmage\" href=\"https:\/\/fineamin.com\/film-forming-polyamines-technical-support\/\" target=\"_blank\" rel=\"noopener\"><strong>nous contacter<\/strong><\/a>.<\/p>\t\t\t\t\t\t\t\t<\/div>\n\t\t\t\t<\/div>\n\t\t\t\t<\/div>\n\t\t\t\t<\/div>\n\t\t\t\t<\/div>\n\t\t\t\t<\/div>\n\t\t\t\t\t<\/div>\n\t\t\t\t<\/div>\n\t\t\t\t<\/div>\n\t\t","protected":false},"excerpt":{"rendered":"<p>TRAITEMENT ORGANIQUE DE L&rsquo;EAU POUR LES SYST\u00c8MES DE REFROIDISSEMENT FINEALGA ME Biocide de fabrication suisse qui contr\u00f4le efficacement la croissance [&hellip;]<\/p>\n","protected":false},"author":1,"featured_media":0,"parent":21564,"menu_order":0,"comment_status":"closed","ping_status":"closed","template":"","meta":{"_seopress_robots_primary_cat":"","_seopress_titles_title":"Biocide pour syst\u00e8mes de refroidissement | Fineamin SWISS Chemicals","_seopress_titles_desc":"Additif pour le traitement de l'eau des syst\u00e8mes de refroidissement, tr\u00e8s efficace pour lutter contre les bact\u00e9ries, algues et autres micro-organismes produisant des mucosit\u00e9s.","_seopress_robots_index":"","site-sidebar-layout":"no-sidebar","site-content-layout":"","ast-site-content-layout":"full-width-container","site-content-style":"default","site-sidebar-style":"default","ast-global-header-display":"","ast-banner-title-visibility":"","ast-main-header-display":"","ast-hfb-above-header-display":"","ast-hfb-below-header-display":"","ast-hfb-mobile-header-display":"","site-post-title":"disabled","ast-breadcrumbs-content":"","ast-featured-img":"disabled","footer-sml-layout":"","ast-disable-related-posts":"","theme-transparent-header-meta":"","adv-header-id-meta":"","stick-header-meta":"","header-above-stick-meta":"","header-main-stick-meta":"","header-below-stick-meta":"","astra-migrate-meta-layouts":"default","ast-page-background-enabled":"default","ast-page-background-meta":{"desktop":{"background-color":"var(--ast-global-color-4)","background-image":"","background-repeat":"repeat","background-position":"center center","background-size":"auto","background-attachment":"scroll","background-type":"","background-media":"","overlay-type":"","overlay-color":"","overlay-opacity":"","overlay-gradient":""},"tablet":{"background-color":"","background-image":"","background-repeat":"repeat","background-position":"center center","background-size":"auto","background-attachment":"scroll","background-type":"","background-media":"","overlay-type":"","overlay-color":"","overlay-opacity":"","overlay-gradient":""},"mobile":{"background-color":"","background-image":"","background-repeat":"repeat","background-position":"center center","background-size":"auto","background-attachment":"scroll","background-type":"","background-media":"","overlay-type":"","overlay-color":"","overlay-opacity":"","overlay-gradient":""}},"ast-content-background-meta":{"desktop":{"background-color":"var(--ast-global-color-5)","background-image":"","background-repeat":"repeat","background-position":"center center","background-size":"auto","background-attachment":"scroll","background-type":"","background-media":"","overlay-type":"","overlay-color":"","overlay-opacity":"","overlay-gradient":""},"tablet":{"background-color":"var(--ast-global-color-5)","background-image":"","background-repeat":"repeat","background-position":"center center","background-size":"auto","background-attachment":"scroll","background-type":"","background-media":"","overlay-type":"","overlay-color":"","overlay-opacity":"","overlay-gradient":""},"mobile":{"background-color":"var(--ast-global-color-5)","background-image":"","background-repeat":"repeat","background-position":"center center","background-size":"auto","background-attachment":"scroll","background-type":"","background-media":"","overlay-type":"","overlay-color":"","overlay-opacity":"","overlay-gradient":""}},"footnotes":""},"class_list":["post-21493","page","type-page","status-publish","hentry"],"_links":{"self":[{"href":"https:\/\/fineamin.com\/fr\/wp-json\/wp\/v2\/pages\/21493","targetHints":{"allow":["GET"]}}],"collection":[{"href":"https:\/\/fineamin.com\/fr\/wp-json\/wp\/v2\/pages"}],"about":[{"href":"https:\/\/fineamin.com\/fr\/wp-json\/wp\/v2\/types\/page"}],"author":[{"embeddable":true,"href":"https:\/\/fineamin.com\/fr\/wp-json\/wp\/v2\/users\/1"}],"replies":[{"embeddable":true,"href":"https:\/\/fineamin.com\/fr\/wp-json\/wp\/v2\/comments?post=21493"}],"version-history":[{"count":1,"href":"https:\/\/fineamin.com\/fr\/wp-json\/wp\/v2\/pages\/21493\/revisions"}],"predecessor-version":[{"id":21495,"href":"https:\/\/fineamin.com\/fr\/wp-json\/wp\/v2\/pages\/21493\/revisions\/21495"}],"up":[{"embeddable":true,"href":"https:\/\/fineamin.com\/fr\/wp-json\/wp\/v2\/pages\/21564"}],"wp:attachment":[{"href":"https:\/\/fineamin.com\/fr\/wp-json\/wp\/v2\/media?parent=21493"}],"curies":[{"name":"wp","href":"https:\/\/api.w.org\/{rel}","templated":true}]}}