{"id":39117,"date":"2025-01-08T09:01:16","date_gmt":"2025-01-08T09:01:16","guid":{"rendered":"https:\/\/fineamin.com\/videos\/"},"modified":"2026-03-24T08:46:25","modified_gmt":"2026-03-24T08:46:25","slug":"videos","status":"publish","type":"page","link":"https:\/\/fineamin.com\/de\/wissenszentrum\/videos\/","title":{"rendered":"Verfilmung von Aminen Webinare &amp; Schulungen"},"content":{"rendered":"\t\t<div data-elementor-type=\"wp-page\" data-elementor-id=\"39117\" class=\"elementor elementor-39117 elementor-18509\" data-elementor-post-type=\"page\">\n\t\t\t\t<div class=\"elementor-element elementor-element-1ef29a5 e-con-full e-flex e-con e-parent\" data-id=\"1ef29a5\" data-element_type=\"container\" data-e-type=\"container\" data-settings=\"{&quot;background_background&quot;:&quot;classic&quot;}\">\n\t\t\t\t<div class=\"elementor-element elementor-element-9297245 elementor-widget elementor-widget-heading\" data-id=\"9297245\" data-element_type=\"widget\" data-e-type=\"widget\" data-widget_type=\"heading.default\">\n\t\t\t\t<div class=\"elementor-widget-container\">\n\t\t\t\t\t<h1 class=\"elementor-heading-title elementor-size-default\">Webinare und Schulungen<\/h1>\t\t\t\t<\/div>\n\t\t\t\t<\/div>\n\t\t\t\t<\/div>\n\t\t<div class=\"elementor-element elementor-element-26f1ba7 e-flex e-con-boxed e-con e-parent\" data-id=\"26f1ba7\" data-element_type=\"container\" data-e-type=\"container\">\n\t\t\t\t\t<div class=\"e-con-inner\">\n\t\t<div class=\"elementor-element elementor-element-4482502 e-con-full e-flex e-con e-child\" data-id=\"4482502\" data-element_type=\"container\" data-e-type=\"container\">\n\t\t\t\t<div class=\"elementor-element elementor-element-b48aa9f elementor-widget elementor-widget-video\" data-id=\"b48aa9f\" data-element_type=\"widget\" data-e-type=\"widget\" data-settings=\"{&quot;youtube_url&quot;:&quot;https:\\\/\\\/www.youtube.com\\\/watch?v=8iqxl2EXq7Y&quot;,&quot;lazy_load&quot;:&quot;yes&quot;,&quot;video_type&quot;:&quot;youtube&quot;,&quot;controls&quot;:&quot;yes&quot;}\" data-widget_type=\"video.default\">\n\t\t\t\t<div class=\"elementor-widget-container\">\n\t\t\t\t\t\t\t<div class=\"elementor-wrapper elementor-open-inline\">\n\t\t\t<div class=\"elementor-video\"><\/div>\t\t<\/div>\n\t\t\t\t\t\t<\/div>\n\t\t\t\t<\/div>\n\t\t\t\t<div class=\"elementor-element elementor-element-2348a89 elementor-widget elementor-widget-text-editor\" data-id=\"2348a89\" data-element_type=\"widget\" data-e-type=\"widget\" data-widget_type=\"text-editor.default\">\n\t\t\t\t<div class=\"elementor-widget-container\">\n\t\t\t\t\t\t\t\t\t<p>Ein Vergleichstest und eine Live-Demonstration des Verhaltens von Wasser bei der Ber\u00fchrung von <strong>Metalloberfl\u00e4chen, die mit FINEAMIN \/ filmbildenden Polyamin-Mischungen behandelt und unbehandelt<\/strong> sind. Die mit einer Polyaminschicht \u00fcberzogene Metalloberfl\u00e4che st\u00f6\u00dft die Wassertropfen ab. <\/p>\t\t\t\t\t\t\t\t<\/div>\n\t\t\t\t<\/div>\n\t\t\t\t<\/div>\n\t\t<div class=\"elementor-element elementor-element-e9ceb47 e-con-full e-flex e-con e-child\" data-id=\"e9ceb47\" data-element_type=\"container\" data-e-type=\"container\">\n\t\t\t\t<div class=\"elementor-element elementor-element-cd0c06d elementor-widget elementor-widget-video\" data-id=\"cd0c06d\" data-element_type=\"widget\" data-e-type=\"widget\" data-settings=\"{&quot;youtube_url&quot;:&quot;https:\\\/\\\/youtu.be\\\/AwZ6X7Qesmc?si=oXe9rWl-YTk46lyg&quot;,&quot;lazy_load&quot;:&quot;yes&quot;,&quot;video_type&quot;:&quot;youtube&quot;,&quot;controls&quot;:&quot;yes&quot;}\" data-widget_type=\"video.default\">\n\t\t\t\t<div class=\"elementor-widget-container\">\n\t\t\t\t\t\t\t<div class=\"elementor-wrapper elementor-open-inline\">\n\t\t\t<div class=\"elementor-video\"><\/div>\t\t<\/div>\n\t\t\t\t\t\t<\/div>\n\t\t\t\t<\/div>\n\t\t\t\t<div class=\"elementor-element elementor-element-2c75661 elementor-widget elementor-widget-text-editor\" data-id=\"2c75661\" data-element_type=\"widget\" data-e-type=\"widget\" data-widget_type=\"text-editor.default\">\n\t\t\t\t<div class=\"elementor-widget-container\">\n\t\t\t\t\t\t\t\t\t<p>Haben Sie sich schon einmal gefragt, was passiert, bevor Tausende von blauen F\u00e4ssern von Fineamin<br>, die mit filmbildenden Aminen gef\u00fcllt sind, in Containern versiegelt und dicht verpackt werden und unter<br>darauf warten, in die Welt hinauszufahren? Dies ist das<b>Fineamin-Werk und -Lager<\/b>.  Alles beginnt hier. In <b>Genf, Schweiz<\/b>.<o:p><\/o:p><\/p>\t\t\t\t\t\t\t\t<\/div>\n\t\t\t\t<\/div>\n\t\t\t\t<\/div>\n\t\t\t\t\t<\/div>\n\t\t\t\t<\/div>\n\t\t<div class=\"elementor-element elementor-element-eccc49d e-grid e-con-boxed e-con e-parent\" data-id=\"eccc49d\" data-element_type=\"container\" data-e-type=\"container\">\n\t\t\t\t\t<div class=\"e-con-inner\">\n\t\t\t\t<div class=\"elementor-element elementor-element-386ba34 elementor-widget elementor-widget-video\" data-id=\"386ba34\" data-element_type=\"widget\" data-e-type=\"widget\" data-settings=\"{&quot;youtube_url&quot;:&quot;https:\\\/\\\/youtu.be\\\/7UiTITRW0EM&quot;,&quot;video_type&quot;:&quot;youtube&quot;,&quot;controls&quot;:&quot;yes&quot;}\" data-widget_type=\"video.default\">\n\t\t\t\t<div class=\"elementor-widget-container\">\n\t\t\t\t\t\t\t<div class=\"elementor-wrapper elementor-open-inline\">\n\t\t\t<div class=\"elementor-video\"><\/div>\t\t<\/div>\n\t\t\t\t\t\t<\/div>\n\t\t\t\t<\/div>\n\t\t\t\t<div class=\"elementor-element elementor-element-6609a29 elementor-widget elementor-widget-video\" data-id=\"6609a29\" data-element_type=\"widget\" data-e-type=\"widget\" data-settings=\"{&quot;youtube_url&quot;:&quot;https:\\\/\\\/youtu.be\\\/LezyMcniWJ8?si=Mp1odfAz8T7_d88a&quot;,&quot;video_type&quot;:&quot;youtube&quot;,&quot;controls&quot;:&quot;yes&quot;}\" data-widget_type=\"video.default\">\n\t\t\t\t<div class=\"elementor-widget-container\">\n\t\t\t\t\t\t\t<div class=\"elementor-wrapper elementor-open-inline\">\n\t\t\t<div class=\"elementor-video\"><\/div>\t\t<\/div>\n\t\t\t\t\t\t<\/div>\n\t\t\t\t<\/div>\n\t\t\t\t<div class=\"elementor-element elementor-element-87934ed elementor-widget elementor-widget-text-editor\" data-id=\"87934ed\" data-element_type=\"widget\" data-e-type=\"widget\" data-widget_type=\"text-editor.default\">\n\t\t\t\t<div class=\"elementor-widget-container\">\n\t\t\t\t\t\t\t\t\t<p>Das <strong>30-min\u00fctige Webinar<\/strong> befasste sich <strong>mit der Frage, wie <\/strong><a href=\"https:\/\/fineamin.com\/film-forming-amines-corrosion-inhibitors\/\">filmbildende Amine<\/a><strong> herk\u00f6mmliche Wasserbehandlungschemikalien<\/strong> (Sauerstofff\u00e4nger, Dispergiermittel, Biozide usw.) in Dampferzeugern, K\u00fchlt\u00fcrmen und geschlossenen Kreisl\u00e4ufen<strong> ersetzen oder erg\u00e4nzen k\u00f6nnen<\/strong>.<\/p>\t\t\t\t\t\t\t\t<\/div>\n\t\t\t\t<\/div>\n\t\t\t\t<div class=\"elementor-element elementor-element-b3f103d elementor-widget elementor-widget-text-editor\" data-id=\"b3f103d\" data-element_type=\"widget\" data-e-type=\"widget\" data-widget_type=\"text-editor.default\">\n\t\t\t\t<div class=\"elementor-widget-container\">\n\t\t\t\t\t\t\t\t\t<p class=\"MsoNormal\">Ein <b>30-min\u00fctiges Webinar<\/b> \u00fcber unsere <b>n\u00e4chste Generation von\nPolyaminmischungen<\/b> (die <b>kein Cyclohexylamin<\/b> enthalten), die\nden Kesselbetrieb verbessern k\u00f6nnen: Verl\u00e4ngern Sie die Lebensdauer Ihrer Anlagen, senken Sie die Wartungskosten, verringern Sie den Chemikalienverbrauch\nund steigern Sie die Energieeffizienz.<o:p><\/o:p><\/p>\t\t\t\t\t\t\t\t<\/div>\n\t\t\t\t<\/div>\n\t\t\t\t\t<\/div>\n\t\t\t\t<\/div>\n\t\t<div class=\"elementor-element elementor-element-82498b8 e-grid e-con-boxed e-con e-parent\" data-id=\"82498b8\" data-element_type=\"container\" data-e-type=\"container\">\n\t\t\t\t\t<div class=\"e-con-inner\">\n\t\t\t\t<div class=\"elementor-element elementor-element-819f0ed elementor-widget elementor-widget-video\" data-id=\"819f0ed\" data-element_type=\"widget\" data-e-type=\"widget\" data-settings=\"{&quot;youtube_url&quot;:&quot;https:\\\/\\\/www.youtube.com\\\/watch?v=rTo5z8ltZ6Y&amp;t=1046s&quot;,&quot;video_type&quot;:&quot;youtube&quot;,&quot;controls&quot;:&quot;yes&quot;}\" data-widget_type=\"video.default\">\n\t\t\t\t<div class=\"elementor-widget-container\">\n\t\t\t\t\t\t\t<div class=\"elementor-wrapper elementor-open-inline\">\n\t\t\t<div class=\"elementor-video\"><\/div>\t\t<\/div>\n\t\t\t\t\t\t<\/div>\n\t\t\t\t<\/div>\n\t\t\t\t<div class=\"elementor-element elementor-element-adf519d elementor-widget elementor-widget-video\" data-id=\"adf519d\" data-element_type=\"widget\" data-e-type=\"widget\" data-settings=\"{&quot;youtube_url&quot;:&quot;https:\\\/\\\/www.youtube.com\\\/watch?v=rxhPorrCeC8&amp;t=1s&quot;,&quot;video_type&quot;:&quot;youtube&quot;,&quot;controls&quot;:&quot;yes&quot;}\" data-widget_type=\"video.default\">\n\t\t\t\t<div class=\"elementor-widget-container\">\n\t\t\t\t\t\t\t<div class=\"elementor-wrapper elementor-open-inline\">\n\t\t\t<div class=\"elementor-video\"><\/div>\t\t<\/div>\n\t\t\t\t\t\t<\/div>\n\t\t\t\t<\/div>\n\t\t\t\t<div class=\"elementor-element elementor-element-b39043e elementor-widget elementor-widget-text-editor\" data-id=\"b39043e\" data-element_type=\"widget\" data-e-type=\"widget\" data-widget_type=\"text-editor.default\">\n\t\t\t\t<div class=\"elementor-widget-container\">\n\t\t\t\t\t\t\t\t\t<p><strong>Fineamin Webinar<\/strong> mit Fallstudien, praktischen und erfolgreichen Anwendungen von  <strong> <\/strong><a href=\"https:\/\/fineamin.com\/film-forming-amines-corrosion-inhibitors\/\">filmbildende Amine<\/a><strong>, <\/strong>f\u00fcr Kessel mit unterschiedlichen Dr\u00fccken in verschiedenen Branchen. Vorteile und Kosteneinsparungen in Zahlen. <\/p>\t\t\t\t\t\t\t\t<\/div>\n\t\t\t\t<\/div>\n\t\t\t\t<div class=\"elementor-element elementor-element-4a32767 elementor-widget elementor-widget-text-editor\" data-id=\"4a32767\" data-element_type=\"widget\" data-e-type=\"widget\" data-widget_type=\"text-editor.default\">\n\t\t\t\t<div class=\"elementor-widget-container\">\n\t\t\t\t\t\t\t\t\t<p><b>Online-Sitzung zum <a href=\"https:\/\/fineamin.com\/filming-amines-applications-industrial-water\/alkaline-boiler-boiling-out\/\" target=\"_blank\" rel=\"noopener\">alkalischen Auskochen<\/a> mit Filmaminen.<\/b> Informationen \u00fcber das eigentliche Auskochverfahren, warum filmbildende Amine den herk\u00f6mmlichen Methoden \u00fcberlegen sind und Beispiele f\u00fcr die Nachbereitung und \u00dcberwachung des Prozesses.<\/p>\t\t\t\t\t\t\t\t<\/div>\n\t\t\t\t<\/div>\n\t\t\t\t<div class=\"elementor-element elementor-element-491e7b2 elementor-widget elementor-widget-video\" data-id=\"491e7b2\" data-element_type=\"widget\" data-e-type=\"widget\" data-settings=\"{&quot;youtube_url&quot;:&quot;https:\\\/\\\/youtu.be\\\/BqOntknKj6I&quot;,&quot;video_type&quot;:&quot;youtube&quot;,&quot;controls&quot;:&quot;yes&quot;}\" data-widget_type=\"video.default\">\n\t\t\t\t<div class=\"elementor-widget-container\">\n\t\t\t\t\t\t\t<div class=\"elementor-wrapper elementor-open-inline\">\n\t\t\t<div class=\"elementor-video\"><\/div>\t\t<\/div>\n\t\t\t\t\t\t<\/div>\n\t\t\t\t<\/div>\n\t\t\t\t<div class=\"elementor-element elementor-element-c5f8738 elementor-widget elementor-widget-video\" data-id=\"c5f8738\" data-element_type=\"widget\" data-e-type=\"widget\" data-settings=\"{&quot;youtube_url&quot;:&quot;https:\\\/\\\/youtu.be\\\/BA6hXzFy_Sw&quot;,&quot;video_type&quot;:&quot;youtube&quot;,&quot;controls&quot;:&quot;yes&quot;}\" data-widget_type=\"video.default\">\n\t\t\t\t<div class=\"elementor-widget-container\">\n\t\t\t\t\t\t\t<div class=\"elementor-wrapper elementor-open-inline\">\n\t\t\t<div class=\"elementor-video\"><\/div>\t\t<\/div>\n\t\t\t\t\t\t<\/div>\n\t\t\t\t<\/div>\n\t\t\t\t<div class=\"elementor-element elementor-element-829e3f1 elementor-widget elementor-widget-text-editor\" data-id=\"829e3f1\" data-element_type=\"widget\" data-e-type=\"widget\" data-widget_type=\"text-editor.default\">\n\t\t\t\t<div class=\"elementor-widget-container\">\n\t\t\t\t\t\t\t\t\t<p>Das Webinar er\u00f6rtert den <strong>Schutzmechanismus von FFAs<\/strong> auf Metalloberfl\u00e4chen gegen Korrosion und Ablagerungen und untersucht, ob <strong>OLDA unter Trockendampfbedingungen auf Metalloberfl\u00e4chen absorbiert wird<\/strong>. Die Ergebnisse von <strong>Tr\u00f6pfchentests und Infrarot (IR)-Spektroskopie<\/strong>, die in Zusammenarbeit mit deutschen und japanischen Universit\u00e4ten durchgef\u00fchrt wurden, weisen <strong>eindeutig auf eine FFA-Absorption<\/strong> auf dem mit Trockendampf beaufschlagten Metall hin.<\/p>\t\t\t\t\t\t\t\t<\/div>\n\t\t\t\t<\/div>\n\t\t\t\t<div class=\"elementor-element elementor-element-ba7dc4b elementor-widget elementor-widget-text-editor\" data-id=\"ba7dc4b\" data-element_type=\"widget\" data-e-type=\"widget\" data-widget_type=\"text-editor.default\">\n\t\t\t\t<div class=\"elementor-widget-container\">\n\t\t\t\t\t\t\t\t\t<p><strong>Was sind filmbildende Amine (filmbildende Amine) und wie funktionieren sie?<\/strong>  Das Video erkl\u00e4rt die Wirkungsweise der Fineamin-Filmamine und wie sie industrielle Wasser- und Dampfsysteme vor Korrosion sch\u00fctzen. W\u00e4hrend Fineamin mit dem Wasser und Dampf zirkuliert, verteilen sich seine aktiven Molek\u00fcle im gesamten System &#8211; einschlie\u00dflich der Rohre, W\u00e4rmetauscher und Kondensatleitungen. <\/p>\t\t\t\t\t\t\t\t<\/div>\n\t\t\t\t<\/div>\n\t\t\t\t\t<\/div>\n\t\t\t\t<\/div>\n\t\t<div class=\"elementor-element elementor-element-78da80f e-grid e-con-boxed e-con e-parent\" data-id=\"78da80f\" data-element_type=\"container\" data-e-type=\"container\">\n\t\t\t\t\t<div class=\"e-con-inner\">\n\t\t\t\t<div class=\"elementor-element elementor-element-d423120 elementor-widget elementor-widget-video\" data-id=\"d423120\" data-element_type=\"widget\" data-e-type=\"widget\" data-settings=\"{&quot;youtube_url&quot;:&quot;https:\\\/\\\/www.youtube.com\\\/watch?v=LvybRksBQXY&quot;,&quot;video_type&quot;:&quot;youtube&quot;,&quot;controls&quot;:&quot;yes&quot;}\" data-widget_type=\"video.default\">\n\t\t\t\t<div class=\"elementor-widget-container\">\n\t\t\t\t\t\t\t<div class=\"elementor-wrapper elementor-open-inline\">\n\t\t\t<div class=\"elementor-video\"><\/div>\t\t<\/div>\n\t\t\t\t\t\t<\/div>\n\t\t\t\t<\/div>\n\t\t\t\t<div class=\"elementor-element elementor-element-68a311c elementor-widget elementor-widget-video\" data-id=\"68a311c\" data-element_type=\"widget\" data-e-type=\"widget\" data-settings=\"{&quot;youtube_url&quot;:&quot;https:\\\/\\\/youtu.be\\\/j18OylZJEd4&quot;,&quot;video_type&quot;:&quot;youtube&quot;,&quot;controls&quot;:&quot;yes&quot;}\" data-widget_type=\"video.default\">\n\t\t\t\t<div class=\"elementor-widget-container\">\n\t\t\t\t\t\t\t<div class=\"elementor-wrapper elementor-open-inline\">\n\t\t\t<div class=\"elementor-video\"><\/div>\t\t<\/div>\n\t\t\t\t\t\t<\/div>\n\t\t\t\t<\/div>\n\t\t\t\t<div class=\"elementor-element elementor-element-61deb67 elementor-widget elementor-widget-text-editor\" data-id=\"61deb67\" data-element_type=\"widget\" data-e-type=\"widget\" data-widget_type=\"text-editor.default\">\n\t\t\t\t<div class=\"elementor-widget-container\">\n\t\t\t\t\t\t\t\t\t<p>Pr\u00e4sentationsvideo f\u00fcr <a style=\"background-color: #ffffff; color: #063145; transition-property: all;\" title=\"Korrosionsschutzmittel f\u00fcr Heizkessel\" href=\"https:\/\/fineamin.com\/polyamines-water-treatment-for-boilers\/fineamin-06\/\"><span style=\"font-weight: bold;\">Fineamin 06 Korrosionsinhibitor<\/span><\/a> und seine Vielseitigkeit in verschiedenen Branchen und unterschiedlichen Anwendungen als Ein-Trommel-L\u00f6sung f\u00fcr die Wasseraufbereitung in Dampferzeugersystemen.<\/p>\t\t\t\t\t\t\t\t<\/div>\n\t\t\t\t<\/div>\n\t\t\t\t<div class=\"elementor-element elementor-element-e360ef5 elementor-widget elementor-widget-text-editor\" data-id=\"e360ef5\" data-element_type=\"widget\" data-e-type=\"widget\" data-widget_type=\"text-editor.default\">\n\t\t\t\t<div class=\"elementor-widget-container\">\n\t\t\t\t\t\t\t\t\t<p><span style=\"font-size: 14px;\">Ein kurzer, aber anregender Vortrag \u00fcber das Management technologischer Innovationen von Herrn Hossam Abou Zeid auf der <\/span><span style=\"font-weight: bold; font-size: 14px;\">Leadership &amp; Management Kongresswoche<\/span><span style=\"font-size: 14px;\">Sharjah, Vereinigte Arabische Emirate, 2019.<\/span><\/p>\t\t\t\t\t\t\t\t<\/div>\n\t\t\t\t<\/div>\n\t\t\t\t\t<\/div>\n\t\t\t\t<\/div>\n\t\t\t\t<\/div>\n\t\t","protected":false},"excerpt":{"rendered":"<p>Webinare und Schulungen https:\/\/www.youtube.com\/watch?v=8iqxl2EXq7Y Ein Vergleichstest und eine Live-Demonstration des Verhaltens von Wasser bei der Ber\u00fchrung von Metalloberfl\u00e4chen, die mit [&hellip;]<\/p>\n","protected":false},"author":1,"featured_media":0,"parent":45237,"menu_order":0,"comment_status":"closed","ping_status":"closed","template":"","meta":{"_seopress_robots_primary_cat":"","_seopress_titles_title":"Verfilmung von Webinaren und Schulungen zu Aminen und Additiven","_seopress_titles_desc":"Sehen Sie sich die Fineamin-Webinare zu filmenden Aminen an, einschlie\u00dflich ihrer Wechselwirkung mit Metalloberfl\u00e4chen, Kesselwasseraufbereitung und Innovationen in industriellen Wassersystemen.","_seopress_robots_index":"","site-sidebar-layout":"no-sidebar","site-content-layout":"","ast-site-content-layout":"full-width-container","site-content-style":"default","site-sidebar-style":"default","ast-global-header-display":"","ast-banner-title-visibility":"","ast-main-header-display":"","ast-hfb-above-header-display":"","ast-hfb-below-header-display":"","ast-hfb-mobile-header-display":"","site-post-title":"disabled","ast-breadcrumbs-content":"","ast-featured-img":"disabled","footer-sml-layout":"","ast-disable-related-posts":"","theme-transparent-header-meta":"","adv-header-id-meta":"","stick-header-meta":"","header-above-stick-meta":"","header-main-stick-meta":"","header-below-stick-meta":"","astra-migrate-meta-layouts":"default","ast-page-background-enabled":"default","ast-page-background-meta":{"desktop":{"background-color":"var(--ast-global-color-4)","background-image":"","background-repeat":"repeat","background-position":"center center","background-size":"auto","background-attachment":"scroll","background-type":"","background-media":"","overlay-type":"","overlay-color":"","overlay-opacity":"","overlay-gradient":""},"tablet":{"background-color":"","background-image":"","background-repeat":"repeat","background-position":"center center","background-size":"auto","background-attachment":"scroll","background-type":"","background-media":"","overlay-type":"","overlay-color":"","overlay-opacity":"","overlay-gradient":""},"mobile":{"background-color":"","background-image":"","background-repeat":"repeat","background-position":"center center","background-size":"auto","background-attachment":"scroll","background-type":"","background-media":"","overlay-type":"","overlay-color":"","overlay-opacity":"","overlay-gradient":""}},"ast-content-background-meta":{"desktop":{"background-color":"var(--ast-global-color-5)","background-image":"","background-repeat":"repeat","background-position":"center center","background-size":"auto","background-attachment":"scroll","background-type":"","background-media":"","overlay-type":"","overlay-color":"","overlay-opacity":"","overlay-gradient":""},"tablet":{"background-color":"var(--ast-global-color-5)","background-image":"","background-repeat":"repeat","background-position":"center center","background-size":"auto","background-attachment":"scroll","background-type":"","background-media":"","overlay-type":"","overlay-color":"","overlay-opacity":"","overlay-gradient":""},"mobile":{"background-color":"var(--ast-global-color-5)","background-image":"","background-repeat":"repeat","background-position":"center center","background-size":"auto","background-attachment":"scroll","background-type":"","background-media":"","overlay-type":"","overlay-color":"","overlay-opacity":"","overlay-gradient":""}},"footnotes":""},"class_list":["post-39117","page","type-page","status-publish","hentry"],"_links":{"self":[{"href":"https:\/\/fineamin.com\/de\/wp-json\/wp\/v2\/pages\/39117","targetHints":{"allow":["GET"]}}],"collection":[{"href":"https:\/\/fineamin.com\/de\/wp-json\/wp\/v2\/pages"}],"about":[{"href":"https:\/\/fineamin.com\/de\/wp-json\/wp\/v2\/types\/page"}],"author":[{"embeddable":true,"href":"https:\/\/fineamin.com\/de\/wp-json\/wp\/v2\/users\/1"}],"replies":[{"embeddable":true,"href":"https:\/\/fineamin.com\/de\/wp-json\/wp\/v2\/comments?post=39117"}],"version-history":[{"count":5,"href":"https:\/\/fineamin.com\/de\/wp-json\/wp\/v2\/pages\/39117\/revisions"}],"predecessor-version":[{"id":45302,"href":"https:\/\/fineamin.com\/de\/wp-json\/wp\/v2\/pages\/39117\/revisions\/45302"}],"up":[{"embeddable":true,"href":"https:\/\/fineamin.com\/de\/wp-json\/wp\/v2\/pages\/45237"}],"wp:attachment":[{"href":"https:\/\/fineamin.com\/de\/wp-json\/wp\/v2\/media?parent=39117"}],"curies":[{"name":"wp","href":"https:\/\/api.w.org\/{rel}","templated":true}]}}