{"id":34494,"date":"2025-01-09T10:18:12","date_gmt":"2025-01-09T10:18:12","guid":{"rendered":"https:\/\/fineamin.com\/messen-von-filmbildenden-aminen-empfohlene-ueberwachungsmethoden-reagenzien-testkits\/"},"modified":"2025-11-26T10:46:34","modified_gmt":"2025-11-26T10:46:34","slug":"messen-von-filmbildenden-aminen-empfohlene-ueberwachungsmethoden-reagenzien-testkits","status":"publish","type":"page","link":"https:\/\/fineamin.com\/de\/messen-von-filmbildenden-aminen-empfohlene-ueberwachungsmethoden-reagenzien-testkits\/","title":{"rendered":"MESSEN VON FILMBILDENDEN AMINEN | Empfohlene \u00dcberwachungsmethoden: REAGENZIEN | TESTKITS"},"content":{"rendered":"\t\t<div data-elementor-type=\"wp-page\" data-elementor-id=\"34494\" class=\"elementor elementor-34494 elementor-18783\" data-elementor-post-type=\"page\">\n\t\t\t\t<div class=\"elementor-element elementor-element-1ef29a5 e-con-full e-flex e-con e-parent\" data-id=\"1ef29a5\" data-element_type=\"container\" data-e-type=\"container\" data-settings=\"{&quot;background_background&quot;:&quot;classic&quot;}\">\n\t\t\t\t<div class=\"elementor-element elementor-element-9297245 elementor-widget elementor-widget-heading\" data-id=\"9297245\" data-element_type=\"widget\" data-e-type=\"widget\" data-widget_type=\"heading.default\">\n\t\t\t\t<div class=\"elementor-widget-container\">\n\t\t\t\t\t<h1 class=\"elementor-heading-title elementor-size-default\">MESSEN VON FILMBILDENDEN AMINEN <br>Empfohlene \u00dcberwachungsmethoden: REAGENZIEN | TESTKITS<\/h1>\t\t\t\t<\/div>\n\t\t\t\t<\/div>\n\t\t\t\t<\/div>\n\t\t<div class=\"elementor-element elementor-element-20a774d e-con-full e-flex e-con e-parent\" data-id=\"20a774d\" data-element_type=\"container\" data-e-type=\"container\" data-settings=\"{&quot;background_background&quot;:&quot;classic&quot;}\">\n\t\t<div class=\"elementor-element elementor-element-5ed02bf e-flex e-con-boxed e-con e-child\" data-id=\"5ed02bf\" data-element_type=\"container\" data-e-type=\"container\">\n\t\t\t\t\t<div class=\"e-con-inner\">\n\t\t\t\t<div class=\"elementor-element elementor-element-c8b0d92 elementor-widget elementor-widget-heading\" data-id=\"c8b0d92\" data-element_type=\"widget\" data-e-type=\"widget\" data-widget_type=\"heading.default\">\n\t\t\t\t<div class=\"elementor-widget-container\">\n\t\t\t\t\t<h2 class=\"elementor-heading-title elementor-size-default\">Verfilmung von Amin-Testkits | Reagenzien<\/h2>\t\t\t\t<\/div>\n\t\t\t\t<\/div>\n\t\t\t\t<div class=\"elementor-element elementor-element-124a77c subtitle elementor-widget elementor-widget-text-editor\" data-id=\"124a77c\" data-element_type=\"widget\" data-e-type=\"widget\" data-widget_type=\"text-editor.default\">\n\t\t\t\t<div class=\"elementor-widget-container\">\n\t\t\t\t\t\t\t\t\t<p>Messung der Konzentration von Polyaminen<\/p>\t\t\t\t\t\t\t\t<\/div>\n\t\t\t\t<\/div>\n\t\t\t\t<div class=\"elementor-element elementor-element-2e11799 elementor-widget elementor-widget-text-editor\" data-id=\"2e11799\" data-element_type=\"widget\" data-e-type=\"widget\" data-widget_type=\"text-editor.default\">\n\t\t\t\t<div class=\"elementor-widget-container\">\n\t\t\t\t\t\t\t\t\t<div class=\"wpb_text_column wpb_content_element\"><div class=\"wpb_wrapper\"><p><strong>FINEAMIN,<\/strong> filmbildende Produkte auf Aminbasis, sind industrielle Wasserzus\u00e4tze, die, wenn sie kontinuierlich in das Kesselspeisewasser eingespeist werden, Metalloberfl\u00e4chen vor Korrosion und Ablagerungen sch\u00fctzen, indem sie einen d\u00fcnnen und homogenen Film im System bilden. Die filmbildende Aminkomponente wirkt als Barriere, die den potenziell korrosiven gel\u00f6sten Sauerstoff, das Kohlendioxid und die Wasserverschleppung zur\u00fcckh\u00e4lt. <\/p><p>Regelm\u00e4\u00dfige Wasseranalysen zur<strong> \u00dcberwachung der Konzentration von <a title=\"Verfilmung von Aminen\" href=\"https:\/\/fineamin.com\/film-forming-amines-corrosion-inhibitors\/\">filmbildenden Aminen<\/a> \/ FINEAMIN<\/strong> im System sind unerl\u00e4sslich, um deren ununterbrochene Pr\u00e4senz und den Schutz des gesamten Wasser-Dampf-Kondensat-Kreislaufs zu gew\u00e4hrleisten. Diese Praxis hilft auch bei der Vermeidung von \u00dcberdosierungen. <\/p><p>Der Nachweis von \u00fcbersch\u00fcssigen Polyaminen \/ <strong>FINEAMIN<\/strong> im System erfolgt in der Regel durch Zugabe eines reaktiven Mittels zu den Wasserproben, das mit den Aminen in Wechselwirkung tritt. Die Ergebnisse werden dann mit einem Spektralphotometer ausgewertet. In Ermangelung eines Spektralphotometers sind tragbare, visuelle Testkits erh\u00e4ltlich.  <\/p><p><strong>WICHTIG:<\/strong> Alle im Folgenden genannten verf\u00fcgbaren Methoden zur Bestimmung der Polyaminkonzentration<strong> wurden mit FINEAMIN-Produkten getestet.<\/strong><\/p><\/div><\/div>\t\t\t\t\t\t\t\t<\/div>\n\t\t\t\t<\/div>\n\t\t\t\t\t<\/div>\n\t\t\t\t<\/div>\n\t\t\t\t<\/div>\n\t\t<div class=\"elementor-element elementor-element-d7866ea e-grid e-con-boxed e-con e-parent\" data-id=\"d7866ea\" data-element_type=\"container\" data-e-type=\"container\">\n\t\t\t\t\t<div class=\"e-con-inner\">\n\t\t\t\t<div class=\"elementor-element elementor-element-c67e2ce elementor-widget elementor-widget-image\" data-id=\"c67e2ce\" data-element_type=\"widget\" data-e-type=\"widget\" data-widget_type=\"image.default\">\n\t\t\t\t<div class=\"elementor-widget-container\">\n\t\t\t\t\t\t\t\t\t\t\t\t\t\t\t<img fetchpriority=\"high\" decoding=\"async\" width=\"467\" height=\"311\" src=\"https:\/\/fineamin.com\/wp-content\/uploads\/2025\/07\/Fineamin-Reagents.jpg\" class=\"attachment-large size-large wp-image-27979\" alt=\"Fineamin Reagents for Measuring Film Forming Amines\" srcset=\"https:\/\/fineamin.com\/wp-content\/uploads\/2025\/07\/Fineamin-Reagents.jpg 467w, https:\/\/fineamin.com\/wp-content\/uploads\/2025\/07\/Fineamin-Reagents-300x200.jpg 300w\" sizes=\"(max-width: 467px) 100vw, 467px\" \/>\t\t\t\t\t\t\t\t\t\t\t\t\t\t\t<\/div>\n\t\t\t\t<\/div>\n\t\t\t\t<div class=\"elementor-element elementor-element-ad6351b elementor-widget elementor-widget-image\" data-id=\"ad6351b\" data-element_type=\"widget\" data-e-type=\"widget\" data-widget_type=\"image.default\">\n\t\t\t\t<div class=\"elementor-widget-container\">\n\t\t\t\t\t\t\t\t\t\t\t\t\t\t\t<img decoding=\"async\" width=\"467\" height=\"311\" src=\"https:\/\/fineamin.com\/wp-content\/uploads\/2025\/01\/Picture3.jpg\" class=\"attachment-large size-large wp-image-18802\" alt=\"Heyl Test Kit\" srcset=\"https:\/\/fineamin.com\/wp-content\/uploads\/2025\/01\/Picture3.jpg 467w, https:\/\/fineamin.com\/wp-content\/uploads\/2025\/01\/Picture3-300x200.jpg 300w\" sizes=\"(max-width: 467px) 100vw, 467px\" \/>\t\t\t\t\t\t\t\t\t\t\t\t\t\t\t<\/div>\n\t\t\t\t<\/div>\n\t\t\t\t<div class=\"elementor-element elementor-element-33e1059 elementor-widget elementor-widget-image\" data-id=\"33e1059\" data-element_type=\"widget\" data-e-type=\"widget\" data-widget_type=\"image.default\">\n\t\t\t\t<div class=\"elementor-widget-container\">\n\t\t\t\t\t\t\t\t\t\t\t\t\t\t\t<img decoding=\"async\" width=\"467\" height=\"311\" src=\"https:\/\/fineamin.com\/wp-content\/uploads\/2025\/07\/Hach-Reagents.jpg\" class=\"attachment-large size-large wp-image-27973\" alt=\"Hach Reagents\" srcset=\"https:\/\/fineamin.com\/wp-content\/uploads\/2025\/07\/Hach-Reagents.jpg 467w, https:\/\/fineamin.com\/wp-content\/uploads\/2025\/07\/Hach-Reagents-300x200.jpg 300w\" sizes=\"(max-width: 467px) 100vw, 467px\" \/>\t\t\t\t\t\t\t\t\t\t\t\t\t\t\t<\/div>\n\t\t\t\t<\/div>\n\t\t\t\t<div class=\"elementor-element elementor-element-e53f628 elementor-widget elementor-widget-image\" data-id=\"e53f628\" data-element_type=\"widget\" data-e-type=\"widget\" data-widget_type=\"image.default\">\n\t\t\t\t<div class=\"elementor-widget-container\">\n\t\t\t\t\t\t\t\t\t\t\t\t\t\t\t<img loading=\"lazy\" decoding=\"async\" width=\"467\" height=\"311\" src=\"https:\/\/fineamin.com\/wp-content\/uploads\/2025\/01\/Picture355.jpg\" class=\"attachment-large size-large wp-image-18797\" alt=\"Methyl Orange Test Kit\" srcset=\"https:\/\/fineamin.com\/wp-content\/uploads\/2025\/01\/Picture355.jpg 467w, https:\/\/fineamin.com\/wp-content\/uploads\/2025\/01\/Picture355-300x200.jpg 300w\" sizes=\"(max-width: 467px) 100vw, 467px\" \/>\t\t\t\t\t\t\t\t\t\t\t\t\t\t\t<\/div>\n\t\t\t\t<\/div>\n\t\t\t\t\t<\/div>\n\t\t\t\t<\/div>\n\t\t<div class=\"elementor-element elementor-element-49b1ebc e-grid e-con-full e-con e-parent\" data-id=\"49b1ebc\" data-element_type=\"container\" data-e-type=\"container\" data-settings=\"{&quot;background_background&quot;:&quot;classic&quot;}\">\n\t\t\t\t<div class=\"elementor-element elementor-element-7d47de1 elementor-widget elementor-widget-text-editor\" data-id=\"7d47de1\" data-element_type=\"widget\" data-e-type=\"widget\" data-widget_type=\"text-editor.default\">\n\t\t\t\t<div class=\"elementor-widget-container\">\n\t\t\t\t\t\t\t\t\t<div class=\"wpb_text_column wpb_content_element\"><h3 class=\"elementor-heading-title elementor-size-default elementor-inline-editing pen\" contenteditable=\"true\" spellcheck=\"false\" data-elementor-setting-key=\"title\" data-pen-placeholder=\"Type Here...\" data-ms-editor=\"true\">Polyamin 565<\/h3><div class=\"wpb_wrapper\"><ul><li><strong>LABORANALYSEN<\/strong><\/li><\/ul><p>Hochempfindliche Testreagenzien, die die einfachste M\u00f6glichkeit bieten, die <a title=\"Wasseraufbereitung\" href=\"https:\/\/fineaminchemicals.com\/\"><strong>Wasseraufbereitung<\/strong><\/a> und die Bestimmung des Polyamin\u00fcberschusses mit Hilfe eines Spektralphotometers. Wenden Sie sich an uns, um weitere Informationen \u00fcber die Einstellung Ihres Spektralphotometers f\u00fcr die Reagenzien, die Kalibrierungskurve und andere Anweisungen zu erhalten. <\/p><\/div><\/div>\t\t\t\t\t\t\t\t<\/div>\n\t\t\t\t<\/div>\n\t\t\t\t<div class=\"elementor-element elementor-element-7daabbf elementor-widget elementor-widget-text-editor\" data-id=\"7daabbf\" data-element_type=\"widget\" data-e-type=\"widget\" data-widget_type=\"text-editor.default\">\n\t\t\t\t<div class=\"elementor-widget-container\">\n\t\t\t\t\t\t\t\t\t<div><div><div><div><h3 class=\"elementor-heading-title elementor-size-default elementor-inline-editing pen\" contenteditable=\"true\" spellcheck=\"false\" data-elementor-setting-key=\"title\" data-pen-placeholder=\"Type Here...\" data-ms-editor=\"true\">Hach-Methode<\/h3><ul><li><strong>LABORANALYSEN<\/strong><\/li><\/ul><p>Diese Methode ist technisch empfindlich. Mit dem Kit Filmbildende Amine von Hach k\u00f6nnen Sie FFA-Produkte mit den Spektralphotometern DR3900 und DR6000 von Hach testen. Er bietet die h\u00f6chste Genauigkeit bei niedrigeren Konzentrationen, insbesondere bei Messungen in Hochdruckkesselanlagen (Reinstwasser).  <\/p><\/div><\/div><\/div><\/div>\t\t\t\t\t\t\t\t<\/div>\n\t\t\t\t<\/div>\n\t\t\t\t<div class=\"elementor-element elementor-element-ea33bc5 elementor-widget elementor-widget-text-editor\" data-id=\"ea33bc5\" data-element_type=\"widget\" data-e-type=\"widget\" data-widget_type=\"text-editor.default\">\n\t\t\t\t<div class=\"elementor-widget-container\">\n\t\t\t\t\t\t\t\t\t<h3 class=\"elementor-heading-title elementor-size-default elementor-inline-editing pen\" contenteditable=\"true\" spellcheck=\"false\" data-elementor-setting-key=\"title\" data-pen-placeholder=\"Type Here...\" data-ms-editor=\"true\">Heyl Test Kit<\/h3>\n<ul>\n<li><strong>&nbsp;FELDPR\u00dcFUNG<\/strong><\/li>\n<\/ul>\n<p>Feldtestkit zur Bestimmung der Polyaminkonzentration in Kreislaufwasser. Die Wasseranalysen k\u00f6nnen \u00fcberall vor Ort durchgef\u00fchrt werden. Ein solches Kit ist sehr schnell und preiswert. Die Genauigkeit ist eher qualitativ als quantitativ, aber es ist schwieriger, das Ergebnis zu interpretieren als im Fall von Rose Bengal.   <\/p>\t\t\t\t\t\t\t\t<\/div>\n\t\t\t\t<\/div>\n\t\t\t\t<div class=\"elementor-element elementor-element-34bb0e9 elementor-widget elementor-widget-text-editor\" data-id=\"34bb0e9\" data-element_type=\"widget\" data-e-type=\"widget\" data-widget_type=\"text-editor.default\">\n\t\t\t\t<div class=\"elementor-widget-container\">\n\t\t\t\t\t\t\t\t\t<h3 class=\"elementor-heading-title elementor-size-default elementor-inline-editing pen\" contenteditable=\"true\" spellcheck=\"false\" data-elementor-setting-key=\"title\" data-pen-placeholder=\"Type Here...\" data-ms-editor=\"true\">CHEMets\u00ae Testsatz  <\/h3><ul><li><strong>FELDPR\u00dcFUNG<\/strong><\/li><\/ul><p>Es verwendet die Standard-Methylorange-Chemie. Die Analysen k\u00f6nnen \u00fcberall vor Ort durchgef\u00fchrt werden und sind wesentlich einfacher und schneller zu interpretieren als beim Heyl-Testkit. Die filmende Aminverbindung reagiert mit Methylorange und bildet einen gelb gef\u00e4rbten Komplex, der in ein nicht mischbares organisches L\u00f6sungsmittel extrahiert wird.  <\/p>\t\t\t\t\t\t\t\t<\/div>\n\t\t\t\t<\/div>\n\t\t\t\t<\/div>\n\t\t<div class=\"elementor-element elementor-element-2c15289 e-grid e-con-boxed e-con e-parent\" data-id=\"2c15289\" data-element_type=\"container\" data-e-type=\"container\" data-settings=\"{&quot;background_background&quot;:&quot;classic&quot;}\">\n\t\t\t\t\t<div class=\"e-con-inner\">\n\t\t\t\t<div class=\"elementor-element elementor-element-6568344 elementor-widget elementor-widget-text-editor\" data-id=\"6568344\" data-element_type=\"widget\" data-e-type=\"widget\" data-widget_type=\"text-editor.default\">\n\t\t\t\t<div class=\"elementor-widget-container\">\n\t\t\t\t\t\t\t\t\t<div class=\"wpb_text_column wpb_content_element\"><div class=\"wpb_wrapper\"><ul><li><strong>Enth\u00e4lt:<\/strong> Reagenz 1 (500 ml), Reagenz 2 (500 ml);<\/li><li><strong>Messzeit:<\/strong> &lt; 15 Minuten;<\/li><li><strong>Aufl\u00f6sung:<\/strong> \u00b110 ppb;<\/li><li><b>Hersteller:<\/b> CWB Deutschland.<\/li><\/ul><\/div><\/div>\t\t\t\t\t\t\t\t<\/div>\n\t\t\t\t<\/div>\n\t\t\t\t<div class=\"elementor-element elementor-element-642dd55 elementor-widget elementor-widget-text-editor\" data-id=\"642dd55\" data-element_type=\"widget\" data-e-type=\"widget\" data-widget_type=\"text-editor.default\">\n\t\t\t\t<div class=\"elementor-widget-container\">\n\t\t\t\t\t\t\t\t\t<div class=\"wpb_text_column wpb_content_element\"><div class=\"wpb_wrapper\"><div class=\"wpb_text_column wpb_content_element\"><div class=\"wpb_wrapper\"><ul><li><strong>Enth\u00e4lt:<\/strong> Reagenz 1 (100 ml), Reagenz 2 (100 ml);<\/li><li><strong>Messzeit:<\/strong> &lt; 10 Minuten;<\/li><li><strong>Aufl\u00f6sung:<\/strong> H\u00f6chste Genauigkeit: \u00b110 ppb , Bereich 0,020 mg\/L &#8211; 3,000 mg\/L;<\/li><li><strong>Hersteller<\/strong>: HACH Lange.<\/li><\/ul><\/div><\/div><\/div><\/div>\t\t\t\t\t\t\t\t<\/div>\n\t\t\t\t<\/div>\n\t\t\t\t<div class=\"elementor-element elementor-element-e2be3bc elementor-widget elementor-widget-text-editor\" data-id=\"e2be3bc\" data-element_type=\"widget\" data-e-type=\"widget\" data-widget_type=\"text-editor.default\">\n\t\t\t\t<div class=\"elementor-widget-container\">\n\t\t\t\t\t\t\t\t\t<div class=\"wpb_text_column wpb_content_element\"><div class=\"wpb_wrapper\"><div class=\"wpb_text_column wpb_content_element\"><div class=\"wpb_wrapper\"><ul><li><strong>Enth\u00e4lt:<\/strong> Reagenz 1, Reagenz 2, Reagenz 3, Titration;<\/li><li><strong>Messzeit:<\/strong> 3 Minuten;<\/li><li><strong>Aufl\u00f6sung:<\/strong> 1 mg\/l;<\/li><li><strong>Hersteller<\/strong>: Heyl.<\/li><\/ul><\/div><\/div><\/div><\/div>\t\t\t\t\t\t\t\t<\/div>\n\t\t\t\t<\/div>\n\t\t\t\t<div class=\"elementor-element elementor-element-6b06bf6 elementor-widget elementor-widget-text-editor\" data-id=\"6b06bf6\" data-element_type=\"widget\" data-e-type=\"widget\" data-widget_type=\"text-editor.default\">\n\t\t\t\t<div class=\"elementor-widget-container\">\n\t\t\t\t\t\t\t\t\t<div class=\"wpb_text_column wpb_content_element\"><div class=\"wpb_wrapper\"><div class=\"wpb_text_column wpb_content_element\"><div class=\"wpb_wrapper\"><ul><li><strong>Enth\u00e4lt:<\/strong> Mine, Komparator, Reaktionsr\u00f6hrchen mit Deckel, Spitzenbrecher;<\/li><li><strong>Messzeit:<\/strong> 3 Minuten;<\/li><li> <strong>Aufl\u00f6sung:<\/strong> 1 mg\/l;<\/li><li><strong>Hersteller:<\/strong> Aquaphoenix US.<\/li><\/ul><\/div><\/div><\/div><\/div>\t\t\t\t\t\t\t\t<\/div>\n\t\t\t\t<\/div>\n\t\t\t\t\t<\/div>\n\t\t\t\t<\/div>\n\t\t<div class=\"elementor-element elementor-element-0918343 e-grid e-con-boxed e-con e-parent\" data-id=\"0918343\" data-element_type=\"container\" data-e-type=\"container\" data-settings=\"{&quot;background_background&quot;:&quot;classic&quot;}\">\n\t\t\t\t\t<div class=\"e-con-inner\">\n\t\t\t\t<div class=\"elementor-element elementor-element-b1863f3 elementor-align-justify elementor-mobile-align-center elementor-widget__width-inherit elementor-widget elementor-widget-button\" data-id=\"b1863f3\" data-element_type=\"widget\" data-e-type=\"widget\" data-widget_type=\"button.default\">\n\t\t\t\t<div class=\"elementor-widget-container\">\n\t\t\t\t\t\t\t\t\t<div class=\"elementor-button-wrapper\">\n\t\t\t\t\t<a class=\"elementor-button elementor-size-sm\" role=\"button\">\n\t\t\t\t\t\t<span class=\"elementor-button-content-wrapper\">\n\t\t\t\t\t\t<span class=\"elementor-button-icon\">\n\t\t\t\t<svg aria-hidden=\"true\" class=\"e-font-icon-svg e-fas-flask\" viewBox=\"0 0 448 512\" xmlns=\"http:\/\/www.w3.org\/2000\/svg\"><path d=\"M437.2 403.5L320 215V64h8c13.3 0 24-10.7 24-24V24c0-13.3-10.7-24-24-24H120c-13.3 0-24 10.7-24 24v16c0 13.3 10.7 24 24 24h8v151L10.8 403.5C-18.5 450.6 15.3 512 70.9 512h306.2c55.7 0 89.4-61.5 60.1-108.5zM137.9 320l48.2-77.6c3.7-5.2 5.8-11.6 5.8-18.4V64h64v160c0 6.9 2.2 13.2 5.8 18.4l48.2 77.6h-172z\"><\/path><\/svg>\t\t\t<\/span>\n\t\t\t\t\t\t\t\t\t<span class=\"elementor-button-text\">  Gesch\u00e4tzte Analysen: 500<\/span>\n\t\t\t\t\t<\/span>\n\t\t\t\t\t<\/a>\n\t\t\t\t<\/div>\n\t\t\t\t\t\t\t\t<\/div>\n\t\t\t\t<\/div>\n\t\t\t\t<div class=\"elementor-element elementor-element-768eeb8 elementor-align-justify elementor-mobile-align-center elementor-widget__width-inherit elementor-widget elementor-widget-button\" data-id=\"768eeb8\" data-element_type=\"widget\" data-e-type=\"widget\" data-widget_type=\"button.default\">\n\t\t\t\t<div class=\"elementor-widget-container\">\n\t\t\t\t\t\t\t\t\t<div class=\"elementor-button-wrapper\">\n\t\t\t\t\t<a class=\"elementor-button elementor-size-sm\" role=\"button\">\n\t\t\t\t\t\t<span class=\"elementor-button-content-wrapper\">\n\t\t\t\t\t\t<span class=\"elementor-button-icon\">\n\t\t\t\t<svg aria-hidden=\"true\" class=\"e-font-icon-svg e-fas-flask\" viewBox=\"0 0 448 512\" xmlns=\"http:\/\/www.w3.org\/2000\/svg\"><path d=\"M437.2 403.5L320 215V64h8c13.3 0 24-10.7 24-24V24c0-13.3-10.7-24-24-24H120c-13.3 0-24 10.7-24 24v16c0 13.3 10.7 24 24 24h8v151L10.8 403.5C-18.5 450.6 15.3 512 70.9 512h306.2c55.7 0 89.4-61.5 60.1-108.5zM137.9 320l48.2-77.6c3.7-5.2 5.8-11.6 5.8-18.4V64h64v160c0 6.9 2.2 13.2 5.8 18.4l48.2 77.6h-172z\"><\/path><\/svg>\t\t\t<\/span>\n\t\t\t\t\t\t\t\t\t<span class=\"elementor-button-text\">  Gesch\u00e4tzte Analysen: 100<\/span>\n\t\t\t\t\t<\/span>\n\t\t\t\t\t<\/a>\n\t\t\t\t<\/div>\n\t\t\t\t\t\t\t\t<\/div>\n\t\t\t\t<\/div>\n\t\t\t\t<div class=\"elementor-element elementor-element-5a16eeb elementor-align-justify elementor-mobile-align-center elementor-widget__width-inherit elementor-widget elementor-widget-button\" data-id=\"5a16eeb\" data-element_type=\"widget\" data-e-type=\"widget\" data-widget_type=\"button.default\">\n\t\t\t\t<div class=\"elementor-widget-container\">\n\t\t\t\t\t\t\t\t\t<div class=\"elementor-button-wrapper\">\n\t\t\t\t\t<a class=\"elementor-button elementor-size-sm\" role=\"button\">\n\t\t\t\t\t\t<span class=\"elementor-button-content-wrapper\">\n\t\t\t\t\t\t<span class=\"elementor-button-icon\">\n\t\t\t\t<svg aria-hidden=\"true\" class=\"e-font-icon-svg e-fas-flask\" viewBox=\"0 0 448 512\" xmlns=\"http:\/\/www.w3.org\/2000\/svg\"><path d=\"M437.2 403.5L320 215V64h8c13.3 0 24-10.7 24-24V24c0-13.3-10.7-24-24-24H120c-13.3 0-24 10.7-24 24v16c0 13.3 10.7 24 24 24h8v151L10.8 403.5C-18.5 450.6 15.3 512 70.9 512h306.2c55.7 0 89.4-61.5 60.1-108.5zM137.9 320l48.2-77.6c3.7-5.2 5.8-11.6 5.8-18.4V64h64v160c0 6.9 2.2 13.2 5.8 18.4l48.2 77.6h-172z\"><\/path><\/svg>\t\t\t<\/span>\n\t\t\t\t\t\t\t\t\t<span class=\"elementor-button-text\">Gesch\u00e4tzte Analysen: 100<\/span>\n\t\t\t\t\t<\/span>\n\t\t\t\t\t<\/a>\n\t\t\t\t<\/div>\n\t\t\t\t\t\t\t\t<\/div>\n\t\t\t\t<\/div>\n\t\t\t\t<div class=\"elementor-element elementor-element-b411a3f elementor-align-justify elementor-mobile-align-center elementor-widget__width-inherit elementor-widget elementor-widget-button\" data-id=\"b411a3f\" data-element_type=\"widget\" data-e-type=\"widget\" data-widget_type=\"button.default\">\n\t\t\t\t<div class=\"elementor-widget-container\">\n\t\t\t\t\t\t\t\t\t<div class=\"elementor-button-wrapper\">\n\t\t\t\t\t<a class=\"elementor-button elementor-size-sm\" role=\"button\">\n\t\t\t\t\t\t<span class=\"elementor-button-content-wrapper\">\n\t\t\t\t\t\t<span class=\"elementor-button-icon\">\n\t\t\t\t<svg aria-hidden=\"true\" class=\"e-font-icon-svg e-fas-flask\" viewBox=\"0 0 448 512\" xmlns=\"http:\/\/www.w3.org\/2000\/svg\"><path d=\"M437.2 403.5L320 215V64h8c13.3 0 24-10.7 24-24V24c0-13.3-10.7-24-24-24H120c-13.3 0-24 10.7-24 24v16c0 13.3 10.7 24 24 24h8v151L10.8 403.5C-18.5 450.6 15.3 512 70.9 512h306.2c55.7 0 89.4-61.5 60.1-108.5zM137.9 320l48.2-77.6c3.7-5.2 5.8-11.6 5.8-18.4V64h64v160c0 6.9 2.2 13.2 5.8 18.4l48.2 77.6h-172z\"><\/path><\/svg>\t\t\t<\/span>\n\t\t\t\t\t\t\t\t\t<span class=\"elementor-button-text\">  Gesch\u00e4tzte Analysen: 20<\/span>\n\t\t\t\t\t<\/span>\n\t\t\t\t\t<\/a>\n\t\t\t\t<\/div>\n\t\t\t\t\t\t\t\t<\/div>\n\t\t\t\t<\/div>\n\t\t\t\t\t<\/div>\n\t\t\t\t<\/div>\n\t\t\t\t<\/div>\n\t\t","protected":false},"excerpt":{"rendered":"<p>MESSEN VON FILMBILDENDEN AMINEN Empfohlene \u00dcberwachungsmethoden: REAGENZIEN | TESTKITS Verfilmung von Amin-Testkits | Reagenzien Messung der Konzentration von Polyaminen FINEAMIN, [&hellip;]<\/p>\n","protected":false},"author":1,"featured_media":0,"parent":0,"menu_order":0,"comment_status":"closed","ping_status":"closed","template":"","meta":{"_seopress_robots_primary_cat":"","_seopress_titles_title":"REAGENZIEN | TEST KITS | Fineamin SWISS Chemicals","_seopress_titles_desc":"Erfahren Sie, wie FINEAMIN filmbildende Amine Systeme vor Korrosion und Ablagerungen sch\u00fctzen und durch regelm\u00e4\u00dfige Tests eine \u00dcberdosierung vermeiden.","_seopress_robots_index":"","site-sidebar-layout":"no-sidebar","site-content-layout":"","ast-site-content-layout":"full-width-container","site-content-style":"default","site-sidebar-style":"default","ast-global-header-display":"","ast-banner-title-visibility":"","ast-main-header-display":"","ast-hfb-above-header-display":"","ast-hfb-below-header-display":"","ast-hfb-mobile-header-display":"","site-post-title":"disabled","ast-breadcrumbs-content":"","ast-featured-img":"disabled","footer-sml-layout":"","ast-disable-related-posts":"","theme-transparent-header-meta":"","adv-header-id-meta":"","stick-header-meta":"","header-above-stick-meta":"","header-main-stick-meta":"","header-below-stick-meta":"","astra-migrate-meta-layouts":"default","ast-page-background-enabled":"default","ast-page-background-meta":{"desktop":{"background-color":"var(--ast-global-color-4)","background-image":"","background-repeat":"repeat","background-position":"center center","background-size":"auto","background-attachment":"scroll","background-type":"","background-media":"","overlay-type":"","overlay-color":"","overlay-opacity":"","overlay-gradient":""},"tablet":{"background-color":"","background-image":"","background-repeat":"repeat","background-position":"center center","background-size":"auto","background-attachment":"scroll","background-type":"","background-media":"","overlay-type":"","overlay-color":"","overlay-opacity":"","overlay-gradient":""},"mobile":{"background-color":"","background-image":"","background-repeat":"repeat","background-position":"center center","background-size":"auto","background-attachment":"scroll","background-type":"","background-media":"","overlay-type":"","overlay-color":"","overlay-opacity":"","overlay-gradient":""}},"ast-content-background-meta":{"desktop":{"background-color":"var(--ast-global-color-5)","background-image":"","background-repeat":"repeat","background-position":"center center","background-size":"auto","background-attachment":"scroll","background-type":"","background-media":"","overlay-type":"","overlay-color":"","overlay-opacity":"","overlay-gradient":""},"tablet":{"background-color":"var(--ast-global-color-5)","background-image":"","background-repeat":"repeat","background-position":"center center","background-size":"auto","background-attachment":"scroll","background-type":"","background-media":"","overlay-type":"","overlay-color":"","overlay-opacity":"","overlay-gradient":""},"mobile":{"background-color":"var(--ast-global-color-5)","background-image":"","background-repeat":"repeat","background-position":"center center","background-size":"auto","background-attachment":"scroll","background-type":"","background-media":"","overlay-type":"","overlay-color":"","overlay-opacity":"","overlay-gradient":""}},"footnotes":""},"class_list":["post-34494","page","type-page","status-publish","hentry"],"_links":{"self":[{"href":"https:\/\/fineamin.com\/de\/wp-json\/wp\/v2\/pages\/34494","targetHints":{"allow":["GET"]}}],"collection":[{"href":"https:\/\/fineamin.com\/de\/wp-json\/wp\/v2\/pages"}],"about":[{"href":"https:\/\/fineamin.com\/de\/wp-json\/wp\/v2\/types\/page"}],"author":[{"embeddable":true,"href":"https:\/\/fineamin.com\/de\/wp-json\/wp\/v2\/users\/1"}],"replies":[{"embeddable":true,"href":"https:\/\/fineamin.com\/de\/wp-json\/wp\/v2\/comments?post=34494"}],"version-history":[{"count":1,"href":"https:\/\/fineamin.com\/de\/wp-json\/wp\/v2\/pages\/34494\/revisions"}],"predecessor-version":[{"id":34495,"href":"https:\/\/fineamin.com\/de\/wp-json\/wp\/v2\/pages\/34494\/revisions\/34495"}],"wp:attachment":[{"href":"https:\/\/fineamin.com\/de\/wp-json\/wp\/v2\/media?parent=34494"}],"curies":[{"name":"wp","href":"https:\/\/api.w.org\/{rel}","templated":true}]}}